{"id":21,"date":"2019-12-05T10:09:04","date_gmt":"2019-12-05T10:09:04","guid":{"rendered":"http:\/\/lovenetwork.wordpress.hull.ac.uk\/?page_id=21"},"modified":"2025-01-16T17:47:40","modified_gmt":"2025-01-16T17:47:40","slug":"events","status":"publish","type":"page","link":"https:\/\/sites.dundee.ac.uk\/loveresearchnetwork\/events\/","title":{"rendered":"Events"},"content":{"rendered":"<div id=\"content\">\n<div class=\"post\">\n<h2>2025 events<\/h2>\n<\/div>\n<div data-olk-copy-source=\"MessageBody\">Contemporary Women\u2019s Writing Association Annual Conference<\/div>\n<div>Wednesday 18th\u00a0June 2025 to Friday 20th\u00a0June 2025<\/div>\n<div>Falmouth University, UK &#8212; <em>in partnership with the Love Research Network<\/em><\/div>\n<div aria-hidden=\"true\"><\/div>\n<div>The Contemporary Women\u2019s Writing Association\u2019s 2025 conference will be an interdisciplinary and global exploration of the role and impact of women\u2019s writing. This conference is dedicated to the discussion of a broad range of women\u2019s writing, including the popular and the literary; bestsellers and genres; romance and relationships; erotica and pornography; poetry and prose; screen and script; writing for games and digital spaces; creative non-fiction; life-writing, biography, and memoir; and journalism and other forms of cultural production.<\/div>\n<div>We will be thinking and talking about women\u2019s voices and artistic practices; forms and mediums; representing the past and writing the future; textual and sexual politics; resistance and re-imaginings; interventions and intersections; writing as activism; and all of this across a wide range of disciplines, time periods, and texts.<\/div>\n<div>We will also be offering, and accepting proposals for, a variety of workshops for ECRs\/PhDs, as well as on publishing, careers, and practice.<\/div>\n<div>We hope you will join us for this exciting event, which will bring together scholars, researchers, students, and enthusiasts to share their research, insights, and perspectives in an open and inclusive atmosphere. We welcome submissions for individual twenty-minute papers as well as for full panels and workshops. Subjects can include (but are not bound by):<\/div>\n<div>\u00b7\u00a0\u00a0\u00a0\u00a0\u00a0\u00a0 Bonkbusters, Romance, and Erotica<\/div>\n<div>\u00b7\u00a0\u00a0\u00a0\u00a0\u00a0\u00a0 The pre- and post-#MeToo landscape<\/div>\n<div>\u00b7\u00a0\u00a0\u00a0\u00a0\u00a0\u00a0 Depicting love and relationships<\/div>\n<div>\u00b7\u00a0\u00a0\u00a0\u00a0\u00a0\u00a0 Women\u2019s writing and pleasure<\/div>\n<div>\u00b7\u00a0\u00a0\u00a0\u00a0\u00a0\u00a0 Race, class, gender, and resistance<\/div>\n<div>\u00b7\u00a0\u00a0\u00a0\u00a0\u00a0\u00a0 Activism and protest; freedoms and oppression<\/div>\n<div>\u00b7\u00a0\u00a0\u00a0\u00a0\u00a0\u00a0 Writing technologies<\/div>\n<div>\u00b7\u00a0\u00a0\u00a0\u00a0\u00a0\u00a0 Women writing sex for the screen<\/div>\n<div>\u00b7\u00a0\u00a0\u00a0\u00a0\u00a0\u00a0 Representing sex and sexualities<\/div>\n<div>\u00b7\u00a0\u00a0\u00a0\u00a0\u00a0\u00a0 Women\u2019s writing on page, stage, and screen<\/div>\n<div>\u00b7\u00a0\u00a0\u00a0\u00a0\u00a0\u00a0 The poetics of women\u2019s writing<\/div>\n<div>\u00b7\u00a0\u00a0\u00a0\u00a0\u00a0\u00a0 Creative practices and performance<\/div>\n<div>\u00b7\u00a0\u00a0\u00a0\u00a0\u00a0\u00a0 Bestsellers and the popular<\/div>\n<div>\u00b7\u00a0\u00a0\u00a0\u00a0\u00a0\u00a0 Cultural, historical, and social contexts<\/div>\n<div>\u00b7\u00a0\u00a0\u00a0\u00a0\u00a0\u00a0 Reframing history and envisioning futures<\/div>\n<div>\u00b7\u00a0\u00a0\u00a0\u00a0\u00a0\u00a0 Traditional and digital forms of women\u2019s writing<\/div>\n<div>\u00b7\u00a0\u00a0\u00a0\u00a0\u00a0\u00a0 Autoethnography and authorship; memory and memorialisation<\/div>\n<div>\u00b7\u00a0\u00a0\u00a0\u00a0\u00a0\u00a0 The figure of the female author: celebrity, fans, and representations<\/div>\n<div>\u00b7\u00a0\u00a0\u00a0\u00a0\u00a0\u00a0 Intersectionality and dualities<\/div>\n<div>\u00b7\u00a0\u00a0\u00a0\u00a0\u00a0\u00a0 Women in and writing games<\/div>\n<div>\u00b7\u00a0\u00a0\u00a0\u00a0\u00a0\u00a0 Multicultural approaches and practices<\/div>\n<div aria-hidden=\"true\"><\/div>\n<div><b>Submissions:<\/b><\/div>\n<div>Proposals should include a title, an abstract of 250\u2013300 words, a brief biographical note (up to 100 words), and contact details. Panel proposals are very welcome.<\/div>\n<div>Please submit your proposals in a Word document to the team at\u00a0<u><a id=\"OWA5f03ea73-aab2-05c8-20e5-5305b113fd18\" class=\"x_OWAAutoLink\" title=\"mailto:info.cwwaconference@gmail.com\" href=\"mailto:info.cwwaconference@gmail.com\" data-linkindex=\"1\">info.cwwaconference@gmail.com<\/a><\/u>\u00a0by\u00a0<b>31st\u00a0January 2025.<\/b>\u00a0We encourage submissions from scholars at all stages of their careers, including early career researchers, and postgraduate students. Interdisciplinary approaches and innovative methodologies are welcome.<\/div>\n<div class=\"post\">\n<h2><\/h2>\n<h2>2024 events<\/h2>\n<blockquote>\n<div dir=\"ltr\">\n<div>\n<div dir=\"ltr\" data-setdir=\"false\">\n<div><strong>Sex, Scandal, and Sensation<\/strong><br aria-hidden=\"true\" \/><strong>Tuesday 2 July 2024 to Thursday 4 July 2024<\/strong><br aria-hidden=\"true\" \/><strong>Falmouth University, UK, in partnership with City University, Hong Kong<\/strong><br aria-hidden=\"true\" \/><br aria-hidden=\"true\" \/><br aria-hidden=\"true\" \/>Sex, Scandal, and Sensation is an interdisciplinary and global exploration of the role and impact of the sensational, the scandalous, and the sexual in literature, film, television, gaming, and other forms of cultural production. The conference is dedicated to the discussion of a broad range of genres and sub-genres, including Romance, Erotica, and Pornographies; Bestsellers, Blockbusters, and Bonkbusters; Sensation Fiction and the Sensational Press; Crime Fiction and True Crime narratives; Shilling Shockers, Penny Dreadfuls and the Pulps; the Gothic in both traditional and modern forms; Thrillers on both page and screen; Soap Operas and Shocking Theatre; RPG and Digital storytelling; and other genres and forms that both rely on the scandal, sensation, and sex for their effects, and explore its effects on us.<br aria-hidden=\"true\" \/>Taking place in the bicentenary of the birth of Wilkie Collins, the godfather of Sensation Fiction, and amidst Simon &amp; Schuster\u2019s ongoing reissue of the entire catalogue of the so-called \u2018Queen of Trash\u2019 and powerful feminist icon Jackie Collins, this conference celebrates, exposes, and interrogates the boundaries and depths of popular, and not so popular, culture and real-world events. We will be thinking and talking about affect and its effects, about public outrage and private shame, about censorship and permissiveness, about lawsuits and love affairs, about the market and its imperatives, about aesthetics and morality, and all of this across a wide range of disciplines, mediums, time periods, and texts.<br aria-hidden=\"true\" \/>We hope you will join us for the exciting event, which will bring together scholars, researchers, students, and enthusiasts to share their research, insights, and perspectives in an open and inclusive atmosphere. We welcome submissions for individual twenty-minute papers as well as for full panels exploring sex, scandal, and sensation. Subjects can include (but are not bound by):<br aria-hidden=\"true\" \/>\u2022 The portrayal and evolution of sex, scandal, and sensation across different periods and genres<br aria-hidden=\"true\" \/>\u2022 The role of sensation in bestsellers and popular literature<br aria-hidden=\"true\" \/>\u2022 The portrayal of desire, sex, and consent in global Romantic Fictions<br aria-hidden=\"true\" \/>\u2022 The ways in which scandal and sensation are used to challenge or reinforce social norms<br aria-hidden=\"true\" \/>\u2022 Creating the sensational on screen<br aria-hidden=\"true\" \/>\u2022 Navigating consent on screen<br aria-hidden=\"true\" \/>\u2022 Real world scandals and fictional sensation<br aria-hidden=\"true\" \/>\u2022 Landscape of sensation, the scandalous, and the traumatic<br aria-hidden=\"true\" \/>\u2022 Navigating sex and sexualities in traditional and digital forms<br aria-hidden=\"true\" \/>\u2022 Interactive digital romance in visual novels and dating simulators<br aria-hidden=\"true\" \/>\u2022 Simulating sex and romance: the rules of roleplaying<br aria-hidden=\"true\" \/><br aria-hidden=\"true\" \/>Submissions:<br aria-hidden=\"true\" \/>Proposals should include a title, an abstract of 250\u2013300 words, a brief biographical note (up to 100 words), and contact details. Panel proposals are very welcome.<br aria-hidden=\"true\" \/>Please submit your proposals to sensationconference@gmail.com by 14th February 2024. We encourage submissions from scholars at all stages of their careers, including early career researchers and postgraduate students. Interdisciplinary approaches and innovative methodologies are welcome.<\/div>\n<div><\/div>\n<div dir=\"ltr\" data-setdir=\"false\"><a title=\"Original URL: https:\/\/victorianweb.org\/authors\/conferences\/sexandsensation2024.html. Click or tap if you trust this link.\" href=\"https:\/\/eur02.safelinks.protection.outlook.com\/?url=https%3A%2F%2Fvictorianweb.org%2Fauthors%2Fconferences%2Fsexandsensation2024.html&amp;data=05%7C02%7CMGratzke001%40dundee.ac.uk%7Ca2979db8ad284f3c4aa208dc36a38901%7Cae323139093a4d2a81a65d334bcd9019%7C0%7C0%7C638445323216754528%7CUnknown%7CTWFpbGZsb3d8eyJWIjoiMC4wLjAwMDAiLCJQIjoiV2luMzIiLCJBTiI6Ik1haWwiLCJXVCI6Mn0%3D%7C0%7C%7C%7C&amp;sdata=vO%2Faf054ZG6A7E2AEHvMOvqt75Mzuh8LLaQWfqtSc4c%3D&amp;reserved=0\" target=\"_blank\" rel=\"noopener noreferrer\" data-auth=\"Verified\" data-linkindex=\"0\">CFP: Sex, Scandal and Sensation (Deadline: 14 February, 2024) (victorianweb.org)<\/a><\/div>\n<\/div>\n<\/div>\n<\/div>\n<\/blockquote>\n<h2><\/h2>\n<h2><\/h2>\n<h2>Schedule of 2022-2023 online events<\/h2>\n<p><strong>Friday 18 November 6pm GMT<\/strong><\/p>\n<p>G\u00f6zde K\u0131l\u0131\u00e7: Maraz\u00ee A\u015fk: Love and\/as Sickness in Late Ottoman and Early Republic Medical Discourse<\/p>\n<p>Mar\u00eda Isabel Gonz\u00e1lez Cruz: Book Presentation + Q&amp;A: Discourses and Identities in Romance Fiction. Anglophone Visions from Madeira and the Canaries; Hispanicisms in Romance Fiction. An Annotated Glossary.<\/p>\n<p><strong>Friday 9 December 3pm GMT<\/strong><\/p>\n<p>Ania Malinowska: Book presentation: Love in Contemporary Technoculture<\/p>\n<p><strong>Friday 13 January 3pm GMT<\/strong><\/p>\n<p>Tony Milligan &amp; discussant: Presentation and discussion: Care about Future Generations as a form of Love.<\/p>\n<p><strong>Friday 17 February 3pm GMT<\/strong><\/p>\n<p>Christina Straub &amp; Martin Purcell: Themed workshop: Love\u00b4s role in state institutions<\/p>\n<p><strong>Friday 21 April 6pm GMT<\/strong><\/p>\n<p>Estella Carolye Kuchta: Presentation and discussion: An Ecocentric Theory of Love: New Research<\/p>\n<\/div>\n<\/div>\n<div id=\"content\">\n<div class=\"post\">\n<h2>Award for Citadel Love Stories<\/h2>\n<p><strong>18 March 2022<\/strong><\/p>\n<p>University researchers have won a Generations Working Together Award for a project that brought together an intergenerational group of LGBTQ+ people to discuss their experiences and perspectives.<\/p>\n<p>\u2018Citadel Love Stories:\u00a0Exploring Life-time LGBTQ+ Love and Relationships\u2019 was led by Dr Mei Fang and Professor Judith Sixsmith (School of Health Sciences) and\u00a0Professor Michael Gratzke (School of Humanities and Director of the Doctoral Academy) along with partners at the Citadel Youth Centre\u00a0in Edinburgh.<\/p>\n<p>The project was funded by the Institute for Social Sciences Research (ISSR) and brought participants together in a virtual space where they conveyed a strong sense of shared love and relationship experiences. The storytelling focus of the project provided the opportunity to explore health and social outcomes associated with younger and older peoples\u2019 LGBTQ+ experiences.<\/p>\n<p>Citadel Love Stories won the Social Justice and Dignity category of the Generations Working Together Awards. A\u00a0<a href=\"https:\/\/socialsciences.cmail19.com\/t\/j-l-zhjtdil-dythliuikk-i\/\" data-auth=\"NotApplicable\" data-linkindex=\"0\">short film<\/a>\u00a0sees participants and researchers share their experiences of the project, while more information can be found\u00a0<a href=\"https:\/\/www.dundee.ac.uk\/projects\/exploring-life-time-lgbt2qi-love-and-relationships-through-intergenerational-storytelling\" data-auth=\"NotApplicable\" data-linkindex=\"1\">here<\/a>.<\/p>\n<h2><\/h2>\n<h2>Listen to Love \u2013 zine launch<\/h2>\n<p><strong>16 June 2018<\/strong><\/p>\n<p>The young writers from The Warren present their collaborative zine at Type Slowly\/The Warren Record Shop.\u00a0<a href=\"https:\/\/sites.dundee.ac.uk\/loveresearchnetwork\/projects\/\">More information on the project can be found here<\/a>.<\/p>\n<h2>Dementia Love Stories<\/h2>\n<p><strong>9 November 2017<\/strong><\/p>\n<p>This project conducted by Emma Wolverson and Michael Gratzke is starting off with a training session for Hull City of Culture volunteers and Hull PhD poets on the morning before the conference on \u2018<a href=\"https:\/\/culturenet.co.uk\/events\/the-cultural-legacy-of-ageing-well-with-dementia-in-hull\">The cultural legacy of ageing well with dementia in Hull<\/a>\u2019 on 29 November 2017. John Killick of\u00a0<a href=\"http:\/\/www.dementiapositive.co.uk\/john.html\">Dementia Positive<\/a>\u00a0will deliver the training which volunteers will put to good use at an event in January 2018 at the memory loss support group\u00a0<a href=\"http:\/\/www.butterflies.org.uk\/about-us\"><em>Butterflies<\/em>\u00a0in Hull<\/a>.<\/p>\n<p>The basic premise is that people with dementia have a creative voice which should be heard. The training will equip volunteers to co-write poetry with people who have dementia. To poets as to people with dementia, every single word is precious. Words are carefully arranged in way which may divert from everyday language use in terms of meaning, form and connections (semantics, morphology and syntax).<\/p>\n<p>The Butterfly collaboration is a pilot project which will be carefully evaluated. Possible follow-on initiatives may include the provision of poetry tool-kit online for carers to download, and further workshops on prose and visual arts such as photography.<\/p>\n<p>Inspired by a similar initiative in Australia, we maintain a focus on love in all its forms such as love between spouses, love within the family and the love of care professionals. Memory loss does not mean that people stop experiencing or giving love. Each voice of love is rich and deserves to be heard.<\/p>\n<h2>Research workshop on 24 September 2016<\/h2>\n<p>Researchers and PhD candidates from social sciences, cultural studies and clinical psychology at the University of Hull have come together as the Hull CLS group. The goal of this research group is to establish Critical Love Studies as a multidisciplinary field of research at the University of Hull and beyond. In order to achieve this, we are working towards grant capture, a programme of participatory &amp; creative events during the Hull City of Culture 2017 programme, a major international conference in conjunction with the Love Research Network, and a number of publications.<\/p>\n<p>Critical Love Studies, as we understand them, can be expressed by the phrase: Love is what people say it is. First and foremost, this means that we are open-minded, attentive and ready to embrace experiences and representations of love where they occur. In order to understand them we have to ask open-ended questions and to listen closely to nuance. This attitude favours an inductive research methodology rather than following a traditional theory of love.<\/p>\n<p>Furthermore, the phrase above addresses love as something people say and do. Love is relational and it is performative. We have no direct access to the potentiality of all love. Love comes into being in the billions acts of loving which occur at all times. Thirdly, love in its performativity is productive. We reproduce given patterns of loving behaviour and thus reinforce the truth regimes associated with them (love is supposed to be unconditional, love between two non-related adults is supposed to be exclusive, you are supposed to hate the person with whom you are breaking up etc.). Still, changes in love occur in the uncountable acts of non-identical repetition. Like changes to gender roles and gender relations, changes to experiences and representations of love are gradual. This is why each and every act of love is valuable to Critical Love Studies.<\/p>\n<p><strong>The workshop will take place on 24 September 2016 from 10am to 5pm at:<\/strong><\/p>\n<p><strong>Maritime Historical Studies Centre,\u00a0<\/strong><strong>Blaydes House,\u00a0<\/strong><strong>6 High Street,\u00a0<\/strong><strong>Hull, HU1 1HA<\/strong><\/p>\n<p>Attendance is free for registered students and unwaged people. Otherwise it is \u00a330 which covers refreshments and a light lunch as well. The maximum number of participants is thirty.<\/p>\n<p>Abstracts of the papers will be circulated beforehand. We invite participants to read these abstracts and to contribute to discussions.<\/p>\n<h3>PROGRAMME<\/h3>\n<p>10.00 Opening remarks<\/p>\n<p>10.15-11.30\u00a0<strong>Session 1: \u201cProfessional Love\u201d<\/strong>\u00a0\u2013 convened by Emma Wolverson (Hull)<\/p>\n<p>Peter Oakes (Doncaster Disability Services): What\u2019s love got to do with it? Long-term support and love by paid staff in psychological health and wellbeing services.<\/p>\n<p>Charlotte Cowell (Hull): The role of care home staff in facilitating continuity of love for couples living with dementia following a transition into residential care.<\/p>\n<p>Coffee\/tea<\/p>\n<p>11.45-13.00\u00a0<strong>Session 2: \u201cDigital Love\u201d<\/strong>\u00a0\u2013 convened by Susanne Vosmer (Hull)<\/p>\n<p>Olga Mudraya (Huddersfield): Language in online dating by over-50s.<\/p>\n<p>Jo Bell &amp; Louis Bayley (Hull): Online expressions of love in the face of grief.<\/p>\n<p>Lunch (provided)<\/p>\n<p>13.45-15.00\u00a0<strong>Session 3: \u201cLove\/Community\/Family\u201d<\/strong>\u00a0\u2013 convened by Julie Seymour (Hull)<\/p>\n<p>Jo Britton (Sheffield): Exploring the lives of Muslim Men: Family, Community and Generation.<\/p>\n<p>Julie Walsh (Sheffield): Community Love: The significance of \u2018family\u2019 in a city that is increasingly culturally diverse<\/p>\n<p>Coffee\/tea<\/p>\n<p>15.15-16.00\u00a0<strong>Paper &amp; discussion: Love+\/-Loss.<\/strong><\/p>\n<p>Michael Gratzke (Hull): Critical Love Studies and the ends of love.<\/p>\n<p>Wine reception (until 16.45)<\/p>\n<h2><\/h2>\n<h2>Conference<\/h2>\n<h2>THE MATERIALITY OF LOVE<\/h2>\n<h2>The Institute of English Cultures and Literatures, University of Silesia (Poland) and Love Research Network<\/h2>\n<p><strong>2\u20133 July 2015<\/strong><\/p>\n<p>The interest of love studies in the ways affection can be materialised has been reflected through various scholarly perspectives. Although material culture studies have given the issue less attention, there has recently been a revival of research into the intersection of materiality and love. The conference is seeking to reexamine love from the perspective of materiality studies, especially new materialism and object-oriented philosophy, to spark a debate on a relationship between love, objects and new forms of materialising affection. The conference aims to analyse the role of things and material culture in practicing and conceptualising love. It intends to provide an insight into how materiality (in its broadest sense) impacts the understanding of love today (its meanings and practices), and reversely, how love contributes to the production and transformation of the material world.<\/p>\n<p><a href=\"https:\/\/materialityoflove.wordpress.com\/\">Call for papers<\/a>.<\/p>\n<hr \/>\n<div class=\"sideimage\"><img loading=\"lazy\" decoding=\"async\" class=\"size-full wp-image-48 alignright\" src=\"https:\/\/sites.dundee.ac.uk\/loveresearchnetwork\/wp-content\/uploads\/sites\/131\/2019\/12\/inaugural-poster.jpg\" alt=\"\" width=\"180\" height=\"240\" \/><\/div>\n<h2>INAUGURAL LECTURE: Professor Michael Gratzke, University of Hull<\/h2>\n<p><strong>27 April September 2015, 7:30pm<\/strong><\/p>\n<p>&#8216;Love is what people say it is&#8217; Researching Experiences and Representations of Romantic Love in the 21st Century<\/p>\n<p>&#8216;Love is what people say it is&#8217;, means in a phenomenological sense that people&#8217;s lived experiences and descriptions of love should be taken seriously by love researchers. Love is what people describe it as being. The trajectory of this kind of research is inductive.<br \/>\nAdditionally there is a performative sense to this sentence where love quite literally is talked into being through people&#8217;s utterances. That is to say, &#8220;I love you.&#8221; is a performative utterance in a linguistic sense. Therefore, love can be understood as comprising no more, and equally no less, than people&#8217;s daily performances of love.<br \/>\nHaving completed a PhD in Modern German Literature at Hamburg University, Michael Gratzke moved to the UK in 1999. He held posts as a lector at Cambridge, and as lecturer and senior lecturer at St Andrews before joining the University of Hull in September 2014. So far he has published two monographs, one on representations of masochism, the other on heroism of sacrifice. He is the founder of the international, multi-disciplinary Love Research Network. He is currently working on a third book addressing romantic love in German, English and Finnish literature of the 21st century.<\/p>\n<p><a href=\"https:\/\/archive.org\/details\/MichaelGratzkeInauguralHull2015\">Listen to the lecture<\/a>.<\/p>\n<hr \/>\n<h2>LOVE RESEARCH TODAY<\/h2>\n<p><strong>26th September 2014, 1-7pm<\/strong><\/p>\n<p>Open University (London regional office), 1-11 Hawley Crescent, Camden Town, London NW1 8NP (Room 2B\/C)<\/p>\n<hr \/>\n<h3>Workshop, 1-4pm<\/h3>\n<p>Dr Philip Roscoe &amp; Dr Shiona Chillas (St Andrews): \u2018Organizing love: a perspective from the social sciences\u2019<\/p>\n<p>Dr Anna Malinowska (Silesia): \u2018Temporalities of love: affection and acceleration culture\u2019<\/p>\n<p>Dr Meg Barker (Open University): \u2018Rewriting the rules of love\u2019<\/p>\n<p>Dr Katherine Twamley (Institute of Education): \u2018An ethnographic approach to love and intimacy across cultures\u2019<\/p>\n<p>Prof Michael Gratzke (Hull): \u2018Studying \u201clove\u201d as a phenomenon in its own right\u2019<\/p>\n<hr \/>\n<h3>Public lectures and discussion, 5-7pm<\/h3>\n<p>Prof. Simon May (King\u2019s College London): \u2018Love as religion\u2019<\/p>\n<p>Dr Tony Milligan (Hertfordshire): \u2018The politics of love\u2019<\/p>\n<hr \/>\n<p>Both events were free of charge.<\/p>\n<hr \/>\n<h2>Research Colloquium<\/h2>\n<h2>FORUM FOR MODERN LANGUAGE STUDIES<\/h2>\n<h2>Love Today: Interdisciplinary Perspectives<\/h2>\n<p><strong>Monday 16 December 2013 3\u20137 pm<br \/>\nSchool III, United College, University of St Andrews<\/strong><\/p>\n<p>3.00 welcome (Professor Lorna Milne, General Editor of Forum for Modern Language Studies)<\/p>\n<p>3.15\u00a0Professor Eva Illouz, Hebrew University, Jerusalem (Sociology), &#8216;What &#8220;love&#8221; do modern people mean when they speak about love?&#8217;<\/p>\n<p>4.15\u00a0Professor Simon May, King&#8217;s College, London (Philosophy), &#8216;What can Biblical narratives teach us about the nature of love?&#8217;<\/p>\n<p>5.15 tea break<\/p>\n<p>5.45\u00a0Professor Lynne Pearce, Lancaster University (English), &#8216;Love&#8217;s memory: the role of memory and dream-work in the production and sustenance of Agapic love&#8217;<\/p>\n<p>6.45 closing remarks (Dr Michael Gratzke, Love Research Network)<\/p>\n<p>Guests and colleagues may attend any of the papers without charge or the need to register.<\/p>\n<p>The next morning Profs Pearce and May will attend a postgraduate workshop where three students will respond to the papers and three other students will present their work.<\/p>\n<\/div>\n<\/div>\n","protected":false},"excerpt":{"rendered":"<p>2025 events Contemporary Women\u2019s Writing Association Annual Conference Wednesday 18th\u00a0June 2025 to Friday 20th\u00a0June 2025 Falmouth University, UK &#8212; in partnership with the Love Research Network The Contemporary Women\u2019s Writing Association\u2019s 2025 conference will be an interdisciplinary and global exploration of the role and impact of women\u2019s writing. This conference is dedicated to the discussion&hellip; <\/p>\n<p><a href=\"https:\/\/sites.dundee.ac.uk\/loveresearchnetwork\/events\/\" class=\"more-link themebutton\" data-wpel-link=\"internal\">Read More<\/a><\/p>\n","protected":false},"author":1,"featured_media":61,"parent":0,"menu_order":0,"comment_status":"closed","ping_status":"closed","template":"","meta":{"footnotes":""},"class_list":["post-21","page","type-page","status-publish","has-post-thumbnail","hentry"],"_links":{"self":[{"href":"https:\/\/sites.dundee.ac.uk\/loveresearchnetwork\/wp-json\/wp\/v2\/pages\/21","targetHints":{"allow":["GET"]}}],"collection":[{"href":"https:\/\/sites.dundee.ac.uk\/loveresearchnetwork\/wp-json\/wp\/v2\/pages"}],"about":[{"href":"https:\/\/sites.dundee.ac.uk\/loveresearchnetwork\/wp-json\/wp\/v2\/types\/page"}],"author":[{"embeddable":true,"href":"https:\/\/sites.dundee.ac.uk\/loveresearchnetwork\/wp-json\/wp\/v2\/users\/1"}],"replies":[{"embeddable":true,"href":"https:\/\/sites.dundee.ac.uk\/loveresearchnetwork\/wp-json\/wp\/v2\/comments?post=21"}],"version-history":[{"count":6,"href":"https:\/\/sites.dundee.ac.uk\/loveresearchnetwork\/wp-json\/wp\/v2\/pages\/21\/revisions"}],"predecessor-version":[{"id":179,"href":"https:\/\/sites.dundee.ac.uk\/loveresearchnetwork\/wp-json\/wp\/v2\/pages\/21\/revisions\/179"}],"wp:featuredmedia":[{"embeddable":true,"href":"https:\/\/sites.dundee.ac.uk\/loveresearchnetwork\/wp-json\/wp\/v2\/media\/61"}],"wp:attachment":[{"href":"https:\/\/sites.dundee.ac.uk\/loveresearchnetwork\/wp-json\/wp\/v2\/media?parent=21"}],"curies":[{"name":"wp","href":"https:\/\/api.w.org\/{rel}","templated":true}]}}