{"id":86,"date":"2018-01-19T16:23:31","date_gmt":"2018-01-19T16:23:31","guid":{"rendered":"http:\/\/sites.dev.dundee.ac.uk\/langprolab\/?page_id=86"},"modified":"2018-01-19T16:23:31","modified_gmt":"2018-01-19T16:23:31","slug":"core-team","status":"publish","type":"page","link":"https:\/\/sites.dundee.ac.uk\/langprolab\/core-team\/","title":{"rendered":"Core Team"},"content":{"rendered":"<p><strong>Rog<\/strong><strong>er van Gompel<\/strong><\/p>\n<p>Roger is a Reader\u00a0in Psychology at the University of Dundee. He has been in Dundee since 1999, investigating a variety of different questions concerning language processing. He has published extensively in journals in experimental psychology.<\/p>\n<figure id=\"attachment_174\" aria-describedby=\"caption-attachment-174\" style=\"width: 285px\" class=\"wp-caption alignleft\"><img loading=\"lazy\" decoding=\"async\" class=\"wp-image-174 size-medium\" src=\"https:\/\/sites.dundee.ac.uk\/langprolab\/wp-content\/uploads\/sites\/89\/2018\/02\/Pentlands_4_small-285x300.jpg\" alt=\"\" width=\"285\" height=\"300\" srcset=\"https:\/\/sites.dundee.ac.uk\/langprolab\/wp-content\/uploads\/sites\/89\/2018\/02\/Pentlands_4_small-285x300.jpg 285w, https:\/\/sites.dundee.ac.uk\/langprolab\/wp-content\/uploads\/sites\/89\/2018\/02\/Pentlands_4_small-768x808.jpg 768w, https:\/\/sites.dundee.ac.uk\/langprolab\/wp-content\/uploads\/sites\/89\/2018\/02\/Pentlands_4_small-974x1024.jpg 974w\" sizes=\"auto, (max-width: 285px) 100vw, 285px\" \/><figcaption id=\"caption-attachment-174\" class=\"wp-caption-text\">Roger at work<\/figcaption><\/figure>\n<p>One of his main interests is in sentence processing. He has developed a race model of syntactic ambiguity resolution (e.g., Van Gompel, Pickering, &amp; Traxler, 2001), which accounts for the finding that structurally ambiguous sentences are often easier to process than disambiguated sentences. In order to investigate how people mentally represent structural information, Roger has been using structural priming, the finding that language producers tend to repeat structures across utterances (e.g., Van Gompel, Arai, &amp; Pearson, 2012) and the finding that structural repetition also affects the comprehension of structures (e.g., Arai, Van Gompel, &amp; Scheepers, 2007). He currently holds an ESRC award with Leila Kantola that investigates how structural priming is affected by repetition of words, with the aim to determine to what extent structural information is represented at a lexical level.<\/p>\n<p>Research on reference production and comprehension has been another central topic in Roger\u2019s research. Some of this research has looked at the different sources of information that comprehenders use when processing pronouns, showing that the grammatical role of the antecedent has a clearer impact on pronoun resolution than its position in the sentence (e.g., J\u00e4rvikivi, Van Gompel, Hy\u00f6n\u00e4, &amp; Bertram, 2005; Fukumura &amp; Van Gompel, 2015). Other research has examined what determines whether speakers use either a pronoun or a repeated name or noun phrase to refer back to an earlier introduced discourse entity. Our results show that the choice for a particular anaphoric expression is driven by, amongst others, the similarity of a discourse entity to other entities (e.g., Fukumura, Van Gompel, Harley, &amp; Pickering, 2011) and syntactic factors, but interestingly, not by the likelihood that people refer to an entity (Fukumura &amp; Van Gompel, 2010). Roger also collaborates with computational linguists to develop and test psychologically plausible computational models of reference (e.g., Gatt, Krahmer, Van Deemter, &amp; Van Gompel, 2016; Van Deemter, Gatt, Van Gompel, &amp; Krahmer, 2012).<\/p>\n<p><strong>Leila Kantola<\/strong><\/p>\n<p><img loading=\"lazy\" decoding=\"async\" class=\"wp-image-210 alignleft\" src=\"https:\/\/sites.dundee.ac.uk\/langprolab\/wp-content\/uploads\/sites\/89\/2018\/03\/Leila-Logped-002.png\" alt=\"\" width=\"254\" height=\"417\" \/>Leila is a Senior Lecturer in linguistics at the Department of Language Studies, Ume\u00e5 University, Sweden.\u00a0 She teaches various courses ranging from general linguistics to neurolinguistics to students in linguistics, cognitive science and speech pathology\/speech therapy.\u00a0 She is also a Research Associate in Psychology at the University of Dundee.<\/p>\n<p>In research, her main interest is sentence processing.\u00a0 In her earlier research she worked together with Roger van Gompel in studies of syntactic representations in bilinguals (Kantola &amp; Van Gompel, 2011) and in studies of anaphoric reference in discourse (Kantola &amp; Van Gompel, 2015).\u00a0 She currently holds an ESRC award with Roger van Gompel that investigates how structural priming is affected by repetition of words, with the aim to determine to what extent structural information is represented at a lexical level.<\/p>\n<p><strong>Laura Wakeford<\/strong><\/p>\n<p>Laura is currently working as a Postdoctoral Researcher at the University of Dundee\u00a0on the ESRC-funded project: Structural priming and the lexical boost. This three-year project,\u00a0awarded to Roger van Gompel and Leila Kantola,\u00a0further investigates the finding that structural priming is enhanced when a verb is repeated between a prime and target sentence compared with when it is not. This research will mostly take place in Dundee, although a series of experiments will also be conducted at Ghent University, Belgium.<\/p>\n<p><img loading=\"lazy\" decoding=\"async\" class=\"alignleft size-medium wp-image-219\" src=\"https:\/\/sites.dundee.ac.uk\/langprolab\/wp-content\/uploads\/sites\/89\/2018\/03\/pic-225x300.jpg\" alt=\"\" width=\"225\" height=\"300\" srcset=\"https:\/\/sites.dundee.ac.uk\/langprolab\/wp-content\/uploads\/sites\/89\/2018\/03\/pic-225x300.jpg 225w, https:\/\/sites.dundee.ac.uk\/langprolab\/wp-content\/uploads\/sites\/89\/2018\/03\/pic-768x1024.jpg 768w, https:\/\/sites.dundee.ac.uk\/langprolab\/wp-content\/uploads\/sites\/89\/2018\/03\/pic.jpg 960w\" sizes=\"auto, (max-width: 225px) 100vw, 225px\" \/>In addition to language processing, Laura also has an interest in language comprehension, specifically, whether attention can be distributed to multiple words simultaneously while reading (e.g., Wakeford &amp; Murray, 2013), which led her to investigate the oculomotor response to mislocated fixations during reading (Wakeford &amp; Murray, 2014).<\/p>\n<p>Laura\u00a0has also been\u00a0involved in a\u00a0project that\u00a0used computer learning techniques to detect online radicalisation through investigating the linguistic profile of Twitter users (Smith, Wakeford, Cribbin &amp; Barnett, submitted).<\/p>\n","protected":false},"excerpt":{"rendered":"<p>Roger van Gompel Roger is a Reader\u00a0in Psychology at the University of Dundee. He has been in Dundee since 1999, investigating a variety of different questions concerning language processing. He has published extensively in journals in experimental psychology. One of his main interests is in sentence processing. He has developed a race model of syntactic [&hellip;]<\/p>\n","protected":false},"author":332,"featured_media":0,"parent":0,"menu_order":0,"comment_status":"closed","ping_status":"closed","template":"","meta":{"footnotes":""},"class_list":["post-86","page","type-page","status-publish","hentry"],"blocksy_meta":[],"_links":{"self":[{"href":"https:\/\/sites.dundee.ac.uk\/langprolab\/wp-json\/wp\/v2\/pages\/86","targetHints":{"allow":["GET"]}}],"collection":[{"href":"https:\/\/sites.dundee.ac.uk\/langprolab\/wp-json\/wp\/v2\/pages"}],"about":[{"href":"https:\/\/sites.dundee.ac.uk\/langprolab\/wp-json\/wp\/v2\/types\/page"}],"author":[{"embeddable":true,"href":"https:\/\/sites.dundee.ac.uk\/langprolab\/wp-json\/wp\/v2\/users\/332"}],"replies":[{"embeddable":true,"href":"https:\/\/sites.dundee.ac.uk\/langprolab\/wp-json\/wp\/v2\/comments?post=86"}],"version-history":[{"count":0,"href":"https:\/\/sites.dundee.ac.uk\/langprolab\/wp-json\/wp\/v2\/pages\/86\/revisions"}],"wp:attachment":[{"href":"https:\/\/sites.dundee.ac.uk\/langprolab\/wp-json\/wp\/v2\/media?parent=86"}],"curies":[{"name":"wp","href":"https:\/\/api.w.org\/{rel}","templated":true}]}}