{"id":697,"date":"2013-09-17T21:13:28","date_gmt":"2013-09-17T21:13:28","guid":{"rendered":"http:\/\/blog.dundee.ac.uk\/ian-gilbert\/?page_id=697"},"modified":"2013-12-20T13:14:15","modified_gmt":"2013-12-20T13:14:15","slug":"papers-2004","status":"publish","type":"page","link":"https:\/\/sites.dundee.ac.uk\/ian-gilbert\/papers-2004\/","title":{"rendered":"Papers 2004"},"content":{"rendered":"<p>Synthesis of Analogues of Congo Red and Evaluation of Their Anti-Prion Activity. Sellarajah, S.; Lekishvili, T.; Bowring, C.; Thompsett, A. R.; Rudyk, H.; Birkett, C. R.; Brown D. R.; Gilbert, I. H. J. Med. Chem., 2004, 47, 5515-5534.\u00a0 <a href=\"http:\/\/www.ncbi.nlm.nih.gov\/pubmed\/15481988\" target=\"_blank\"><img loading=\"lazy\" decoding=\"async\" class=\"alignnone size-full wp-image-19\" alt=\"link to journal abstract in pubmed\" src=\"https:\/\/sites.dundee.ac.uk\/ian-gilbert\/wp-content\/uploads\/sites\/4\/2013\/09\/pubmed.jpg\" width=\"50\" height=\"20\" \/><\/a>\u00a0 <a href=\"http:\/\/pubs.acs.org\/doi\/abs\/10.1021\/jm049922t\" target=\"_blank\"><img loading=\"lazy\" decoding=\"async\" class=\"alignnone size-full wp-image-99\" alt=\"link to the journal where paper was published\" src=\"https:\/\/sites.dundee.ac.uk\/ian-gilbert\/wp-content\/uploads\/sites\/4\/2013\/09\/journal.jpg\" width=\"54\" height=\"20\" \/><\/a><\/p>\n<p>Selective inhibition of Trypanosoma brucei 6-phosphogluconate dehydrogenase by high energy intermediate and transition state analogues. Dardonville, C.; Rinaldi, E.; Barrett, M. P.; Brun, R.; Gilbert, I. H.; Hanau, S. J. Med. Chem., 2004, 47, 3427-3437.\u00a0 <a href=\"http:\/\/www.ncbi.nlm.nih.gov\/pubmed\/15189039\" target=\"_blank\"><img loading=\"lazy\" decoding=\"async\" class=\"alignnone size-full wp-image-19\" alt=\"link to journal abstract in pubmed\" src=\"https:\/\/sites.dundee.ac.uk\/ian-gilbert\/wp-content\/uploads\/sites\/4\/2013\/09\/pubmed.jpg\" width=\"50\" height=\"20\" \/><\/a>\u00a0 <a href=\"http:\/\/pubs.acs.org\/doi\/abs\/10.1021\/jm031066i\" target=\"_blank\"><img loading=\"lazy\" decoding=\"async\" class=\"alignnone size-full wp-image-99\" alt=\"link to the journal where paper was published\" src=\"https:\/\/sites.dundee.ac.uk\/ian-gilbert\/wp-content\/uploads\/sites\/4\/2013\/09\/journal.jpg\" width=\"54\" height=\"20\" \/><\/a><\/p>\n<p>Novel Azasterols as Potential Agents for the Treatment of Leishmaniasis and Trypanosomiasis. Orenes Lorente, S.; Rodrigues, J. C. F.; Jim\u00e9nez Jim\u00e9nez, C.; Joyce-Menekse, M.; Rodrigues, C.; Croft, S. L.; Yardley, V.; de Luca-Fradley, K.; Ruiz-P\u00e9rez, L. M.; Urbina, J.; de Souza, W.; Gonz\u00e1lez Pacanowska, D.; Gilbert, I. H. Antimicrob. Agents Chemother., 2004, 48, 2937-2950.\u00a0 <a href=\"http:\/\/www.ncbi.nlm.nih.gov\/pubmed\/15273104\" target=\"_blank\"><img loading=\"lazy\" decoding=\"async\" class=\"alignnone size-full wp-image-19\" alt=\"link to journal abstract in pubmed\" src=\"https:\/\/sites.dundee.ac.uk\/ian-gilbert\/wp-content\/uploads\/sites\/4\/2013\/09\/pubmed.jpg\" width=\"50\" height=\"20\" \/><\/a>\u00a0 <a href=\"http:\/\/aac.asm.org\/content\/48\/8\/2937.long\" target=\"_blank\"><img loading=\"lazy\" decoding=\"async\" class=\"alignnone size-full wp-image-99\" alt=\"link to the journal where paper was published\" src=\"https:\/\/sites.dundee.ac.uk\/ian-gilbert\/wp-content\/uploads\/sites\/4\/2013\/09\/journal.jpg\" width=\"54\" height=\"20\" \/><\/a><\/p>\n<p>Design, Synthesis and Evaluation of Potential Inhibitors of HIV gp120-CD4 Interactions. Boussard, C.; Klimkait, T.; Mahmood, N.; Pritchard, M.; Gilbert, I. H. Bioorg. Med. Chem. Lett., 2004, 14, 2673-2676.\u00a0 <a href=\"http:\/\/www.ncbi.nlm.nih.gov\/pubmed\/15109676\" target=\"_blank\"><img loading=\"lazy\" decoding=\"async\" class=\"alignnone size-full wp-image-19\" alt=\"link to journal abstract in pubmed\" src=\"https:\/\/sites.dundee.ac.uk\/ian-gilbert\/wp-content\/uploads\/sites\/4\/2013\/09\/pubmed.jpg\" width=\"50\" height=\"20\" \/><\/a>\u00a0 <a href=\"http:\/\/www.sciencedirect.com\/science\/article\/pii\/S0960894X04003075\" target=\"_blank\"><img loading=\"lazy\" decoding=\"async\" class=\"alignnone size-full wp-image-99\" alt=\"link to the journal where paper was published\" src=\"https:\/\/sites.dundee.ac.uk\/ian-gilbert\/wp-content\/uploads\/sites\/4\/2013\/09\/journal.jpg\" width=\"54\" height=\"20\" \/><\/a><\/p>\n<p>6-Phosphogluconate dehydrogenase: a target for drugs in African trypanosomes. Hanau, S.; Rinaldi, E.; Dallocchio, F.; Gilbert, I. H.; Dardonville, C.; Adams, M. J.; Gover, S.; Barrett, M. P. Curr. Med. Chem., 2004, 11 2639-2650.\u00a0 <a href=\"http:\/\/www.ncbi.nlm.nih.gov\/pubmed\/15544466\" target=\"_blank\"><img loading=\"lazy\" decoding=\"async\" class=\"alignnone size-full wp-image-19\" alt=\"link to journal abstract in pubmed\" src=\"https:\/\/sites.dundee.ac.uk\/ian-gilbert\/wp-content\/uploads\/sites\/4\/2013\/09\/pubmed.jpg\" width=\"50\" height=\"20\" \/><\/a>\u00a0 <a href=\"http:\/\/www.eurekaselect.com\/62190\/article\" target=\"_blank\"><img loading=\"lazy\" decoding=\"async\" class=\"alignnone size-full wp-image-99\" alt=\"link to the journal where paper was published\" src=\"https:\/\/sites.dundee.ac.uk\/ian-gilbert\/wp-content\/uploads\/sites\/4\/2013\/09\/journal.jpg\" width=\"54\" height=\"20\" \/><\/a><\/p>\n<p>Trypanocidal activity of melamine\u2013based nitroheterocycles. Stewart, M. L.; Jimenez Bueno, G.; Baliani, A.; Klenke, B.; Brun, R.; Brock, J. M.; Gilbert, I. H.; Barrett, M. P. Antimicrob. Agents Chemother., 2004, 48, 1733-1738.\u00a0 <a href=\"http:\/\/www.ncbi.nlm.nih.gov\/pubmed\/15105128\" target=\"_blank\"><img loading=\"lazy\" decoding=\"async\" class=\"alignnone size-full wp-image-19\" alt=\"link to journal abstract in pubmed\" src=\"https:\/\/sites.dundee.ac.uk\/ian-gilbert\/wp-content\/uploads\/sites\/4\/2013\/09\/pubmed.jpg\" width=\"50\" height=\"20\" \/><\/a>\u00a0 <a href=\"http:\/\/aac.asm.org\/content\/48\/5\/1733.long\" target=\"_blank\"><img loading=\"lazy\" decoding=\"async\" class=\"alignnone size-full wp-image-99\" alt=\"link to the journal where paper was published\" src=\"https:\/\/sites.dundee.ac.uk\/ian-gilbert\/wp-content\/uploads\/sites\/4\/2013\/09\/journal.jpg\" width=\"54\" height=\"20\" \/><\/a><\/p>\n<p>Analogues of Thiolactomycin as Potential Anti-malarial and Anti-trypanosomal Agents. Jones, S. M.; Urch, J. E.; Brun, R.; Harwood, J. L.; Berry, C.; Gilbert, I. H. Bioorg. Med. Chem., 2004, 12, 683-692.\u00a0 <a href=\"http:\/\/www.ncbi.nlm.nih.gov\/pubmed\/14759729\" target=\"_blank\"><img loading=\"lazy\" decoding=\"async\" class=\"alignnone size-full wp-image-19\" alt=\"link to journal abstract in pubmed\" src=\"https:\/\/sites.dundee.ac.uk\/ian-gilbert\/wp-content\/uploads\/sites\/4\/2013\/09\/pubmed.jpg\" width=\"50\" height=\"20\" \/><\/a>\u00a0 <a href=\"http:\/\/www.sciencedirect.com\/science\/article\/pii\/S0968089603008095\" target=\"_blank\"><img loading=\"lazy\" decoding=\"async\" class=\"alignnone size-full wp-image-99\" alt=\"link to the journal where paper was published\" src=\"https:\/\/sites.dundee.ac.uk\/ian-gilbert\/wp-content\/uploads\/sites\/4\/2013\/09\/journal.jpg\" width=\"54\" height=\"20\" \/><\/a><\/p>\n","protected":false},"excerpt":{"rendered":"<p>Synthesis of Analogues of Congo Red and Evaluation of Their Anti-Prion Activity. Sellarajah, S.; Lekishvili, T.; Bowring, C.; Thompsett, A. R.; Rudyk, H.; Birkett, C. R.; Brown D. R.; Gilbert, I. H. J. Med. Chem., 2004, 47, 5515-5534.\u00a0 \u00a0 Selective inhibition of Trypanosoma brucei 6-phosphogluconate dehydrogenase by high energy intermediate and transition state analogues. Dardonville, [&hellip;]<\/p>\n","protected":false},"author":8,"featured_media":0,"parent":0,"menu_order":0,"comment_status":"closed","ping_status":"closed","template":"full-width-page.php","meta":{"footnotes":""},"class_list":["post-697","page","type-page","status-publish","hentry"],"blocksy_meta":[],"_links":{"self":[{"href":"https:\/\/sites.dundee.ac.uk\/ian-gilbert\/wp-json\/wp\/v2\/pages\/697","targetHints":{"allow":["GET"]}}],"collection":[{"href":"https:\/\/sites.dundee.ac.uk\/ian-gilbert\/wp-json\/wp\/v2\/pages"}],"about":[{"href":"https:\/\/sites.dundee.ac.uk\/ian-gilbert\/wp-json\/wp\/v2\/types\/page"}],"author":[{"embeddable":true,"href":"https:\/\/sites.dundee.ac.uk\/ian-gilbert\/wp-json\/wp\/v2\/users\/8"}],"replies":[{"embeddable":true,"href":"https:\/\/sites.dundee.ac.uk\/ian-gilbert\/wp-json\/wp\/v2\/comments?post=697"}],"version-history":[{"count":1,"href":"https:\/\/sites.dundee.ac.uk\/ian-gilbert\/wp-json\/wp\/v2\/pages\/697\/revisions"}],"predecessor-version":[{"id":1014,"href":"https:\/\/sites.dundee.ac.uk\/ian-gilbert\/wp-json\/wp\/v2\/pages\/697\/revisions\/1014"}],"wp:attachment":[{"href":"https:\/\/sites.dundee.ac.uk\/ian-gilbert\/wp-json\/wp\/v2\/media?parent=697"}],"curies":[{"name":"wp","href":"https:\/\/api.w.org\/{rel}","templated":true}]}}