{"id":4751,"date":"2025-11-04T11:26:53","date_gmt":"2025-11-04T11:26:53","guid":{"rendered":"https:\/\/sites.dundee.ac.uk\/cooper-gallery-inbetween\/?page_id=4751"},"modified":"2026-02-03T11:08:43","modified_gmt":"2026-02-03T11:08:43","slug":"viola-yesiltac-december-2025","status":"publish","type":"page","link":"https:\/\/sites.dundee.ac.uk\/cooper-gallery-inbetween\/viola-yesiltac-december-2025\/","title":{"rendered":"Viola Ye\u015filta\u00e7, December 2025"},"content":{"rendered":"\t\t<div data-elementor-type=\"wp-post\" data-elementor-id=\"4751\" class=\"elementor elementor-4751\">\n\t\t\t\t\t\t<section class=\"elementor-section elementor-top-section elementor-element elementor-element-ceec377 elementor-section-full_width elementor-section-stretched elementor-section-height-default elementor-section-height-default\" data-id=\"ceec377\" data-element_type=\"section\" data-e-type=\"section\" data-settings=\"{&quot;stretch_section&quot;:&quot;section-stretched&quot;}\">\n\t\t\t\t\t\t<div class=\"elementor-container elementor-column-gap-default\">\n\t\t\t\t\t<div class=\"elementor-column elementor-col-50 elementor-top-column elementor-element elementor-element-a5f3a19\" data-id=\"a5f3a19\" data-element_type=\"column\" data-e-type=\"column\" data-settings=\"{&quot;background_background&quot;:&quot;classic&quot;}\">\n\t\t\t<div class=\"elementor-widget-wrap elementor-element-populated\">\n\t\t\t\t\t<div class=\"elementor-background-overlay\"><\/div>\n\t\t\t\t\t\t<div class=\"elementor-element elementor-element-d1bc317 elementor-widget elementor-widget-image\" data-id=\"d1bc317\" data-element_type=\"widget\" data-e-type=\"widget\" data-widget_type=\"image.default\">\n\t\t\t\t<div class=\"elementor-widget-container\">\n\t\t\t\t\t\t\t\t\t\t\t\t\t\t\t\t<a href=\"https:\/\/sites.dundee.ac.uk\/cooper-gallery-inbetween\/what-i-am-reading-now\/\">\n\t\t\t\t\t\t\t<img fetchpriority=\"high\" decoding=\"async\" width=\"2917\" height=\"1625\" src=\"https:\/\/sites.dundee.ac.uk\/cooper-gallery-inbetween\/wp-content\/uploads\/sites\/135\/2020\/07\/WIRN_header300.jpg\" class=\"attachment-full size-full wp-image-1087\" alt=\"\" srcset=\"https:\/\/sites.dundee.ac.uk\/cooper-gallery-inbetween\/wp-content\/uploads\/sites\/135\/2020\/07\/WIRN_header300.jpg 2917w, https:\/\/sites.dundee.ac.uk\/cooper-gallery-inbetween\/wp-content\/uploads\/sites\/135\/2020\/07\/WIRN_header300-300x167.jpg 300w, https:\/\/sites.dundee.ac.uk\/cooper-gallery-inbetween\/wp-content\/uploads\/sites\/135\/2020\/07\/WIRN_header300-768x428.jpg 768w, https:\/\/sites.dundee.ac.uk\/cooper-gallery-inbetween\/wp-content\/uploads\/sites\/135\/2020\/07\/WIRN_header300-1024x570.jpg 1024w\" sizes=\"(max-width: 2917px) 100vw, 2917px\" \/>\t\t\t\t\t\t\t\t<\/a>\n\t\t\t\t\t\t\t\t\t\t\t\t\t\t\t<\/div>\n\t\t\t\t<\/div>\n\t\t\t\t\t<\/div>\n\t\t<\/div>\n\t\t\t\t<div class=\"elementor-column elementor-col-50 elementor-top-column elementor-element elementor-element-faba2f1\" data-id=\"faba2f1\" data-element_type=\"column\" data-e-type=\"column\" data-settings=\"{&quot;background_background&quot;:&quot;classic&quot;}\">\n\t\t\t<div class=\"elementor-widget-wrap elementor-element-populated\">\n\t\t\t\t\t\t<div class=\"elementor-element elementor-element-7d84eca elementor-hidden-tablet elementor-hidden-phone elementor-widget elementor-widget-spacer\" data-id=\"7d84eca\" data-element_type=\"widget\" data-e-type=\"widget\" data-widget_type=\"spacer.default\">\n\t\t\t\t<div class=\"elementor-widget-container\">\n\t\t\t\t\t\t\t<div class=\"elementor-spacer\">\n\t\t\t<div class=\"elementor-spacer-inner\"><\/div>\n\t\t<\/div>\n\t\t\t\t\t\t<\/div>\n\t\t\t\t<\/div>\n\t\t\t\t<div class=\"elementor-element elementor-element-0179730 elementor-align-center elementor-widget__width-initial elementor-widget elementor-widget-button\" data-id=\"0179730\" data-element_type=\"widget\" data-e-type=\"widget\" data-widget_type=\"button.default\">\n\t\t\t\t<div class=\"elementor-widget-container\">\n\t\t\t\t\t\t\t\t\t<div class=\"elementor-button-wrapper\">\n\t\t\t\t\t<a class=\"elementor-button elementor-button-link elementor-size-sm\" href=\"https:\/\/sites.dundee.ac.uk\/cooper-gallery-inbetween\/about\/\">\n\t\t\t\t\t\t<span class=\"elementor-button-content-wrapper\">\n\t\t\t\t\t\t\t\t\t<span class=\"elementor-button-text\">about<\/span>\n\t\t\t\t\t<\/span>\n\t\t\t\t\t<\/a>\n\t\t\t\t<\/div>\n\t\t\t\t\t\t\t\t<\/div>\n\t\t\t\t<\/div>\n\t\t\t\t<div class=\"elementor-element elementor-element-61052c3 elementor-align-center elementor-widget__width-initial elementor-widget elementor-widget-button\" data-id=\"61052c3\" data-element_type=\"widget\" data-e-type=\"widget\" data-widget_type=\"button.default\">\n\t\t\t\t<div class=\"elementor-widget-container\">\n\t\t\t\t\t\t\t\t\t<div class=\"elementor-button-wrapper\">\n\t\t\t\t\t<a class=\"elementor-button elementor-button-link elementor-size-sm\" href=\"https:\/\/sites.dundee.ac.uk\/cooper-gallery-inbetween\/\">\n\t\t\t\t\t\t<span class=\"elementor-button-content-wrapper\">\n\t\t\t\t\t\t\t\t\t<span class=\"elementor-button-text\">projects<\/span>\n\t\t\t\t\t<\/span>\n\t\t\t\t\t<\/a>\n\t\t\t\t<\/div>\n\t\t\t\t\t\t\t\t<\/div>\n\t\t\t\t<\/div>\n\t\t\t\t\t<\/div>\n\t\t<\/div>\n\t\t\t\t\t<\/div>\n\t\t<\/section>\n\t\t\t\t<section class=\"elementor-section elementor-top-section elementor-element elementor-element-894c6b1 elementor-section-stretched elementor-section-full_width elementor-section-height-default elementor-section-height-default\" data-id=\"894c6b1\" data-element_type=\"section\" data-e-type=\"section\" data-settings=\"{&quot;stretch_section&quot;:&quot;section-stretched&quot;,&quot;background_background&quot;:&quot;classic&quot;}\">\n\t\t\t\t\t\t<div class=\"elementor-container elementor-column-gap-default\">\n\t\t\t\t\t<div class=\"elementor-column elementor-col-100 elementor-top-column elementor-element elementor-element-e3c0ac1\" data-id=\"e3c0ac1\" data-element_type=\"column\" data-e-type=\"column\">\n\t\t\t<div class=\"elementor-widget-wrap elementor-element-populated\">\n\t\t\t\t\t\t<div class=\"elementor-element elementor-element-e808cd0 elementor-widget-divider--view-line elementor-widget elementor-widget-divider\" data-id=\"e808cd0\" data-element_type=\"widget\" data-e-type=\"widget\" data-widget_type=\"divider.default\">\n\t\t\t\t<div class=\"elementor-widget-container\">\n\t\t\t\t\t\t\t<div class=\"elementor-divider\">\n\t\t\t<span class=\"elementor-divider-separator\">\n\t\t\t\t\t\t<\/span>\n\t\t<\/div>\n\t\t\t\t\t\t<\/div>\n\t\t\t\t<\/div>\n\t\t\t\t\t<\/div>\n\t\t<\/div>\n\t\t\t\t\t<\/div>\n\t\t<\/section>\n\t\t\t\t<section class=\"elementor-section elementor-top-section elementor-element elementor-element-04aa6e9 elementor-section-stretched elementor-section-full_width elementor-section-height-default elementor-section-height-default\" data-id=\"04aa6e9\" data-element_type=\"section\" data-e-type=\"section\" data-settings=\"{&quot;stretch_section&quot;:&quot;section-stretched&quot;,&quot;background_background&quot;:&quot;classic&quot;}\">\n\t\t\t\t\t\t<div class=\"elementor-container elementor-column-gap-default\">\n\t\t\t\t\t<div class=\"elementor-column elementor-col-50 elementor-top-column elementor-element elementor-element-4fa03e0\" data-id=\"4fa03e0\" data-element_type=\"column\" data-e-type=\"column\">\n\t\t\t<div class=\"elementor-widget-wrap elementor-element-populated\">\n\t\t\t\t\t\t<div class=\"elementor-element elementor-element-34d4fef elementor-widget__width-initial elementor-widget elementor-widget-text-editor\" data-id=\"34d4fef\" data-element_type=\"widget\" data-e-type=\"widget\" data-widget_type=\"text-editor.default\">\n\t\t\t\t<div class=\"elementor-widget-container\">\n\t\t\t\t\t\t\t\t\t<div><p><strong>What I am Reading Now\u2026<br \/>Viola\u00a0Ye\u015filta\u00e7<br \/><\/strong>December 2025<\/p><\/div><div>\u00a0<\/div><div><p>Throughout the past couple of years, while trying to understand my artistic practice better\u2014by asking myself what keeps me going despite the hurdles we face\u2014I have come to see it less as a search for an origin point for ideas and more as a willingness to let the process unfold on its own. This openness resonates with the way I have been living these past three years. I rarely stay longer than a few months in one place, yet I never lose sight of Germany. Often in transit, adapting, and navigating shifting contexts. Migration and movement recur throughout my experience and are interwoven into my artistic practice.<br \/><span style=\"text-decoration: line-through\">\u00a0<br \/><\/span>I remain invested in processing Germany\u2019s recent past and observe the gradual shifts in its cultural and political landscape, as well as its ongoing neglect in cultural institutions towards citizens with migrant backgrounds. In Germany, it is common to refer to people with migrant backgrounds as\u00a0<em>Menschen mit Migrationshintergrund.<\/em> \u00a0In colloquial terms <em>Kanake<\/em>\u00a0or\u00a0<em>Kenek<\/em>, are more familiar (though of derogatory nature).<\/p><p>Whether in the fine arts, literature, film, dance, or music, representation and support have long been limited. And when \u201cmigrant\u201d voices are acknowledged, it is often through a narrow lens of identity politics that confines rather than liberates, limiting access to a genuine sense of artistic freedom.<\/p><p>Throughout the pandemic, I read mainly German authors with \u201cmigrant\u201d backgrounds. Their stories are diverse, rooted in personal experience, and I have appreciated hearing these voices\u2026.<\/p><p>When I was a teenager, our anthem was\u00a0<strong><em>Fremd im eigenen Land<\/em> (A Stranger in One\u2019s Own Country<\/strong> by <strong>Advanced Chemistry<\/strong>, 1992).\u00a0<\/p><p><u><a href=\"https:\/\/www.youtube.com\/watch?v=HhsEcPiRKrU&amp;t=264s\">https:\/\/www.youtube.com\/watch?v=HhsEcPiRKrU&amp;t=264s<\/a><\/u><\/p><p>Today, a younger generation of artists are carving out their own spaces in popular culture. Television shows and other media have entered the mainstream, raising awareness of marginalised communities in Germany for a broader audience. By refusing the one-dimensional, preconceived image of Germans with migrant backgrounds\u2014a stereotype that has prevailed for decades\u2014these artists are reshaping how German culture sees itself.<\/p><p>I see great potential here and their work has given me a renewed sense of belonging, showing how creative practices can emerge from navigating both silence and limitation.<\/p><p>One example is\u00a0<strong><em>The Teachers\u2019 Lounge<\/em>\u00a0(<em>Das Lehrerzimmer<\/em>)<\/strong>, a 2023 drama directed by <strong>\u0130lker \u00c7atak<\/strong>. Born in Berlin to a family of Turkish descent, \u00c7atak claims his artistic freedom here by defying expectations. I deeply respect his approach, as he does it so successfully.<\/p><p><strong>Yamur Can<\/strong>, known as\u00a0Yamour<em>,<\/em>\u00a0is a Berlin-based DJ committed solely to vinyl sets.<\/p><p>Her mixes blend house and techno. I was introduced to minimal electronic music by my brother and have grown to love deep house. Last year I came across Yamour; her fierce mixes are now a staple on my playlist and played in my studio often.<\/p><p>Korean author <strong>Bora Chung<\/strong>\u2019s <strong><em>Cursed Bunny<\/em><\/strong>, 2017<\/p><p>This tested my imagination. The book was recommended to me by a dear friend, an avid reader, whom I often consult. The collected short stories, inspired by Russian and Slavic fairytales, blur the lines between science fiction, surreal imagery, and at times horror (It is not in the picture because I returned the book to my friend after finishing it.)\u00a0<\/p><p><strong><em>Anything Can Happen<\/em><\/strong> by <strong>George and Helen Papashvily<\/strong>, 1945<\/p><p>My copy is full of marked passages I often return to when browsing my bookshelf. It recounts Papashvily\u2019s experiences as a newly arrived immigrant in America, working odd jobs, trying food and flavors foreign to him. It is written mainly in broken English mirroring his own struggle with the language. Funny and absurd.<\/p><p>There is always Kafka for me.<\/p><p>Two publications by <strong>Mahmoud Keshavarz<\/strong> form part of my research and are central, among other sources, to my current work cycle: <em><strong>Seeing Like a Smuggler: Borders from Below<\/strong>\u00a0<\/em>which traces the movement of people and goods across borders\u2014 from Afghanistan to Zimbabwe, Singapore to Guatemala, and beyond. It explores how people navigate inequality and restrictions on mobility, and attests to how clandestine activities can fuel creative forces. <strong><em>The Design Politics of the Passport<\/em><\/strong> takes the passport as a focal point to examine how design is entangled with political power and the control of movement. Through personal stories and theoretical reflection, Keshavarz demonstrates how design can also be used to contest the very systems in which it operates.<\/p><\/div>\t\t\t\t\t\t\t\t<\/div>\n\t\t\t\t<\/div>\n\t\t\t\t<div class=\"elementor-element elementor-element-d639bb5 elementor-widget-divider--view-line elementor-widget elementor-widget-divider\" data-id=\"d639bb5\" data-element_type=\"widget\" data-e-type=\"widget\" data-widget_type=\"divider.default\">\n\t\t\t\t<div class=\"elementor-widget-container\">\n\t\t\t\t\t\t\t<div class=\"elementor-divider\">\n\t\t\t<span class=\"elementor-divider-separator\">\n\t\t\t\t\t\t<\/span>\n\t\t<\/div>\n\t\t\t\t\t\t<\/div>\n\t\t\t\t<\/div>\n\t\t\t\t<div class=\"elementor-element elementor-element-16d1f7e elementor-widget elementor-widget-text-editor\" data-id=\"16d1f7e\" data-element_type=\"widget\" data-e-type=\"widget\" data-widget_type=\"text-editor.default\">\n\t\t\t\t<div class=\"elementor-widget-container\">\n\t\t\t\t\t\t\t\t\t<p><a href=\"https:\/\/violayesiltac.com\/\"><strong>Viola Ye\u015filta\u00e7<\/strong><\/a> is a German artist of Turkish descent, who lives and works in Cologne, Germany, and Brooklyn, NY.\u00a0<\/p><p>Ye\u015filta\u00e7&#8217;s practice considers a range of socio-cultural issues, such as migration, through the lens of her personal history. She reflects intensively on the idiosyncrasies of places in her conceptually-driven works, which she does in a diverse range of media.<\/p><p>Recent solo exhibitions include: Kunstverein Springhornhof, Neuenkirchen, Germany (2023), Kunst an K\u00f6lner Litfa\u00dfs\u00e4ulen, Germany (2022), Kunsthaus Rhenania, Cologne, Germany (2020), Fondazione Brodbeck, Catania, Italy (2018)<\/p><p>Ye\u015filta\u00e7 has also participated in numerous group exhibitions, including Bureau Gallery, New York (2023), Kunstverein Langenhagen (2022), the Museum of Contemporary Art, Detroit (2017), Modern Art Oxford, UK (2016), Extra City Kunsthal, Antwerp (2015), The Kitchen, NYC (2015) and the 30th S\u00e3o Paulo Biennale (2014) among others.<\/p>\t\t\t\t\t\t\t\t<\/div>\n\t\t\t\t<\/div>\n\t\t\t\t\t<\/div>\n\t\t<\/div>\n\t\t\t\t<div class=\"elementor-column elementor-col-50 elementor-top-column elementor-element elementor-element-3810e7f\" data-id=\"3810e7f\" data-element_type=\"column\" data-e-type=\"column\">\n\t\t\t<div class=\"elementor-widget-wrap elementor-element-populated\">\n\t\t\t\t\t\t<div class=\"elementor-element elementor-element-15d6ce7 elementor-widget elementor-widget-spacer\" data-id=\"15d6ce7\" data-element_type=\"widget\" data-e-type=\"widget\" data-widget_type=\"spacer.default\">\n\t\t\t\t<div class=\"elementor-widget-container\">\n\t\t\t\t\t\t\t<div class=\"elementor-spacer\">\n\t\t\t<div class=\"elementor-spacer-inner\"><\/div>\n\t\t<\/div>\n\t\t\t\t\t\t<\/div>\n\t\t\t\t<\/div>\n\t\t\t\t<div class=\"elementor-element elementor-element-55367cf elementor-widget elementor-widget-text-editor\" data-id=\"55367cf\" data-element_type=\"widget\" data-e-type=\"widget\" data-widget_type=\"text-editor.default\">\n\t\t\t\t<div class=\"elementor-widget-container\">\n\t\t\t\t\t\t\t\t\t<div>Reading<\/div><div>\u00a0<\/div><div><em>Cursed Bunny<\/em>, Bora Chung (Honford Star, 2021)<\/div><div>\u00a0<\/div><div><em>Anything Can Happen<\/em>, George and Helen Papashvily (Harpers &amp; Row Publishers, INC. 1945)<\/div><div>\u00a0<\/div><div><em>Amerika<\/em>, Franz Kafka (originally published, Kurt Wulf Verlag, 1927)<\/div><div>\u00a0<\/div><div><em>The Design Politics of the Passport: Materiality, Immobility, and Dissent<\/em>, Mahmoud Keshavarz<\/div><div>(Bloomsbury Visual Arts, 2018)<\/div><div>\u00a0<\/div><div><em>Seeing Like a Smuggler: Borders from Below<\/em>, (eds.) Mahmoud Keshavarz and Shahram Khosravi (Pluto Press, 2022)<\/div><div>\u00a0<\/div><div>\u00a0<\/div><div>Watching<\/div><div>\u00a0<\/div><div><em>Das Lehrerzimmer \/ The Teachers\u2019 Lounge<\/em>, Dir. by \u0130lker \u00c7atak (2023)<\/div><div>\u00a0<\/div><div>\u00a0<\/div><div>Listening<\/div><div>\u00a0<\/div><div><em>Blitzcast 022<\/em>, Yamour <a href=\"https:\/\/on.soundcloud.com\/TI24qBfsCZ4DNPByP9\">(SoundCloud, 2024)<\/a><\/div>\t\t\t\t\t\t\t\t<\/div>\n\t\t\t\t<\/div>\n\t\t\t\t<div class=\"elementor-element elementor-element-ef5e6f5 elementor-widget elementor-widget-image\" data-id=\"ef5e6f5\" data-element_type=\"widget\" data-e-type=\"widget\" data-widget_type=\"image.default\">\n\t\t\t\t<div class=\"elementor-widget-container\">\n\t\t\t\t\t\t\t\t\t\t\t\t\t\t\t<img decoding=\"async\" width=\"768\" height=\"768\" src=\"https:\/\/sites.dundee.ac.uk\/cooper-gallery-inbetween\/wp-content\/uploads\/sites\/135\/2025\/11\/VY-books-duotone-768x768.jpg\" class=\"attachment-medium_large size-medium_large wp-image-4756\" alt=\"\" srcset=\"https:\/\/sites.dundee.ac.uk\/cooper-gallery-inbetween\/wp-content\/uploads\/sites\/135\/2025\/11\/VY-books-duotone-768x768.jpg 768w, https:\/\/sites.dundee.ac.uk\/cooper-gallery-inbetween\/wp-content\/uploads\/sites\/135\/2025\/11\/VY-books-duotone-300x300.jpg 300w, https:\/\/sites.dundee.ac.uk\/cooper-gallery-inbetween\/wp-content\/uploads\/sites\/135\/2025\/11\/VY-books-duotone-1024x1024.jpg 1024w, https:\/\/sites.dundee.ac.uk\/cooper-gallery-inbetween\/wp-content\/uploads\/sites\/135\/2025\/11\/VY-books-duotone-150x150.jpg 150w, https:\/\/sites.dundee.ac.uk\/cooper-gallery-inbetween\/wp-content\/uploads\/sites\/135\/2025\/11\/VY-books-duotone-1536x1536.jpg 1536w, https:\/\/sites.dundee.ac.uk\/cooper-gallery-inbetween\/wp-content\/uploads\/sites\/135\/2025\/11\/VY-books-duotone-2048x2048.jpg 2048w\" sizes=\"(max-width: 768px) 100vw, 768px\" \/>\t\t\t\t\t\t\t\t\t\t\t\t\t\t\t<\/div>\n\t\t\t\t<\/div>\n\t\t\t\t\t<\/div>\n\t\t<\/div>\n\t\t\t\t\t<\/div>\n\t\t<\/section>\n\t\t\t\t<section class=\"elementor-section elementor-top-section elementor-element elementor-element-31091ff elementor-section-full_width elementor-section-stretched elementor-section-height-default elementor-section-height-default\" data-id=\"31091ff\" data-element_type=\"section\" data-e-type=\"section\" data-settings=\"{&quot;background_background&quot;:&quot;classic&quot;,&quot;stretch_section&quot;:&quot;section-stretched&quot;}\">\n\t\t\t\t\t\t<div class=\"elementor-container elementor-column-gap-no\">\n\t\t\t\t\t<div class=\"elementor-column elementor-col-100 elementor-top-column elementor-element elementor-element-e7dc25e\" data-id=\"e7dc25e\" data-element_type=\"column\" data-e-type=\"column\" data-settings=\"{&quot;background_background&quot;:&quot;classic&quot;}\">\n\t\t\t<div class=\"elementor-widget-wrap elementor-element-populated\">\n\t\t\t\t\t\t<div class=\"elementor-element elementor-element-a8bda0f elementor-widget-divider--view-line elementor-widget elementor-widget-divider\" data-id=\"a8bda0f\" data-element_type=\"widget\" data-e-type=\"widget\" data-widget_type=\"divider.default\">\n\t\t\t\t<div class=\"elementor-widget-container\">\n\t\t\t\t\t\t\t<div class=\"elementor-divider\">\n\t\t\t<span class=\"elementor-divider-separator\">\n\t\t\t\t\t\t<\/span>\n\t\t<\/div>\n\t\t\t\t\t\t<\/div>\n\t\t\t\t<\/div>\n\t\t\t\t<div class=\"elementor-element elementor-element-7c10226 elementor-widget__width-inherit elementor-widget elementor-widget-text-editor\" data-id=\"7c10226\" data-element_type=\"widget\" data-e-type=\"widget\" data-widget_type=\"text-editor.default\">\n\t\t\t\t<div class=\"elementor-widget-container\">\n\t\t\t\t\t\t\t\t\t<p class=\"p1\"><span class=\"s1\">Please note the views published in\u00a0<i>What I am Reading Now&#8230;<\/i>\u00a0are personal reflections of the contributors. <br \/>These may not necessarily represent the views of the University of Dundee.<\/span><\/p><p class=\"p1\"><span class=\"s1\">\u2014\u2014\u2014<\/span><\/p><p><a href=\"https:\/\/sites.dundee.ac.uk\/cooper-gallery-inbetween\/what-i-am-reading-now\/\" target=\"_blank\" rel=\"noopener\">Home<\/a><\/p><p class=\"p1\"><span class=\"s1\"><a href=\"https:\/\/sites.dundee.ac.uk\/cooper-gallery-inbetween\/titilayo-farukuoye-November-2025\/\">Previous<span class=\"s2\"> Issue: Titilayo Farukuoye, November 2025<\/span><\/a><br \/><a href=\"https:\/\/sites.dundee.ac.uk\/cooper-gallery-inbetween\/alia-syed-January-2026\/\">Next Issue: Alia Syed, January 2026<\/a><\/span><\/p>\t\t\t\t\t\t\t\t<\/div>\n\t\t\t\t<\/div>\n\t\t\t\t<div class=\"elementor-element elementor-element-4eea693 elementor-widget-divider--view-line elementor-widget elementor-widget-divider\" data-id=\"4eea693\" data-element_type=\"widget\" data-e-type=\"widget\" data-widget_type=\"divider.default\">\n\t\t\t\t<div class=\"elementor-widget-container\">\n\t\t\t\t\t\t\t<div class=\"elementor-divider\">\n\t\t\t<span class=\"elementor-divider-separator\">\n\t\t\t\t\t\t<\/span>\n\t\t<\/div>\n\t\t\t\t\t\t<\/div>\n\t\t\t\t<\/div>\n\t\t\t\t<div class=\"elementor-element elementor-element-b7f3186 elementor-widget elementor-widget-image\" data-id=\"b7f3186\" data-element_type=\"widget\" data-e-type=\"widget\" data-widget_type=\"image.default\">\n\t\t\t\t<div class=\"elementor-widget-container\">\n\t\t\t\t\t\t\t\t\t\t\t\t\t\t\t<img decoding=\"async\" width=\"768\" height=\"144\" src=\"https:\/\/sites.dundee.ac.uk\/cooper-gallery-inbetween\/wp-content\/uploads\/sites\/135\/2025\/09\/TIAS-5-logo-block-768x144.png\" class=\"attachment-medium_large size-medium_large wp-image-4652\" alt=\"\" srcset=\"https:\/\/sites.dundee.ac.uk\/cooper-gallery-inbetween\/wp-content\/uploads\/sites\/135\/2025\/09\/TIAS-5-logo-block-768x144.png 768w, https:\/\/sites.dundee.ac.uk\/cooper-gallery-inbetween\/wp-content\/uploads\/sites\/135\/2025\/09\/TIAS-5-logo-block-300x56.png 300w, https:\/\/sites.dundee.ac.uk\/cooper-gallery-inbetween\/wp-content\/uploads\/sites\/135\/2025\/09\/TIAS-5-logo-block-1024x192.png 1024w, https:\/\/sites.dundee.ac.uk\/cooper-gallery-inbetween\/wp-content\/uploads\/sites\/135\/2025\/09\/TIAS-5-logo-block-1536x288.png 1536w, https:\/\/sites.dundee.ac.uk\/cooper-gallery-inbetween\/wp-content\/uploads\/sites\/135\/2025\/09\/TIAS-5-logo-block-2048x384.png 2048w\" sizes=\"(max-width: 768px) 100vw, 768px\" \/>\t\t\t\t\t\t\t\t\t\t\t\t\t\t\t<\/div>\n\t\t\t\t<\/div>\n\t\t\t\t<div class=\"elementor-element elementor-element-7c07848 elementor-widget-divider--view-line elementor-widget elementor-widget-divider\" data-id=\"7c07848\" data-element_type=\"widget\" data-e-type=\"widget\" data-widget_type=\"divider.default\">\n\t\t\t\t<div class=\"elementor-widget-container\">\n\t\t\t\t\t\t\t<div class=\"elementor-divider\">\n\t\t\t<span class=\"elementor-divider-separator\">\n\t\t\t\t\t\t<\/span>\n\t\t<\/div>\n\t\t\t\t\t\t<\/div>\n\t\t\t\t<\/div>\n\t\t\t\t\t<\/div>\n\t\t<\/div>\n\t\t\t\t\t<\/div>\n\t\t<\/section>\n\t\t\t\t<section class=\"elementor-section elementor-top-section elementor-element elementor-element-cf3db06 elementor-section-boxed elementor-section-height-default elementor-section-height-default\" data-id=\"cf3db06\" data-element_type=\"section\" data-e-type=\"section\">\n\t\t\t\t\t\t<div class=\"elementor-container elementor-column-gap-default\">\n\t\t\t\t\t<div class=\"elementor-column elementor-col-100 elementor-top-column elementor-element elementor-element-8efdc75\" data-id=\"8efdc75\" data-element_type=\"column\" data-e-type=\"column\">\n\t\t\t<div class=\"elementor-widget-wrap\">\n\t\t\t\t\t\t\t<\/div>\n\t\t<\/div>\n\t\t\t\t\t<\/div>\n\t\t<\/section>\n\t\t\t\t<\/div>\n\t\t","protected":false},"excerpt":{"rendered":"<p>about projects What I am Reading Now\u2026Viola\u00a0Ye\u015filta\u00e7December 2025 \u00a0 Throughout the past couple of years, while trying to understand my artistic practice better\u2014by asking myself what keeps me going despite the hurdles we face\u2014I have come to see it less as a search for an origin point for ideas and more as a willingness to &hellip;<\/p>\n","protected":false},"author":271,"featured_media":0,"parent":0,"menu_order":0,"comment_status":"closed","ping_status":"closed","template":"","meta":{"footnotes":""},"class_list":["post-4751","page","type-page","status-publish","hentry"],"_links":{"self":[{"href":"https:\/\/sites.dundee.ac.uk\/cooper-gallery-inbetween\/wp-json\/wp\/v2\/pages\/4751","targetHints":{"allow":["GET"]}}],"collection":[{"href":"https:\/\/sites.dundee.ac.uk\/cooper-gallery-inbetween\/wp-json\/wp\/v2\/pages"}],"about":[{"href":"https:\/\/sites.dundee.ac.uk\/cooper-gallery-inbetween\/wp-json\/wp\/v2\/types\/page"}],"author":[{"embeddable":true,"href":"https:\/\/sites.dundee.ac.uk\/cooper-gallery-inbetween\/wp-json\/wp\/v2\/users\/271"}],"replies":[{"embeddable":true,"href":"https:\/\/sites.dundee.ac.uk\/cooper-gallery-inbetween\/wp-json\/wp\/v2\/comments?post=4751"}],"version-history":[{"count":37,"href":"https:\/\/sites.dundee.ac.uk\/cooper-gallery-inbetween\/wp-json\/wp\/v2\/pages\/4751\/revisions"}],"predecessor-version":[{"id":4960,"href":"https:\/\/sites.dundee.ac.uk\/cooper-gallery-inbetween\/wp-json\/wp\/v2\/pages\/4751\/revisions\/4960"}],"wp:attachment":[{"href":"https:\/\/sites.dundee.ac.uk\/cooper-gallery-inbetween\/wp-json\/wp\/v2\/media?parent=4751"}],"curies":[{"name":"wp","href":"https:\/\/api.w.org\/{rel}","templated":true}]}}