{"id":4707,"date":"2025-10-27T13:41:01","date_gmt":"2025-10-27T13:41:01","guid":{"rendered":"https:\/\/sites.dundee.ac.uk\/cooper-gallery-inbetween\/?page_id=4707"},"modified":"2026-02-03T11:06:41","modified_gmt":"2026-02-03T11:06:41","slug":"titilayo-farukuoye-november-2025","status":"publish","type":"page","link":"https:\/\/sites.dundee.ac.uk\/cooper-gallery-inbetween\/titilayo-farukuoye-november-2025\/","title":{"rendered":"Titilayo Farukuoye, November 2025"},"content":{"rendered":"\t\t<div data-elementor-type=\"wp-post\" data-elementor-id=\"4707\" class=\"elementor elementor-4707\">\n\t\t\t\t\t\t<section class=\"elementor-section elementor-top-section elementor-element elementor-element-7af606b elementor-section-full_width elementor-section-stretched elementor-section-height-default elementor-section-height-default\" data-id=\"7af606b\" data-element_type=\"section\" data-e-type=\"section\" data-settings=\"{&quot;stretch_section&quot;:&quot;section-stretched&quot;}\">\n\t\t\t\t\t\t<div class=\"elementor-container elementor-column-gap-default\">\n\t\t\t\t\t<div class=\"elementor-column elementor-col-50 elementor-top-column elementor-element elementor-element-2c8de33\" data-id=\"2c8de33\" data-element_type=\"column\" data-e-type=\"column\" data-settings=\"{&quot;background_background&quot;:&quot;classic&quot;}\">\n\t\t\t<div class=\"elementor-widget-wrap elementor-element-populated\">\n\t\t\t\t\t<div class=\"elementor-background-overlay\"><\/div>\n\t\t\t\t\t\t<div class=\"elementor-element elementor-element-55ad540 elementor-widget elementor-widget-image\" data-id=\"55ad540\" data-element_type=\"widget\" data-e-type=\"widget\" data-widget_type=\"image.default\">\n\t\t\t\t<div class=\"elementor-widget-container\">\n\t\t\t\t\t\t\t\t\t\t\t\t\t\t\t\t<a href=\"https:\/\/sites.dundee.ac.uk\/cooper-gallery-inbetween\/what-i-am-reading-now\/\">\n\t\t\t\t\t\t\t<img fetchpriority=\"high\" decoding=\"async\" width=\"2917\" height=\"1625\" src=\"https:\/\/sites.dundee.ac.uk\/cooper-gallery-inbetween\/wp-content\/uploads\/sites\/135\/2020\/07\/WIRN_header300.jpg\" class=\"attachment-full size-full wp-image-1087\" alt=\"\" srcset=\"https:\/\/sites.dundee.ac.uk\/cooper-gallery-inbetween\/wp-content\/uploads\/sites\/135\/2020\/07\/WIRN_header300.jpg 2917w, https:\/\/sites.dundee.ac.uk\/cooper-gallery-inbetween\/wp-content\/uploads\/sites\/135\/2020\/07\/WIRN_header300-300x167.jpg 300w, https:\/\/sites.dundee.ac.uk\/cooper-gallery-inbetween\/wp-content\/uploads\/sites\/135\/2020\/07\/WIRN_header300-768x428.jpg 768w, https:\/\/sites.dundee.ac.uk\/cooper-gallery-inbetween\/wp-content\/uploads\/sites\/135\/2020\/07\/WIRN_header300-1024x570.jpg 1024w\" sizes=\"(max-width: 2917px) 100vw, 2917px\" \/>\t\t\t\t\t\t\t\t<\/a>\n\t\t\t\t\t\t\t\t\t\t\t\t\t\t\t<\/div>\n\t\t\t\t<\/div>\n\t\t\t\t\t<\/div>\n\t\t<\/div>\n\t\t\t\t<div class=\"elementor-column elementor-col-50 elementor-top-column elementor-element elementor-element-209db6b\" data-id=\"209db6b\" data-element_type=\"column\" data-e-type=\"column\" data-settings=\"{&quot;background_background&quot;:&quot;classic&quot;}\">\n\t\t\t<div class=\"elementor-widget-wrap elementor-element-populated\">\n\t\t\t\t\t\t<div class=\"elementor-element elementor-element-44bf806 elementor-hidden-tablet elementor-hidden-phone elementor-widget elementor-widget-spacer\" data-id=\"44bf806\" data-element_type=\"widget\" data-e-type=\"widget\" data-widget_type=\"spacer.default\">\n\t\t\t\t<div class=\"elementor-widget-container\">\n\t\t\t\t\t\t\t<div class=\"elementor-spacer\">\n\t\t\t<div class=\"elementor-spacer-inner\"><\/div>\n\t\t<\/div>\n\t\t\t\t\t\t<\/div>\n\t\t\t\t<\/div>\n\t\t\t\t<div class=\"elementor-element elementor-element-a262e58 elementor-align-center elementor-widget__width-initial elementor-widget elementor-widget-button\" data-id=\"a262e58\" data-element_type=\"widget\" data-e-type=\"widget\" data-widget_type=\"button.default\">\n\t\t\t\t<div class=\"elementor-widget-container\">\n\t\t\t\t\t\t\t\t\t<div class=\"elementor-button-wrapper\">\n\t\t\t\t\t<a class=\"elementor-button elementor-button-link elementor-size-sm\" href=\"https:\/\/sites.dundee.ac.uk\/cooper-gallery-inbetween\/about\/\">\n\t\t\t\t\t\t<span class=\"elementor-button-content-wrapper\">\n\t\t\t\t\t\t\t\t\t<span class=\"elementor-button-text\">about<\/span>\n\t\t\t\t\t<\/span>\n\t\t\t\t\t<\/a>\n\t\t\t\t<\/div>\n\t\t\t\t\t\t\t\t<\/div>\n\t\t\t\t<\/div>\n\t\t\t\t<div class=\"elementor-element elementor-element-56e5996 elementor-align-center elementor-widget__width-initial elementor-widget elementor-widget-button\" data-id=\"56e5996\" data-element_type=\"widget\" data-e-type=\"widget\" data-widget_type=\"button.default\">\n\t\t\t\t<div class=\"elementor-widget-container\">\n\t\t\t\t\t\t\t\t\t<div class=\"elementor-button-wrapper\">\n\t\t\t\t\t<a class=\"elementor-button elementor-button-link elementor-size-sm\" href=\"https:\/\/sites.dundee.ac.uk\/cooper-gallery-inbetween\/\">\n\t\t\t\t\t\t<span class=\"elementor-button-content-wrapper\">\n\t\t\t\t\t\t\t\t\t<span class=\"elementor-button-text\">projects<\/span>\n\t\t\t\t\t<\/span>\n\t\t\t\t\t<\/a>\n\t\t\t\t<\/div>\n\t\t\t\t\t\t\t\t<\/div>\n\t\t\t\t<\/div>\n\t\t\t\t\t<\/div>\n\t\t<\/div>\n\t\t\t\t\t<\/div>\n\t\t<\/section>\n\t\t\t\t<section class=\"elementor-section elementor-top-section elementor-element elementor-element-b37c259 elementor-section-stretched elementor-section-full_width elementor-section-height-default elementor-section-height-default\" data-id=\"b37c259\" data-element_type=\"section\" data-e-type=\"section\" data-settings=\"{&quot;stretch_section&quot;:&quot;section-stretched&quot;,&quot;background_background&quot;:&quot;classic&quot;}\">\n\t\t\t\t\t\t<div class=\"elementor-container elementor-column-gap-default\">\n\t\t\t\t\t<div class=\"elementor-column elementor-col-100 elementor-top-column elementor-element elementor-element-afb3746\" data-id=\"afb3746\" data-element_type=\"column\" data-e-type=\"column\">\n\t\t\t<div class=\"elementor-widget-wrap elementor-element-populated\">\n\t\t\t\t\t\t<div class=\"elementor-element elementor-element-ad2e816 elementor-widget-divider--view-line elementor-widget elementor-widget-divider\" data-id=\"ad2e816\" data-element_type=\"widget\" data-e-type=\"widget\" data-widget_type=\"divider.default\">\n\t\t\t\t<div class=\"elementor-widget-container\">\n\t\t\t\t\t\t\t<div class=\"elementor-divider\">\n\t\t\t<span class=\"elementor-divider-separator\">\n\t\t\t\t\t\t<\/span>\n\t\t<\/div>\n\t\t\t\t\t\t<\/div>\n\t\t\t\t<\/div>\n\t\t\t\t\t<\/div>\n\t\t<\/div>\n\t\t\t\t\t<\/div>\n\t\t<\/section>\n\t\t\t\t<section class=\"elementor-section elementor-top-section elementor-element elementor-element-d1438fe elementor-section-stretched elementor-section-full_width elementor-section-height-default elementor-section-height-default\" data-id=\"d1438fe\" data-element_type=\"section\" data-e-type=\"section\" data-settings=\"{&quot;stretch_section&quot;:&quot;section-stretched&quot;,&quot;background_background&quot;:&quot;classic&quot;}\">\n\t\t\t\t\t\t<div class=\"elementor-container elementor-column-gap-default\">\n\t\t\t\t\t<div class=\"elementor-column elementor-col-50 elementor-top-column elementor-element elementor-element-c8e900c\" data-id=\"c8e900c\" data-element_type=\"column\" data-e-type=\"column\">\n\t\t\t<div class=\"elementor-widget-wrap elementor-element-populated\">\n\t\t\t\t\t\t<div class=\"elementor-element elementor-element-58a3de8 elementor-widget__width-initial elementor-widget elementor-widget-text-editor\" data-id=\"58a3de8\" data-element_type=\"widget\" data-e-type=\"widget\" data-widget_type=\"text-editor.default\">\n\t\t\t\t<div class=\"elementor-widget-container\">\n\t\t\t\t\t\t\t\t\t<div><p><strong>What I am Reading Now\u2026<br \/>Titilayo Farukuoye<br \/><\/strong>November 2025<\/p><\/div><div><p>In times like today\u2019s, it is the power, strength and solidarity that is created by coming together to seek collective liberation with peers, workers, neighbours, queers, creatives, women + gender marginalised people and all those I am in community with, that keeps me going.<\/p><p>It\u2019s this shared care and understanding that makes it possible to continuously show up, ask questions and struggle for justice and create a shared vision for a better world.<\/p><p>Every so often this feeling of shared solidarity is violently shattered by an often subtle gesture that demands space for an overwhelming and unkind question in my head: <em>Why do so many people and communities get forgotten about? What allows you to care about this cause, but not the next?!<\/em><\/p><p>It seems that we are together, until we are not.<\/p><p>Anti-Blackness is one of the causes of this rupture. It jumps out like a curse ready to haunt even the best community group or initiative, taking whatever shape it pleases: a throw away comment, whether or not people turn up to a Black-led event or initiative, which atrocities are shared on social media, which are not, which activists are remembered, or forgotten, the amount of violence someone is met with, who is afforded grace, extra time and resources, who isn\u2019t&#8230;<\/p><p>It is not out of bold malice (though sometimes it is!), but is merely an essential function of white supremacy, which relies on simple racial hierarchy to work: those closest to whiteness (through skin colour, hair and accent but equally so body type, culture, language, passport, nationality, education, upbringing, you name it) are prioritised.<\/p><p>What complicates this notion, is that we can\u2019t all do <em>everything<\/em>, so prioritisation and targeted action <em>is essential<\/em> if we are to achieve anything at all (as exemplified by the BDS movement), however, this selectivity is a problem when African and African descendant people by default are de-prioritised.<\/p><p>We cannot wait for one people to liberate themselves before the next group gets their turn, not when we are in a global fight against racial capitalism and neocolonialism murdering so many of us daily, not when all of our struggles are connected \u2013\u2018The truth is, no one of us is free until all of us are free\u2019 \u2013 Maya Angelou.<\/p><p>In this spirit, though there are so many struggles to be in solidarity with, to act and boycott for, like the people of <a href=\"https:\/\/decolonizesudan.org\/\">Sudan<\/a> and <a href=\"https:\/\/www.ohchr.org\/en\/stories\/2025\/04\/restoring-dignity-global-call-end-violence-haiti\">Haiti<\/a>, I have decided to share a few books and resources I have read and continue to engage with to focus on the plight for freedom and justice of the people of the Democratic Republic of Congo:<\/p><p><strong>In the words of Pappy Orion, founder and chair, of humanitarian charity Focus Congo,<\/strong><\/p><p><strong>\u201c<\/strong>The Genocide in Congo has never been silent. We have had Congolese people screaming, women, children screaming for their lives [..] Because this is happening on African soil to Black people, we all choose to ignore it. [&#8230;] according to some of us Africans, Congolese people are meant to suffer\u2026\u00a0<\/p><p>Millions of lives have perished, and yet we [global witnesses] keep on going, we are all accomplices, we know that, but we choose to ignore.<\/p><p>Congolese Lives Matter. Stand with Congo.\u201d- <strong>Pappy Orion, founder of Focus Congo<br \/><\/strong><\/p><p>Free Congo!<\/p><\/div>\t\t\t\t\t\t\t\t<\/div>\n\t\t\t\t<\/div>\n\t\t\t\t<div class=\"elementor-element elementor-element-f44216c elementor-widget-divider--view-line elementor-widget elementor-widget-divider\" data-id=\"f44216c\" data-element_type=\"widget\" data-e-type=\"widget\" data-widget_type=\"divider.default\">\n\t\t\t\t<div class=\"elementor-widget-container\">\n\t\t\t\t\t\t\t<div class=\"elementor-divider\">\n\t\t\t<span class=\"elementor-divider-separator\">\n\t\t\t\t\t\t<\/span>\n\t\t<\/div>\n\t\t\t\t\t\t<\/div>\n\t\t\t\t<\/div>\n\t\t\t\t<div class=\"elementor-element elementor-element-c60900d elementor-widget elementor-widget-text-editor\" data-id=\"c60900d\" data-element_type=\"widget\" data-e-type=\"widget\" data-widget_type=\"text-editor.default\">\n\t\t\t\t<div class=\"elementor-widget-container\">\n\t\t\t\t\t\t\t\t\t<p><strong>Titilayo Farukuoye<\/strong> (they\/them) is a writer, educator and organiser based in Glasgow. Their work addresses social justice and community care and is informed by rights and cultural leaders like Assata Shakur and Oy\u00e8r\u00f3nk\u1eb9\u0301 Oy\u011bw\u00f9m\u00ed. Titilayo invites us to dream and use our radical imagination to seek more just realities. Titilayo co-directs the Scottish BPOC Writers Network and is a winner of the Edwin Morgan Poetry Award. Their poetry pamphlet\u00a0<em>In Wolf\u2019s Skin<\/em>\u00a0is available with Stewed Rhubarb Press and Titilayo\u2019s non-fiction book\u00a0<em>But We Did: Dismantling colonialist myths towards collective liberation<\/em>\u00a0is forthcoming with Saraband.\u00a0<\/p>\t\t\t\t\t\t\t\t<\/div>\n\t\t\t\t<\/div>\n\t\t\t\t\t<\/div>\n\t\t<\/div>\n\t\t\t\t<div class=\"elementor-column elementor-col-50 elementor-top-column elementor-element elementor-element-b2f7730\" data-id=\"b2f7730\" data-element_type=\"column\" data-e-type=\"column\">\n\t\t\t<div class=\"elementor-widget-wrap elementor-element-populated\">\n\t\t\t\t\t\t<div class=\"elementor-element elementor-element-0c32e4f elementor-widget elementor-widget-spacer\" data-id=\"0c32e4f\" data-element_type=\"widget\" data-e-type=\"widget\" data-widget_type=\"spacer.default\">\n\t\t\t\t<div class=\"elementor-widget-container\">\n\t\t\t\t\t\t\t<div class=\"elementor-spacer\">\n\t\t\t<div class=\"elementor-spacer-inner\"><\/div>\n\t\t<\/div>\n\t\t\t\t\t\t<\/div>\n\t\t\t\t<\/div>\n\t\t\t\t<div class=\"elementor-element elementor-element-2778e13 elementor-widget elementor-widget-text-editor\" data-id=\"2778e13\" data-element_type=\"widget\" data-e-type=\"widget\" data-widget_type=\"text-editor.default\">\n\t\t\t\t<div class=\"elementor-widget-container\">\n\t\t\t\t\t\t\t\t\t<p>Watch<\/p><div><a href=\"https:\/\/www.youtube.com\/watch?v=vLV9szEu9Ag&amp;rco=1\"><em>Crisis In The Congo: Uncovering The Truth<\/em>, Friends of the Congo (YouTube, 2011)<\/a><\/div><div>(Content Warning: Graphic imagery, detailed description of torture, manslaughter, rape, genocide\u2026)<\/div><div>\u00a0<\/div><div><a href=\"https:\/\/www.youtube.com\/watch?v=_RwLdIiZk_8\"><em>Soundtrack to a Coup d&#8217;Etat<\/em>, Dir. Johan Grimonprez (2024)<\/a><\/div><div>\u00a0<\/div><div>\u00a0<\/div><div><div>Follow &amp; Donate<\/div><div>\u00a0<\/div><div>&#8211; <a href=\"https:\/\/friendsofthecongo.org\/\">https:\/\/friendsofthecongo.org\/<\/a><br \/>&#8211; <a href=\"https:\/\/congoweek.org\/flyers-fact-sheets.html\">https:\/\/congoweek.org\/flyers-fact-sheets.html<\/a><br \/>&#8211;\u00a0<a href=\"https:\/\/www.focuscongo.com\">https:\/\/www.focuscongo.com<\/a><\/div><\/div><div>\u00a0<\/div><div>\u00a0<\/div><div>Read<\/div><div>\u00a0<\/div><div><div><em>King Leopold&#8217;s Ghost<\/em>, Adam Hochschild (Mariner Books, 1998)<\/div><div>\u00a0<\/div><div><em>My Country, Africa: Autobiography of the Black Pasionaria<\/em>, Andr\u00e9e Blouin (Verso Books, 2025)<\/div><div>\u00a0<\/div><div><em>Cobalt Red: How the Blood of the Congo Powers Our Lives<\/em>, Siddharth Kara (St. Martin&#8217;s Press, 2023)<\/div><div>\u00a0<\/div><\/div><div>\u00a0<\/div><div>Listen<\/div><div>\u00a0<\/div><div><span style=\"font-size: 1.8rem\">Koffi Olomide<\/span><\/div><div><div>Fally Ipupa<\/div><\/div>\t\t\t\t\t\t\t\t<\/div>\n\t\t\t\t<\/div>\n\t\t\t\t<div class=\"elementor-element elementor-element-a3aa931 elementor-widget elementor-widget-image\" data-id=\"a3aa931\" data-element_type=\"widget\" data-e-type=\"widget\" data-widget_type=\"image.default\">\n\t\t\t\t<div class=\"elementor-widget-container\">\n\t\t\t\t\t\t\t\t\t\t\t\t\t\t\t<img decoding=\"async\" width=\"768\" height=\"960\" src=\"https:\/\/sites.dundee.ac.uk\/cooper-gallery-inbetween\/wp-content\/uploads\/sites\/135\/2025\/10\/WIARN_IG_BOOKS_TF-768x960.jpg\" class=\"attachment-medium_large size-medium_large wp-image-4720\" alt=\"\" srcset=\"https:\/\/sites.dundee.ac.uk\/cooper-gallery-inbetween\/wp-content\/uploads\/sites\/135\/2025\/10\/WIARN_IG_BOOKS_TF-768x960.jpg 768w, https:\/\/sites.dundee.ac.uk\/cooper-gallery-inbetween\/wp-content\/uploads\/sites\/135\/2025\/10\/WIARN_IG_BOOKS_TF-240x300.jpg 240w, https:\/\/sites.dundee.ac.uk\/cooper-gallery-inbetween\/wp-content\/uploads\/sites\/135\/2025\/10\/WIARN_IG_BOOKS_TF-819x1024.jpg 819w, https:\/\/sites.dundee.ac.uk\/cooper-gallery-inbetween\/wp-content\/uploads\/sites\/135\/2025\/10\/WIARN_IG_BOOKS_TF.jpg 1080w\" sizes=\"(max-width: 768px) 100vw, 768px\" \/>\t\t\t\t\t\t\t\t\t\t\t\t\t\t\t<\/div>\n\t\t\t\t<\/div>\n\t\t\t\t\t<\/div>\n\t\t<\/div>\n\t\t\t\t\t<\/div>\n\t\t<\/section>\n\t\t\t\t<section class=\"elementor-section elementor-top-section elementor-element elementor-element-663a1b2 elementor-section-full_width elementor-section-stretched elementor-section-height-default elementor-section-height-default\" data-id=\"663a1b2\" data-element_type=\"section\" data-e-type=\"section\" data-settings=\"{&quot;background_background&quot;:&quot;classic&quot;,&quot;stretch_section&quot;:&quot;section-stretched&quot;}\">\n\t\t\t\t\t\t<div class=\"elementor-container elementor-column-gap-no\">\n\t\t\t\t\t<div class=\"elementor-column elementor-col-100 elementor-top-column elementor-element elementor-element-4b16f6b\" data-id=\"4b16f6b\" data-element_type=\"column\" data-e-type=\"column\" data-settings=\"{&quot;background_background&quot;:&quot;classic&quot;}\">\n\t\t\t<div class=\"elementor-widget-wrap elementor-element-populated\">\n\t\t\t\t\t\t<div class=\"elementor-element elementor-element-496cb4c elementor-widget-divider--view-line elementor-widget elementor-widget-divider\" data-id=\"496cb4c\" data-element_type=\"widget\" data-e-type=\"widget\" data-widget_type=\"divider.default\">\n\t\t\t\t<div class=\"elementor-widget-container\">\n\t\t\t\t\t\t\t<div class=\"elementor-divider\">\n\t\t\t<span class=\"elementor-divider-separator\">\n\t\t\t\t\t\t<\/span>\n\t\t<\/div>\n\t\t\t\t\t\t<\/div>\n\t\t\t\t<\/div>\n\t\t\t\t<div class=\"elementor-element elementor-element-a03d794 elementor-widget__width-inherit elementor-widget elementor-widget-text-editor\" data-id=\"a03d794\" data-element_type=\"widget\" data-e-type=\"widget\" data-widget_type=\"text-editor.default\">\n\t\t\t\t<div class=\"elementor-widget-container\">\n\t\t\t\t\t\t\t\t\t<p class=\"p1\"><span class=\"s1\">Please note the views published in\u00a0<i>What I am Reading Now&#8230;<\/i>\u00a0are personal reflections of the contributors. <br \/>These may not necessarily represent the views of the University of Dundee.<\/span><\/p><p class=\"p1\"><span class=\"s1\">\u2014\u2014\u2014<\/span><\/p><p><a href=\"https:\/\/sites.dundee.ac.uk\/cooper-gallery-inbetween\/what-i-am-reading-now\/\" target=\"_blank\" rel=\"noopener\">Home<\/a><\/p><p class=\"p1\"><span class=\"s1\"><a href=\"https:\/\/sites.dundee.ac.uk\/cooper-gallery-inbetween\/omar-kholeif-October-2025\/\">Previous<span class=\"s2\"> Issue: <strong>Omar Kholeif<\/strong>, October 2025<\/span><\/a><br \/><a href=\"https:\/\/sites.dundee.ac.uk\/cooper-gallery-inbetween\/viola-yesiltac-December-2025\/\">Next Issue: <strong>Viola\u00a0Ye\u015filta\u00e7<\/strong>, December 2025<\/a><\/span><\/p>\t\t\t\t\t\t\t\t<\/div>\n\t\t\t\t<\/div>\n\t\t\t\t<div class=\"elementor-element elementor-element-8377a0d elementor-widget-divider--view-line elementor-widget elementor-widget-divider\" data-id=\"8377a0d\" data-element_type=\"widget\" data-e-type=\"widget\" data-widget_type=\"divider.default\">\n\t\t\t\t<div class=\"elementor-widget-container\">\n\t\t\t\t\t\t\t<div class=\"elementor-divider\">\n\t\t\t<span class=\"elementor-divider-separator\">\n\t\t\t\t\t\t<\/span>\n\t\t<\/div>\n\t\t\t\t\t\t<\/div>\n\t\t\t\t<\/div>\n\t\t\t\t<div class=\"elementor-element elementor-element-7b8d3b7 elementor-widget elementor-widget-image\" data-id=\"7b8d3b7\" data-element_type=\"widget\" data-e-type=\"widget\" data-widget_type=\"image.default\">\n\t\t\t\t<div class=\"elementor-widget-container\">\n\t\t\t\t\t\t\t\t\t\t\t\t\t\t\t<img decoding=\"async\" width=\"768\" height=\"144\" src=\"https:\/\/sites.dundee.ac.uk\/cooper-gallery-inbetween\/wp-content\/uploads\/sites\/135\/2025\/09\/TIAS-5-logo-block-768x144.png\" class=\"attachment-medium_large size-medium_large wp-image-4652\" alt=\"\" srcset=\"https:\/\/sites.dundee.ac.uk\/cooper-gallery-inbetween\/wp-content\/uploads\/sites\/135\/2025\/09\/TIAS-5-logo-block-768x144.png 768w, https:\/\/sites.dundee.ac.uk\/cooper-gallery-inbetween\/wp-content\/uploads\/sites\/135\/2025\/09\/TIAS-5-logo-block-300x56.png 300w, https:\/\/sites.dundee.ac.uk\/cooper-gallery-inbetween\/wp-content\/uploads\/sites\/135\/2025\/09\/TIAS-5-logo-block-1024x192.png 1024w, https:\/\/sites.dundee.ac.uk\/cooper-gallery-inbetween\/wp-content\/uploads\/sites\/135\/2025\/09\/TIAS-5-logo-block-1536x288.png 1536w, https:\/\/sites.dundee.ac.uk\/cooper-gallery-inbetween\/wp-content\/uploads\/sites\/135\/2025\/09\/TIAS-5-logo-block-2048x384.png 2048w\" sizes=\"(max-width: 768px) 100vw, 768px\" \/>\t\t\t\t\t\t\t\t\t\t\t\t\t\t\t<\/div>\n\t\t\t\t<\/div>\n\t\t\t\t<div class=\"elementor-element elementor-element-1e32291 elementor-widget-divider--view-line elementor-widget elementor-widget-divider\" data-id=\"1e32291\" data-element_type=\"widget\" data-e-type=\"widget\" data-widget_type=\"divider.default\">\n\t\t\t\t<div class=\"elementor-widget-container\">\n\t\t\t\t\t\t\t<div class=\"elementor-divider\">\n\t\t\t<span class=\"elementor-divider-separator\">\n\t\t\t\t\t\t<\/span>\n\t\t<\/div>\n\t\t\t\t\t\t<\/div>\n\t\t\t\t<\/div>\n\t\t\t\t\t<\/div>\n\t\t<\/div>\n\t\t\t\t\t<\/div>\n\t\t<\/section>\n\t\t\t\t<section class=\"elementor-section elementor-top-section elementor-element elementor-element-0a2de60 elementor-section-boxed elementor-section-height-default elementor-section-height-default\" data-id=\"0a2de60\" data-element_type=\"section\" data-e-type=\"section\">\n\t\t\t\t\t\t<div class=\"elementor-container elementor-column-gap-default\">\n\t\t\t\t\t<div class=\"elementor-column elementor-col-100 elementor-top-column elementor-element elementor-element-e80e28c\" data-id=\"e80e28c\" data-element_type=\"column\" data-e-type=\"column\">\n\t\t\t<div class=\"elementor-widget-wrap\">\n\t\t\t\t\t\t\t<\/div>\n\t\t<\/div>\n\t\t\t\t\t<\/div>\n\t\t<\/section>\n\t\t\t\t<\/div>\n\t\t","protected":false},"excerpt":{"rendered":"<p>about projects What I am Reading Now\u2026Titilayo FarukuoyeNovember 2025 In times like today\u2019s, it is the power, strength and solidarity that is created by coming together to seek collective liberation with peers, workers, neighbours, queers, creatives, women + gender marginalised people and all those I am in community with, that keeps me going. It\u2019s this &hellip;<\/p>\n","protected":false},"author":271,"featured_media":0,"parent":0,"menu_order":0,"comment_status":"closed","ping_status":"closed","template":"","meta":{"footnotes":""},"class_list":["post-4707","page","type-page","status-publish","hentry"],"_links":{"self":[{"href":"https:\/\/sites.dundee.ac.uk\/cooper-gallery-inbetween\/wp-json\/wp\/v2\/pages\/4707","targetHints":{"allow":["GET"]}}],"collection":[{"href":"https:\/\/sites.dundee.ac.uk\/cooper-gallery-inbetween\/wp-json\/wp\/v2\/pages"}],"about":[{"href":"https:\/\/sites.dundee.ac.uk\/cooper-gallery-inbetween\/wp-json\/wp\/v2\/types\/page"}],"author":[{"embeddable":true,"href":"https:\/\/sites.dundee.ac.uk\/cooper-gallery-inbetween\/wp-json\/wp\/v2\/users\/271"}],"replies":[{"embeddable":true,"href":"https:\/\/sites.dundee.ac.uk\/cooper-gallery-inbetween\/wp-json\/wp\/v2\/comments?post=4707"}],"version-history":[{"count":34,"href":"https:\/\/sites.dundee.ac.uk\/cooper-gallery-inbetween\/wp-json\/wp\/v2\/pages\/4707\/revisions"}],"predecessor-version":[{"id":4951,"href":"https:\/\/sites.dundee.ac.uk\/cooper-gallery-inbetween\/wp-json\/wp\/v2\/pages\/4707\/revisions\/4951"}],"wp:attachment":[{"href":"https:\/\/sites.dundee.ac.uk\/cooper-gallery-inbetween\/wp-json\/wp\/v2\/media?parent=4707"}],"curies":[{"name":"wp","href":"https:\/\/api.w.org\/{rel}","templated":true}]}}