{"id":2185,"date":"2023-03-08T11:22:52","date_gmt":"2023-03-08T11:22:52","guid":{"rendered":"https:\/\/sites.dundee.ac.uk\/cooper-gallery-inbetween\/?page_id=2185"},"modified":"2024-05-01T10:31:27","modified_gmt":"2024-05-01T09:31:27","slug":"khairani-barokka-april-2022","status":"publish","type":"page","link":"https:\/\/sites.dundee.ac.uk\/cooper-gallery-inbetween\/khairani-barokka-april-2022\/","title":{"rendered":"Khairani Barokka, April 2022"},"content":{"rendered":"\t\t<div data-elementor-type=\"wp-page\" data-elementor-id=\"2185\" class=\"elementor elementor-2185\">\n\t\t\t\t\t\t<section class=\"elementor-section elementor-top-section elementor-element elementor-element-7fa12f0 elementor-section-full_width elementor-section-stretched elementor-section-height-default elementor-section-height-default\" data-id=\"7fa12f0\" data-element_type=\"section\" data-e-type=\"section\" data-settings=\"{&quot;stretch_section&quot;:&quot;section-stretched&quot;}\">\n\t\t\t\t\t\t<div class=\"elementor-container elementor-column-gap-default\">\n\t\t\t\t\t<div class=\"elementor-column elementor-col-50 elementor-top-column elementor-element elementor-element-d7d4a5c\" data-id=\"d7d4a5c\" data-element_type=\"column\" data-e-type=\"column\" data-settings=\"{&quot;background_background&quot;:&quot;classic&quot;}\">\n\t\t\t<div class=\"elementor-widget-wrap elementor-element-populated\">\n\t\t\t\t\t<div class=\"elementor-background-overlay\"><\/div>\n\t\t\t\t\t\t<div class=\"elementor-element elementor-element-619aa39 elementor-widget elementor-widget-image\" data-id=\"619aa39\" data-element_type=\"widget\" data-e-type=\"widget\" data-widget_type=\"image.default\">\n\t\t\t\t<div class=\"elementor-widget-container\">\n\t\t\t\t\t\t\t\t\t\t\t\t\t\t\t\t<a href=\"https:\/\/sites.dundee.ac.uk\/cooper-gallery-inbetween\/what-i-am-reading-now\/\">\n\t\t\t\t\t\t\t<img fetchpriority=\"high\" decoding=\"async\" width=\"2917\" height=\"1625\" src=\"https:\/\/sites.dundee.ac.uk\/cooper-gallery-inbetween\/wp-content\/uploads\/sites\/135\/2020\/07\/WIRN_header300.jpg\" class=\"attachment-full size-full wp-image-1087\" alt=\"\" srcset=\"https:\/\/sites.dundee.ac.uk\/cooper-gallery-inbetween\/wp-content\/uploads\/sites\/135\/2020\/07\/WIRN_header300.jpg 2917w, https:\/\/sites.dundee.ac.uk\/cooper-gallery-inbetween\/wp-content\/uploads\/sites\/135\/2020\/07\/WIRN_header300-300x167.jpg 300w, https:\/\/sites.dundee.ac.uk\/cooper-gallery-inbetween\/wp-content\/uploads\/sites\/135\/2020\/07\/WIRN_header300-768x428.jpg 768w, https:\/\/sites.dundee.ac.uk\/cooper-gallery-inbetween\/wp-content\/uploads\/sites\/135\/2020\/07\/WIRN_header300-1024x570.jpg 1024w\" sizes=\"(max-width: 2917px) 100vw, 2917px\" \/>\t\t\t\t\t\t\t\t<\/a>\n\t\t\t\t\t\t\t\t\t\t\t\t\t\t\t<\/div>\n\t\t\t\t<\/div>\n\t\t\t\t\t<\/div>\n\t\t<\/div>\n\t\t\t\t<div class=\"elementor-column elementor-col-50 elementor-top-column elementor-element elementor-element-77cfcb8\" data-id=\"77cfcb8\" data-element_type=\"column\" data-e-type=\"column\" data-settings=\"{&quot;background_background&quot;:&quot;classic&quot;}\">\n\t\t\t<div class=\"elementor-widget-wrap elementor-element-populated\">\n\t\t\t\t\t\t<div class=\"elementor-element elementor-element-124cb80 elementor-hidden-tablet elementor-hidden-phone elementor-widget elementor-widget-spacer\" data-id=\"124cb80\" data-element_type=\"widget\" data-e-type=\"widget\" data-widget_type=\"spacer.default\">\n\t\t\t\t<div class=\"elementor-widget-container\">\n\t\t\t\t\t\t\t<div class=\"elementor-spacer\">\n\t\t\t<div class=\"elementor-spacer-inner\"><\/div>\n\t\t<\/div>\n\t\t\t\t\t\t<\/div>\n\t\t\t\t<\/div>\n\t\t\t\t<div class=\"elementor-element elementor-element-679f880 elementor-align-center elementor-widget__width-initial elementor-widget elementor-widget-button\" data-id=\"679f880\" data-element_type=\"widget\" data-e-type=\"widget\" data-widget_type=\"button.default\">\n\t\t\t\t<div class=\"elementor-widget-container\">\n\t\t\t\t\t\t\t\t\t<div class=\"elementor-button-wrapper\">\n\t\t\t\t\t<a class=\"elementor-button elementor-button-link elementor-size-sm\" href=\"https:\/\/sites.dundee.ac.uk\/cooper-gallery-inbetween\/about\/\">\n\t\t\t\t\t\t<span class=\"elementor-button-content-wrapper\">\n\t\t\t\t\t\t\t\t\t<span class=\"elementor-button-text\">about<\/span>\n\t\t\t\t\t<\/span>\n\t\t\t\t\t<\/a>\n\t\t\t\t<\/div>\n\t\t\t\t\t\t\t\t<\/div>\n\t\t\t\t<\/div>\n\t\t\t\t<div class=\"elementor-element elementor-element-3478968 elementor-align-center elementor-widget__width-initial elementor-widget elementor-widget-button\" data-id=\"3478968\" data-element_type=\"widget\" data-e-type=\"widget\" data-widget_type=\"button.default\">\n\t\t\t\t<div class=\"elementor-widget-container\">\n\t\t\t\t\t\t\t\t\t<div class=\"elementor-button-wrapper\">\n\t\t\t\t\t<a class=\"elementor-button elementor-button-link elementor-size-sm\" href=\"https:\/\/sites.dundee.ac.uk\/cooper-gallery-inbetween\/\">\n\t\t\t\t\t\t<span class=\"elementor-button-content-wrapper\">\n\t\t\t\t\t\t\t\t\t<span class=\"elementor-button-text\">projects<\/span>\n\t\t\t\t\t<\/span>\n\t\t\t\t\t<\/a>\n\t\t\t\t<\/div>\n\t\t\t\t\t\t\t\t<\/div>\n\t\t\t\t<\/div>\n\t\t\t\t\t<\/div>\n\t\t<\/div>\n\t\t\t\t\t<\/div>\n\t\t<\/section>\n\t\t\t\t<section class=\"elementor-section elementor-top-section elementor-element elementor-element-3e3ba6d elementor-section-stretched elementor-section-full_width elementor-section-height-default elementor-section-height-default\" data-id=\"3e3ba6d\" data-element_type=\"section\" data-e-type=\"section\" data-settings=\"{&quot;stretch_section&quot;:&quot;section-stretched&quot;,&quot;background_background&quot;:&quot;classic&quot;}\">\n\t\t\t\t\t\t<div class=\"elementor-container elementor-column-gap-default\">\n\t\t\t\t\t<div class=\"elementor-column elementor-col-100 elementor-top-column elementor-element elementor-element-b4d3bbd\" data-id=\"b4d3bbd\" data-element_type=\"column\" data-e-type=\"column\">\n\t\t\t<div class=\"elementor-widget-wrap elementor-element-populated\">\n\t\t\t\t\t\t<div class=\"elementor-element elementor-element-efe82f2 elementor-widget-divider--view-line elementor-widget elementor-widget-divider\" data-id=\"efe82f2\" data-element_type=\"widget\" data-e-type=\"widget\" data-widget_type=\"divider.default\">\n\t\t\t\t<div class=\"elementor-widget-container\">\n\t\t\t\t\t\t\t<div class=\"elementor-divider\">\n\t\t\t<span class=\"elementor-divider-separator\">\n\t\t\t\t\t\t<\/span>\n\t\t<\/div>\n\t\t\t\t\t\t<\/div>\n\t\t\t\t<\/div>\n\t\t\t\t\t<\/div>\n\t\t<\/div>\n\t\t\t\t\t<\/div>\n\t\t<\/section>\n\t\t\t\t<section class=\"elementor-section elementor-top-section elementor-element elementor-element-f689fd8 elementor-section-stretched elementor-section-full_width elementor-section-height-default elementor-section-height-default\" data-id=\"f689fd8\" data-element_type=\"section\" data-e-type=\"section\" data-settings=\"{&quot;stretch_section&quot;:&quot;section-stretched&quot;,&quot;background_background&quot;:&quot;classic&quot;}\">\n\t\t\t\t\t\t<div class=\"elementor-container elementor-column-gap-default\">\n\t\t\t\t\t<div class=\"elementor-column elementor-col-50 elementor-top-column elementor-element elementor-element-6bd186f\" data-id=\"6bd186f\" data-element_type=\"column\" data-e-type=\"column\">\n\t\t\t<div class=\"elementor-widget-wrap elementor-element-populated\">\n\t\t\t\t\t\t<div class=\"elementor-element elementor-element-4d203f9 elementor-widget elementor-widget-text-editor\" data-id=\"4d203f9\" data-element_type=\"widget\" data-e-type=\"widget\" data-widget_type=\"text-editor.default\">\n\t\t\t\t<div class=\"elementor-widget-container\">\n\t\t\t\t\t\t\t\t\t<div><p><strong>What I am Reading Now\u2026<\/strong><br \/><strong>Khairani Barokka<\/strong><br \/>April 2022<\/p><\/div><div><p class=\"default\"><span lang=\"EN-US\"><br \/>Have you ever watched a film and thought \u2018We are so lucky to have this in the world\u2019? One of the texts I\u2019ve found most relevant to extractive colonial capitalism, matching reality\u2019s brutal conditions, is<span class=\"apple-converted-space\">\u00a0<\/span><b><i>Bacurau<\/i><\/b>, directed by<span class=\"apple-converted-space\">\u00a0<\/span><\/span><b><span lang=\"DE\">Kleber Mendon<\/span><\/b><b>\u00e7<\/b><b><span lang=\"PT\">a Filho and Juliano Dornelles<\/span><\/b><span lang=\"EN-US\">. Set in Pernambuco, Brazil, it doesn\u2019t give a damn about genre classification, and is brutal, cathartic, communal and worth every cheer. Since seeing it a year or so ago, I\u2019ve thought of so many aspects of it so often\u2014a guidepost for igniting fervor through art. A must-see.<\/span><\/p><\/div><div><p class=\"default\"><span lang=\"EN-US\">The film, to my mind, has a soul sibling in<span class=\"apple-converted-space\">\u00a0<\/span><b><i>Tentacle<\/i><\/b>, by<span class=\"apple-converted-space\">\u00a0<\/span><b>Rita Indiana<\/b>, translated by<span class=\"apple-converted-space\">\u00a0<\/span><b>Achy Obejas<\/b>. In the future, Acilde Figueroa is a maid in the Dominican Republic who holds the predestined key to local environmental salvation. A time-travelling paragon of climate fiction, I recommend this to everyone who hasn\u2019t read it.<\/span><b>\u00a0<\/b><\/p><\/div><div><p class=\"default\"><b><i><span lang=\"EN-US\">Pluriverse: A Post-Development Dictionary<\/span><\/i><\/b><span class=\"apple-converted-space\"><span lang=\"EN-US\">\u00a0<\/span><\/span><span lang=\"EN-US\">is a continual treasure trove of ideas and movements around the world, beyond and in opposition to the so-called \u2018development\u2019 regime. In a sense, a way of connecting the previous two texts in context. I dip into this book again and again, and have learned so much\u2014as well as feeling gratified that indigenous, grassroots movements\u2019 wisdom, philosophies, and cosmologies are being brought to larger audiences, and placed in connection with each other, as biomes in solidarity.<\/span><\/p><\/div><div><p class=\"default\"><a href=\"https:\/\/bridges.monash.edu\/articles\/monograph\/Breaking_the_Silence_Survivors_Speak_about_1965_66_Violence_in_Indonesia\/12821267\"><b><i><span lang=\"EN-US\">Breaking the Silence: Survivors Speak about \u201965-\u201966 Violence in Indonesia<\/span><\/i><\/b><\/a><span lang=\"EN-US\">, edited by<span class=\"apple-converted-space\">\u00a0<\/span><b>Putu Oka Sukanta<\/b><span class=\"apple-converted-space\">\u00a0<\/span>and translated by<span class=\"apple-converted-space\">\u00a0<\/span><b>Jennifer Lindsay<\/b>, is a text I am getting through slowly, with reverence. In reading about collective traumas, there is always a pull to seek out survivors\u2019 own voices. Scholar Intan Paramaditha has written about the \u2018narratives of discovery\u2019 surrounding Westerners\u2019 writing and filmmaking on the (US-backed) \u201965-\u201966 massacre, that is predicated on colonial tropes of exploration, othering, and consumption of trauma. Often, Indonesian research assistants and translators are not given credit due for the risks they take in helping these accounts come to the fore.<span class=\"apple-converted-space\">\u00a0<\/span><\/span><a href=\"https:\/\/bridges.monash.edu\/articles\/monograph\/Breaking_the_Silence_Survivors_Speak_about_1965_66_Violence_in_Indonesia\/12821267\"><b><i><span lang=\"EN-US\">Breaking the Silence<\/span><\/i><\/b><\/a><span class=\"apple-converted-space\"><span lang=\"EN-US\">\u00a0<\/span><\/span><span lang=\"EN-US\">is a tome of first-person accounts given dignity and foregrounded. Certainly psychologically important for those of us who grew up in Indonesia\u2019s New Order dictatorship, and I hope for the genocide\u2019s survivors.<\/span><\/p><\/div><div><p class=\"default\">Ending on a note of humor, and humor\u2019s key role in resistance to coloniality, I\u2019d like to signal-boost the series<span class=\"apple-converted-space\">\u00a0<\/span><b><i>Reservation Dogs<\/i><\/b>, created by<span class=\"apple-converted-space\">\u00a0<\/span><b>Sterlin Harjo<\/b><span class=\"apple-converted-space\">\u00a0<\/span>and<span class=\"apple-converted-space\">\u00a0<\/span><b>Taika Waititi<\/b>. It\u2019s the story of four teens with much time to kill on a Native American reservation. Hijinks, of course, ensue, and so do encounters with spirit guides, as the quartet grapple with a friend\u2019s death, questions of whether or not to leave home, and dilemmas of how to contribute to one\u2019s people. There is tenderness and deep resonance amid the hilarity; the pilot is a masterclass in this. Here\u2019s to the future, to the importance of silliness in indigenous childhoods everywhere, and to the words \u2018Land Back\u2019 displayed on more and more screens, until that return becomes reality.<\/p><\/div>\t\t\t\t\t\t\t\t<\/div>\n\t\t\t\t<\/div>\n\t\t\t\t<div class=\"elementor-element elementor-element-7524f3a elementor-widget-divider--view-line elementor-widget elementor-widget-divider\" data-id=\"7524f3a\" data-element_type=\"widget\" data-e-type=\"widget\" data-widget_type=\"divider.default\">\n\t\t\t\t<div class=\"elementor-widget-container\">\n\t\t\t\t\t\t\t<div class=\"elementor-divider\">\n\t\t\t<span class=\"elementor-divider-separator\">\n\t\t\t\t\t\t<\/span>\n\t\t<\/div>\n\t\t\t\t\t\t<\/div>\n\t\t\t\t<\/div>\n\t\t\t\t<div class=\"elementor-element elementor-element-782b696 elementor-widget elementor-widget-text-editor\" data-id=\"782b696\" data-element_type=\"widget\" data-e-type=\"widget\" data-widget_type=\"text-editor.default\">\n\t\t\t\t<div class=\"elementor-widget-container\">\n\t\t\t\t\t\t\t\t\t<div><p><strong>Khairani Barokka<\/strong><span class=\"apple-converted-space\">\u00a0<\/span>is a Minang-Javanese writer and artist from Jakarta, now based in London, whose work is presented widely internationally. Among Okka\u2019s honours, she has been\u202f<i>Modern Poetry in Translation<\/i>\u2019s Inaugural Poet-in-Residence, a UNFPA Indonesian Young Leader Driving Social Change for arts practice and research, and Associate Artist at the UK\u2019s National Centre for Writing. Centering disability justice as anticolonial praxis, her works include most recent book\u202f<i>Ultimatum Orangutan\u00a0<\/i>(Nine Arches), shortlisted for the Barbellion Prize.\u00a0<\/p><\/div>\t\t\t\t\t\t\t\t<\/div>\n\t\t\t\t<\/div>\n\t\t\t\t\t<\/div>\n\t\t<\/div>\n\t\t\t\t<div class=\"elementor-column elementor-col-50 elementor-top-column elementor-element elementor-element-8bf8ad2\" data-id=\"8bf8ad2\" data-element_type=\"column\" data-e-type=\"column\">\n\t\t\t<div class=\"elementor-widget-wrap elementor-element-populated\">\n\t\t\t\t\t\t<div class=\"elementor-element elementor-element-dbcfef6 elementor-widget elementor-widget-spacer\" data-id=\"dbcfef6\" data-element_type=\"widget\" data-e-type=\"widget\" data-widget_type=\"spacer.default\">\n\t\t\t\t<div class=\"elementor-widget-container\">\n\t\t\t\t\t\t\t<div class=\"elementor-spacer\">\n\t\t\t<div class=\"elementor-spacer-inner\"><\/div>\n\t\t<\/div>\n\t\t\t\t\t\t<\/div>\n\t\t\t\t<\/div>\n\t\t\t\t<div class=\"elementor-element elementor-element-77a77cb elementor-widget elementor-widget-text-editor\" data-id=\"77a77cb\" data-element_type=\"widget\" data-e-type=\"widget\" data-widget_type=\"text-editor.default\">\n\t\t\t\t<div class=\"elementor-widget-container\">\n\t\t\t\t\t\t\t\t\t<div><p><b>Watching<\/b><\/p><\/div><div><p><em><b>Bacurau<\/b><\/em><b>, directed by Kleber Mendon\u00e7a Filho and Juliano Dornelles (CinemaSc\u00f3pio Produ\u00e7\u00f5es, 2019)<\/b><b><\/b><\/p><\/div><div><p><em><b>Reservation Dogs<\/b><\/em><b>, created by Sterlin Harjo and Taika Waititi (FX Productions, 2021\u2013present)<\/b><\/p><\/div><div><p><strong>Reading<\/strong><\/p><\/div><div><p><em><b>Tentacle<\/b><\/em><b>, Rita Indiana, \u2018tr. Achy Obejas (And Other Stories, 2018)<\/b><b><\/b><\/p><\/div><div><p><em><b>Pluriverse: A Post-Development Dictionary,<\/b><\/em><span class=\"apple-converted-space\"><b><i>\u00a0<\/i><\/b><\/span><b>Ashish Kothari, Ariel Salleh, Arturo Escobar, Federico Demaria, Alberto Acosta (Eds.) (Tulika Books, 2019)<\/b><\/p><\/div><div><p><a href=\"https:\/\/bridges.monash.edu\/articles\/monograph\/Breaking_the_Silence_Survivors_Speak_about_1965_66_Violence_in_Indonesia\/12821267\"><b>Breaking the Silence: Survivors Speak about \u201965-\u201966 Violence in Indonesia<\/b><\/a><em><b>,<\/b><\/em><span class=\"apple-converted-space\"><b><i>\u00a0<\/i><\/b><\/span><b>edited by Putu Oka Sukanta and translated by Jennifer Lindsay (Monash University, 2020)<\/b><\/p><\/div>\t\t\t\t\t\t\t\t<\/div>\n\t\t\t\t<\/div>\n\t\t\t\t<div class=\"elementor-element elementor-element-4692701 elementor-widget elementor-widget-image\" data-id=\"4692701\" data-element_type=\"widget\" data-e-type=\"widget\" data-widget_type=\"image.default\">\n\t\t\t\t<div class=\"elementor-widget-container\">\n\t\t\t\t\t\t\t\t\t\t\t\t\t\t\t<img decoding=\"async\" width=\"768\" height=\"432\" src=\"https:\/\/sites.dundee.ac.uk\/cooper-gallery-inbetween\/wp-content\/uploads\/sites\/135\/2023\/03\/Khairani-Barokka-768x432.jpeg\" class=\"attachment-medium_large size-medium_large wp-image-2186\" alt=\"\" srcset=\"https:\/\/sites.dundee.ac.uk\/cooper-gallery-inbetween\/wp-content\/uploads\/sites\/135\/2023\/03\/Khairani-Barokka-768x432.jpeg 768w, https:\/\/sites.dundee.ac.uk\/cooper-gallery-inbetween\/wp-content\/uploads\/sites\/135\/2023\/03\/Khairani-Barokka-300x169.jpeg 300w, https:\/\/sites.dundee.ac.uk\/cooper-gallery-inbetween\/wp-content\/uploads\/sites\/135\/2023\/03\/Khairani-Barokka-1024x576.jpeg 1024w, https:\/\/sites.dundee.ac.uk\/cooper-gallery-inbetween\/wp-content\/uploads\/sites\/135\/2023\/03\/Khairani-Barokka-1536x864.jpeg 1536w, https:\/\/sites.dundee.ac.uk\/cooper-gallery-inbetween\/wp-content\/uploads\/sites\/135\/2023\/03\/Khairani-Barokka.jpeg 2048w\" sizes=\"(max-width: 768px) 100vw, 768px\" \/>\t\t\t\t\t\t\t\t\t\t\t\t\t\t\t<\/div>\n\t\t\t\t<\/div>\n\t\t\t\t\t<\/div>\n\t\t<\/div>\n\t\t\t\t\t<\/div>\n\t\t<\/section>\n\t\t\t\t<section class=\"elementor-section elementor-top-section elementor-element elementor-element-50070a5 elementor-section-full_width elementor-section-stretched elementor-section-height-default elementor-section-height-default\" data-id=\"50070a5\" data-element_type=\"section\" data-e-type=\"section\" data-settings=\"{&quot;background_background&quot;:&quot;classic&quot;,&quot;stretch_section&quot;:&quot;section-stretched&quot;}\">\n\t\t\t\t\t\t<div class=\"elementor-container elementor-column-gap-no\">\n\t\t\t\t\t<div class=\"elementor-column elementor-col-100 elementor-top-column elementor-element elementor-element-05c8f2b\" data-id=\"05c8f2b\" data-element_type=\"column\" data-e-type=\"column\" data-settings=\"{&quot;background_background&quot;:&quot;classic&quot;}\">\n\t\t\t<div class=\"elementor-widget-wrap elementor-element-populated\">\n\t\t\t\t\t\t<div class=\"elementor-element elementor-element-ceacfd6 elementor-widget-divider--view-line elementor-widget elementor-widget-divider\" data-id=\"ceacfd6\" data-element_type=\"widget\" data-e-type=\"widget\" data-widget_type=\"divider.default\">\n\t\t\t\t<div class=\"elementor-widget-container\">\n\t\t\t\t\t\t\t<div class=\"elementor-divider\">\n\t\t\t<span class=\"elementor-divider-separator\">\n\t\t\t\t\t\t<\/span>\n\t\t<\/div>\n\t\t\t\t\t\t<\/div>\n\t\t\t\t<\/div>\n\t\t\t\t<div class=\"elementor-element elementor-element-7e53c16 elementor-widget__width-inherit elementor-widget elementor-widget-text-editor\" data-id=\"7e53c16\" data-element_type=\"widget\" data-e-type=\"widget\" data-widget_type=\"text-editor.default\">\n\t\t\t\t<div class=\"elementor-widget-container\">\n\t\t\t\t\t\t\t\t\t<p class=\"p1\"><span class=\"s1\">Please note the views published in&nbsp;<i>What I am Reading Now&#8230;<\/i>&nbsp;are personal reflections of the contributors. <br>These may not necessarily represent the views of the University of Dundee.<\/span><span class=\"s2\"><br><\/span><span class=\"s1\">\u2014\u2014\u2014<\/span><\/p>\n<p><a href=\"https:\/\/sites.dundee.ac.uk\/cooper-gallery-inbetween\/what-i-am-reading-now\/\" target=\"_blank\" rel=\"noopener\">Home<\/a><\/p>\n<p><a href=\"https:\/\/sites.dundee.ac.uk\/cooper-gallery-inbetween\/rabindranath-x-bhose-march-2022\/\"><strong><span style=\"color: #000000\">Previous<\/span>&nbsp;Issue: Rabindranath X Bhose, March 2022<\/strong><\/a><b><br><\/b><a href=\"https:\/\/sites.dundee.ac.uk\/cooper-gallery-inbetween\/tako-taal-may-2022\/\">Next Issue: Tako Taal, May 2022<\/a><\/p>\t\t\t\t\t\t\t\t<\/div>\n\t\t\t\t<\/div>\n\t\t\t\t<div class=\"elementor-element elementor-element-62d1fac elementor-widget-divider--view-line elementor-widget elementor-widget-divider\" data-id=\"62d1fac\" data-element_type=\"widget\" data-e-type=\"widget\" data-widget_type=\"divider.default\">\n\t\t\t\t<div class=\"elementor-widget-container\">\n\t\t\t\t\t\t\t<div class=\"elementor-divider\">\n\t\t\t<span class=\"elementor-divider-separator\">\n\t\t\t\t\t\t<\/span>\n\t\t<\/div>\n\t\t\t\t\t\t<\/div>\n\t\t\t\t<\/div>\n\t\t\t\t\t<\/div>\n\t\t<\/div>\n\t\t\t\t\t<\/div>\n\t\t<\/section>\n\t\t\t\t<\/div>\n\t\t","protected":false},"excerpt":{"rendered":"<p>about projects What I am Reading Now\u2026Khairani BarokkaApril 2022 Have you ever watched a film and thought \u2018We are so lucky to have this in the world\u2019? One of the texts I\u2019ve found most relevant to extractive colonial capitalism, matching reality\u2019s brutal conditions, is\u00a0Bacurau, directed by\u00a0Kleber Mendon\u00e7a Filho and Juliano Dornelles. Set in Pernambuco, Brazil, &hellip;<\/p>\n","protected":false},"author":525,"featured_media":0,"parent":0,"menu_order":0,"comment_status":"closed","ping_status":"closed","template":"","meta":{"footnotes":""},"class_list":["post-2185","page","type-page","status-publish","hentry"],"_links":{"self":[{"href":"https:\/\/sites.dundee.ac.uk\/cooper-gallery-inbetween\/wp-json\/wp\/v2\/pages\/2185","targetHints":{"allow":["GET"]}}],"collection":[{"href":"https:\/\/sites.dundee.ac.uk\/cooper-gallery-inbetween\/wp-json\/wp\/v2\/pages"}],"about":[{"href":"https:\/\/sites.dundee.ac.uk\/cooper-gallery-inbetween\/wp-json\/wp\/v2\/types\/page"}],"author":[{"embeddable":true,"href":"https:\/\/sites.dundee.ac.uk\/cooper-gallery-inbetween\/wp-json\/wp\/v2\/users\/525"}],"replies":[{"embeddable":true,"href":"https:\/\/sites.dundee.ac.uk\/cooper-gallery-inbetween\/wp-json\/wp\/v2\/comments?post=2185"}],"version-history":[{"count":39,"href":"https:\/\/sites.dundee.ac.uk\/cooper-gallery-inbetween\/wp-json\/wp\/v2\/pages\/2185\/revisions"}],"predecessor-version":[{"id":3947,"href":"https:\/\/sites.dundee.ac.uk\/cooper-gallery-inbetween\/wp-json\/wp\/v2\/pages\/2185\/revisions\/3947"}],"wp:attachment":[{"href":"https:\/\/sites.dundee.ac.uk\/cooper-gallery-inbetween\/wp-json\/wp\/v2\/media?parent=2185"}],"curies":[{"name":"wp","href":"https:\/\/api.w.org\/{rel}","templated":true}]}}