{"id":48,"date":"2017-02-01T09:29:14","date_gmt":"2017-02-01T09:29:14","guid":{"rendered":"http:\/\/sites.dev.dundee.ac.uk\/asiciliaaguilar\/?page_id=48"},"modified":"2020-08-31T15:19:11","modified_gmt":"2020-08-31T14:19:11","slug":"publications","status":"publish","type":"page","link":"https:\/\/sites.dundee.ac.uk\/asiciliaaguilar\/publications\/","title":{"rendered":"Publications"},"content":{"rendered":"<h2><span style=\"color: #008000\">Referred Journal Publications<\/span><\/h2>\n<p>For a recent update, check\u00a0 <strong><a href=\"http:\/\/adsabs.harvard.edu\/cgi-bin\/nph-abs_connect?db_key=AST&amp;db_key=PRE&amp;qform=AST&amp;arxiv_sel=astro-ph&amp;arxiv_sel=cond-mat&amp;arxiv_sel=cs&amp;arxiv_sel=gr-qc&amp;arxiv_sel=hep-ex&amp;arxiv_sel=hep-lat&amp;arxiv_sel=hep-ph&amp;arxiv_sel=hep-th&amp;arxiv_sel=math&amp;arxiv_sel=math-ph&amp;arxiv_sel=nlin&amp;arxiv_sel=nucl-ex&amp;arxiv_sel=nucl-th&amp;arxiv_sel=physics&amp;arxiv_sel=quant-ph&amp;arxiv_sel=q-bio&amp;sim_query=YES&amp;ned_query=YES&amp;adsobj_query=YES&amp;aut_logic=OR&amp;obj_logic=OR&amp;author=sicilia-aguilar&amp;object=&amp;start_mon=&amp;start_year=&amp;end_mon=&amp;end_year=&amp;ttl_logic=OR&amp;title=&amp;txt_logic=OR&amp;text=&amp;nr_to_return=200&amp;start_nr=1&amp;jou_pick=ALL&amp;ref_stems=&amp;data_and=ALL&amp;group_and=ALL&amp;start_entry_day=&amp;start_entry_mon=&amp;start_entry_year=&amp;end_entry_day=&amp;end_entry_mon=&amp;end_entry_year=&amp;min_score=&amp;sort=SCORE&amp;data_type=SHORT&amp;aut_syn=YES&amp;ttl_syn=YES&amp;txt_syn=YES&amp;aut_wt=1.0&amp;obj_wt=1.0&amp;ttl_wt=0.3&amp;txt_wt=3.0&amp;aut_wgt=YES&amp;obj_wgt=YES&amp;ttl_wgt=YES&amp;txt_wgt=YES&amp;ttl_sco=YES&amp;txt_sco=YES&amp;version=1\">ADS<\/a><\/strong><\/p>\n<p>&nbsp;<\/p>\n<p><strong><a href=\"http:\/\/adsabs.harvard.edu\/abs\/2017arXiv170802010S\">The 2014-2017 outburst of the young star ASASSN-13db: A time-resolved picture of a very low-mass star between EXors and FUors<\/a><\/strong><br \/>\nA. Sicilia-Aguilar, A. Oprandi, D. Froebrich, M. Fang, J.L. Prieto, K. Stanek, A. Scholz, and 9 more coauthors<br \/>\n<strong>2017, A&amp;A 607, 127<\/strong><\/p>\n<p><strong><a href=\"http:\/\/adsabs.harvard.edu\/abs\/2017A%26A...603A.132F\">Millimeter observations of the disk around GW Orionis<\/a><\/strong><br \/>\nM. Fang, A. Sicilia-Aguilar, D. Wilner, Y. Wang, V. Roccatagliata, D. Fedele, J.Z. Wang<br \/>\n<strong>2017, A&amp;A 603, 132<\/strong><\/p>\n<p><strong><a href=\"http:\/\/adsabs.harvard.edu\/abs\/2017AJ....153..188F\">NGC1980 is not a foreground population of Orion: Spectroscopic survey of young stars with low extinction in Orion A<\/a><\/strong><br \/>\nMin Fang, Jinyoung Serena Kim, Ilaria Pascucci, Daniel Apai, Lan Zhang, Aurora Sicilia-Aguilar, Miguel Alonso-Mart\u00ednez, Carlos Eiroa, Hongchi Wang<br \/>\n<strong>2017 AJ 153, 188<\/strong><\/p>\n<p><strong><a href=\"http:\/\/adsabs.harvard.edu\/abs\/2017A%26A...598A.118C\">A gas density drop in the inner 6AU of the transition disks around the Herbig Ae star HD 139614. Further evidence for a gian planet inside the disk?<\/a><\/strong><br \/>\nA. Carmona, W.F. Thi, I. Kamp, C. Baruteau, A. Matter, M. van den Ancker, C. Pinte, and 12 more coauthors (inc. A. Sicilia-Aguilar).<br \/>\n<strong>2017, A&amp;A 598, 118<br \/>\n<\/strong><\/p>\n<p><strong><a href=\"http:\/\/adsabs.harvard.edu\/abs\/2016PASA...33...59S\">A &#8220;Rosetta Stone&#8221; for protoplanetary disks: The synergy of multi-wavelength observations<\/a><\/strong><br \/>\nA. Sicilia-Aguilar, A. Banzatti, A. Carmona, T. Stolker, M. Kama, I. Mendigut\u00eda, A. Garufi, K. Flaherty, N. van der Marel, J. Greaves<br \/>\n<strong>2016, PASA 33, 59<\/strong><\/p>\n<p><strong><a href=\"http:\/\/adsabs.harvard.edu\/abs\/2016A%26A...590A..90L\">An M-dwarf star in the transition disk of Herbig HD 142527. Physical parameters and orbital elements<\/a><\/strong><br \/>\nS. Lacour, B. Biller, A. Cheetham, A. Greenbaum, T. Pearce, and 27 more coauthors (inc. A. Sicilia-Aguilar).<br \/>\n<strong>2016, A&amp;A 590, 90<\/strong><\/p>\n<p><strong><a href=\"http:\/\/adsabs.harvard.edu\/abs\/2015A%26A...584A.119R\">A network of filaments detected by herschel in the Serpens core. A laboratory to test simulations of low-mass star formation<\/a><\/strong><br \/>\nV. Roccatagliata, J. Dale, T. Ratzka, L. Testi, A. Burkert, C. Koepferl, A. Sicilia-Aguilar, C. Eiroa, B. Gaczkowski<br \/>\n<strong>2015, A&amp;A 584, 119<br \/>\n<\/strong><\/p>\n<p><strong><a href=\"http:\/\/adsabs.harvard.edu\/abs\/2015A%26A...580A..82S\">Accretlon and Dynamics of EX Lupi in quiescence: The star, the spot, and the accretion column<\/a><\/strong><br \/>\nAurora Sicilia-Aguilar, Min Fang, Veronica Roccatagliata,Andrew Collier Cameron, Agnes Kospal, Thomas Henning, Peter Abraham, Nikoletta Sipos<br \/>\n<strong>2015, A&amp;A 580, 82<br \/>\n<\/strong><\/p>\n<p><strong><a href=\"http:\/\/arxiv.org\/abs\/1410.2713\">The Herschel\/PACS view of the Cep OB2 region: Global protoplanetary disk evolution and clumpy star formation <\/a><\/strong><br \/>\nAurora Sicilia-Aguilar, Veronica Roccatagliata, Konstantin Getman, Pablo Rivi\u00e8re-Marichalar, Birnstiel, Tilman, Bruno Mer\u00edn, Thomas Henning, Carlos Eiroa, Thayne Currie<br \/>\n<strong>2015, A&amp;A 573, 19<\/strong><\/p>\n<p><strong><a href=\"http:\/\/arxiv.org\/abs\/1407.4959\"> GW Orionis: Inner disk readjustments in a triple system <\/a><\/strong><br \/>\nMin Fang, Aurora Sicilia-Aguilar, Veronica Roccatagliata, Davide Fedele, Thomas Henning, Carlos Eiroa, Andr&amp;eacute M\u00fcller<br \/>\n<strong>2014, A&amp;A 570, 118<\/strong><\/p>\n<p><strong><a href=\"http:\/\/arxiv.org\/abs\/1408.0794\"> An Enigmatic Point-like Feature within the HD 169142 Transitional Disk <\/a><\/strong><br \/>\nBiller, Beth A.; Males, Jared; Rodigas, Timothy; Morzinski, Katie; Close, Laird M.; Juh&amp;aaccute;sz, Attila; Follette, Katherine B.; Lacour, Sylvestre; Benisty, Myriam; Sicilia-Aguilar, Aurora; and 6 coauthors<br \/>\n<strong> 2014, ApJ 792, 22<\/strong><\/p>\n<p><strong><a href=\"http:\/\/arxiv.org\/abs\/1401.3335\"> Discovery and Observations of ASASSN-13db, an EX Lupi-type Accretion Event on a Low-mass T Tauri Star <\/a><\/strong><br \/>\nHoloien, Thomas W.-S.; Prieto, Jose L.; Stanek, K. Z.; Kochanek, C. S.; Shappee, B. J.; Zhu, Z.; Sicilia-Aguilar, A.; Grupe, D.; Croxall, K.; Adams, J. J.; and 13 coauthors<br \/>\n<strong> 2014, ApJ 785, 35<\/strong><\/p>\n<p><strong><a href=\"http:\/\/arxiv.org\/abs\/1312.3867\"> A Herschel view of IC 1396 A: Unveiling the different sequences of star formation <\/a><\/strong><br \/>\nAurora Sicilia-Aguilar, Veronica Roccatagliata, Konstantin Getman, Thomas Henning, Bruno Mer\u00edn, Carlos Eiroa, Pablo Rivi\u00e8re-Marichalar, Thayne Currie<br \/>\n<strong> 2014, A&amp;A 562, 131<\/strong><\/p>\n<p><strong><a href=\"http:\/\/arxiv.org\/abs\/1401.3335\"> Discovery and Observations of ASASSN-13db, an EX Lupi-type Accretion Event on a Low-mass T Tauri Star <\/a><\/strong><br \/>\nThomas W.-S. Holoien, Jose L. Prieto, Krzysztof Z. Stanek, Christopher S. Kochanek, B. J. Shappee, Z. Zhu,<br \/>\nA. Sicilia-Aguilar, D. Grupe, K. Croxall, J. J. Adams, J. D. Simon, N. Morell S. M. McGraw, R. M. Wagner, U. Basu,<br \/>\nJ. F.Beacom, D. Bersier, J. Brimacombe, J. Jencson, G. Pojmanski, S. G. Starrfield, D. M. Szczygiel, C. E. Woodward<br \/>\n<strong> 2014, ApJ 785, 35<\/strong><\/p>\n<p><strong><a href=\"http:\/\/arxiv.org\/abs\/1311.4177\"> Radial velocity variations in the young eruptive star EX Lupi <\/a><\/strong><br \/>\nA. K\u00f3sp\u00e1l, M. Mohler-Fischer, A. Sicilia-Aguilar, P. Abrah\u00e1m, M. Cur\u00e9, Th. Henning, Cs. Kiss, R. Launhardt, A. Mo\u00f3r, A. M\u00fcller<br \/>\n<strong> 2014, A&amp;A 561, 61<\/strong><\/p>\n<p><strong><a href=\"http:\/\/arxiv.org\/abs\/1308.0114\"> The low-mass stellar population in the young cluster Tr37: Disk evolution, accretion, and environment <\/a><\/strong><br \/>\nAurora Sicilia-Aguilar, Jinyoung Serena Kim, Andrej Sobolev, Konstantin Getman, Thomas Henning, Min Fang<br \/>\n<strong> 2013, A&amp;A 559,3; See also A&amp;A 2014 Calendar<\/strong><\/p>\n<p><strong><a href=\"http:\/\/arxiv.org\/abs\/1304.7777\"> Young Stellar Objects in Lynds 1641: Disks, Accretion, and Star Formation History <\/a><\/strong><br \/>\nMin Fang, Jinyoung Serena Kim, Roy van Boekel, Aurora Sicilia-Aguilar, Thomas Henning, Kevin Flaherty<br \/>\n<strong> 2013, ApJS 207, 5 <\/strong><\/p>\n<p><strong><a href=\"http:\/\/arxiv.org\/abs\/1211.6945\"> Protostars, multiplicity, and disk evolution in the Corona Australis region: A Herschel Gould Belt Study <\/a><\/strong><br \/>\nAurora Sicilia-Aguilar, Thomas Henning, Hendrik Linz, Philippe Andre, Amy Stutz, Carlos Eiroa, Glenn J. White<br \/>\n<strong> 2013, A&amp;A 551, 34 <\/strong><\/p>\n<p><strong><a href=\"http:\/\/arxiv.org\/abs\/1208.1471\"> The Elephant Trunk Nebula and the Trumpler 37 cluster: contribution of triggered star formation to the total population of an H II region <\/a><\/strong><br \/>\nGetman, Konstantin V.; Feigelson, Eric D.; Sicilia-Aguilar, Aurora; Broos, Patrick S.; Kuhn, Michael A.; Garmire, Gordon P.<br \/>\n<strong> 2012, MNRAS 426, 2917 <\/strong><\/p>\n<p><strong><a href=\"http:\/\/arxiv.org\/abs\/1209.5832\"> Young stars in Epsilon Cha and their disks: disk evolution in sparse associations <\/a><\/strong><br \/>\nFang, M.; van Boekel, R.; Bouwman, J.; Henning, Th.; Lawson, W. A.; Sicilia-Aguilar, A.<br \/>\n<strong> 2013, A&amp;A 549, 15 <\/strong><\/p>\n<p><strong><a href=\"http:\/\/arxiv.org\/abs\/1206.3081\"> Optical spectroscopy of EX Lupi during quiescence and outburst. Infall, wind, and dynamics in the accretion flow <\/a><\/strong><br \/>\nSicilia-Aguilar, A.; K\u00f3sp\u00e1l, A.; Setiawan, J.; Abrah\u00e1m, P.; Dullemond, C.; Eiroa, C.; Goto, M.; Henning, Th.; Juh\u00e1sz, A.<br \/>\n<strong> 2012, A&amp;A 544, 93 <\/strong><\/p>\n<p><strong><a href=\"http:\/\/arxiv.org\/abs\/1206.2654\"> A Likely Close-in Low-mass Stellar Companion to the Transitional Disk Star HD 142527 <\/a><\/strong><br \/>\nBiller, Beth; Lacour, Sylvestre; Juh\u00e1sz, Attila; Benisty, Myriam; Chauvin, Gael; Olofsson, Johan; Pott, Joerg-Uwe; M\u00fcller, Andr\u00e9; Sicilia-Aguilar, Aurora; Bonnefoy, Micka\u00ebl; and 4 coauthors<br \/>\n<strong> 2012, ApJ 753, 38 <\/strong><\/p>\n<p><strong><a href=\"http:\/\/arxiv.org\/abs\/1205.3166\"> The bipolar outflow and disk of the brown dwarf ISO 217 <\/a><\/strong><br \/>\nJoergens, V.; Pohl, A.; Sicilia-Aguilar, A.; Henning, Th.<br \/>\n<strong> 2012, A&amp;A 543, 151 <\/strong><\/p>\n<p><strong><a href=\"http:\/\/arxiv.org\/abs\/1204.5037\"> Herschel images of Fomalhaut. An extrasolar Kuiper belt at the height of its dynamical activity <\/a><\/strong><br \/>\nAcke, B.; Min, M.; Dominik, C.; Vandenbussche, B.; Sibthorpe, B.; Waelkens, C.; Olofsson, G.; Degroote, P.; Smolders, K.; Pantin, E.; and 26 coauthors<br \/>\n<strong> 2012, AA 540, 125 <\/strong><\/p>\n<p><strong><a href=\"http:\/\/arxiv.org\/abs\/1111.0835\"> Photometric determination of the mass accretion rates of pre-mainsequence stars &#8211; III. Results in the Large Magellanic Cloud <\/a><\/strong><br \/>\nSpezzi, L.; de Marchi, G.; Panagia, N.; Sicilia-Aguilar, A.; Ercolano, B.<br \/>\n<strong> 2012, MNRAS 421, 78 <\/strong><\/p>\n<p><strong><a href=\"http:\/\/arxiv.org\/abs\/1201.0833\"> Star formation and disk properties in Pismis 24 <\/a><\/strong><br \/>\nFang, M.; van Boekel, R.; King, R. R.; Henning, Th.; Bouwman, J.; Doi, Y.; Okamoto, Y. K.; Roccatagliata, V.; Sicilia-Aguilar, A.<br \/>\n<strong> 2012, AA 539, 119 <\/strong><\/p>\n<p><strong><a href=\"http:\/\/arxiv.org\/abs\/1110.3754\"> The 2008 Outburst of EX Lup\\u2014Silicate Crystals in Motion <\/a><\/strong><br \/>\nJuh\u00e1sz, A.; Dullemond, C. P.; van Boekel, R.; Bouwman, J.; \u00c1brah\u00e1m, P.; Acosta-Pulido, J. A.; Henning, Th.; K\u00f3sp\u00e1l, A.; Sicilia-Aguilar, A.; Jones, A.; and 5 coauthors<br \/>\n<strong> 2012, ApJ 744, 118 <\/strong><\/p>\n<p><strong><a href=\"http:\/\/arxiv.org\/abs\/1108.5258\"> Dust Properties and Disk Structure of Evolved Protoplanetary Disks in Cep OB2: Grain Growth, Settling, Gas and Dust Mass, and Inside-out Evolution <\/a><\/strong><br \/>\nSicilia-Aguilar, Aurora; Henning, Thomas; Dullemond, Cornelis P.; Patel, Nimesh; Juh\u00e1sz, Attila; Bouwman, Jeroen; Sturm, Bernhard<br \/>\n<strong> 2011, ApJ 742, 39 <\/strong><\/p>\n<p><strong><a href=\"cra_laboca_flames_hawki.pdf\">Protostars and stars in the Coronet cluster: Age, evolution, and cluster structure\u00a0<\/a><\/strong><br \/>\nSicilia-Aguilar, Aurora; Henning, Thomas; Kainulainen, Jouni; Roccatagliata, Veronica<br \/>\n<strong> 2011, ApJ 736, 137 <\/strong><\/p>\n<p><strong><a href=\"http:\/\/de.arxiv.org\/abs\/1105.1287\"> Near-infrared spectroscopy of EX Lupi in outburst <\/a><\/strong><br \/>\nK\u00f3sp\u00e1l, A.; Abrah\u00e1m, P.; Goto, M.; Reg\u00e1ly, Zs.; Dullemond, C. P.; Henning, Th.; Juh\u00e1sz, A.; Sicilia-Aguilar, A.; van den Ancker, M.<br \/>\n<strong> 2011, AA 734, 72 <\/strong><\/p>\n<p><strong><a href=\"http:\/\/de.arxiv.org\/abs\/1102.4364\"> The Transitional Protoplanetary Disk Frequency as a Function of Age: Disk Evolution In the Coronet Cluster, Taurus, and Other 1-8 Myr Old Regions <\/a><\/strong><br \/>\nCurrie, Thayne; Sicilia-Aguilar, Aurora<br \/>\n<strong> 2011, ApJ 732, 24 <\/strong><\/p>\n<p><strong><a href=\"http:\/\/de.arxiv.org\/abs\/1104.1431\"> Spitzer IRS Spectroscopy of the 10 Myr-old EF Cha Debris Disk: Evidence for Phyllosilicate-Rich Dust in the Terrestrial Zone <\/a><\/strong><br \/>\nCurrie, Thayne; Lisse, Carey M.; Sicilia-Aguilar, Aurora; Rieke, George H.; Su, Kate<br \/>\n<strong> 2011 ApJ 734, 115 <\/strong><\/p>\n<p><strong><a href=\"http:\/\/de.arxiv.org\/abs\/1103.5770\"> Disk Evolution in OB Associations &#8211; Deep Spitzer\/IRAC Observations of IC 1795 <\/a><\/strong><br \/>\nRoccatagliata, Veronica; Bouwman, Jeroen; Henning, Thomas; Gennaro, Mario; Feigelson, Eric; Kim, Jinyoung Serena; Sicilia-Aguilar, Aurora; Lawson, Warrick A.<br \/>\n<strong> 2011, AA 733, 113 <\/strong><\/p>\n<p><strong><a href=\"http:\/\/de.arxiv.org\/abs\/1012.5301\"> Fundamental Vibrational Transition of CO During the Outburst of EX Lupi in 2008 <\/a><\/strong><br \/>\nGoto, M., and 19 more coauthors<br \/>\n<strong> 2011 ApJ 728, 5 <\/strong><\/p>\n<p><strong><a href=\"http:\/\/de.arxiv.org\/abs\/1005.3915\"> The Beta Pictoris disk imaged by Herschel PACS and SPIRE <\/a><\/strong><br \/>\nVandenbussche, B., and 42 more coauthors<br \/>\n<strong> 2010 AA 518, 133 <\/strong><\/p>\n<p><strong><a href=\"http:\/\/de.arxiv.org\/abs\/1005.3543\"> The Vega debris disc: A view from Herschel <\/a><\/strong><br \/>\nSibthorpe, B., and 39 more coauthors.<br \/>\n<strong> 2010 AA 518, 130 <\/strong><\/p>\n<p><strong><a href=\"http:\/\/de.arxiv.org\/abs\/1005.2618\"> From filamentary clouds to prestellar cores to the stellar IMF: Initial highlights from the Herschel Gould Belt Survey <\/a><\/strong><br \/>\nAndr\u00e9, Ph., and 57 more coauthors<br \/>\n<strong> 2010 AA 518, 102 <\/strong><\/p>\n<p><strong><a href=\"accretion.pdf\"> Accretion in Evolved and Transitional Disks in Cep OB2: Looking for the<br \/>\nOrigin of the Inner Holes <\/a><\/strong><br \/>\nSicilia-Aguilar,A., Henning, Th., Hartmann, L.<br \/>\n<strong> 2010, ApJ 710, 597<\/strong><\/p>\n<p><strong><a href=\"Eta_Cha_disks.pdf\"> The Long-Lived Disks in the Eta Chamaeleontis Cluster <\/a><\/strong><br \/>\nSicilia-Aguilar,A., Bouwman, J., Juh\u00e1sz, A., Henning, Th., Roccatagliata, V.,<br \/>\nLawson, W.A., Acke, B., Feigelson, E.D., Tielens, A.G.G.M., Decin, L., Meeus, G.<br \/>\n<strong> 2009, ApJ 701, 1188<\/strong><\/p>\n<p><strong><a href=\"http:\/\/de.arxiv.org\/abs\/0907.2380\"> Star and protoplanetary disk properties in Orion&#8217;s suburbs <\/a><\/strong><br \/>\nFang,M., van Boekel, R., Wang, W., Carmona, A., Sicilia-Aguilar, A., Henning, Th.<br \/>\n<strong> 2009, AA 594, 461<\/strong><\/p>\n<p><strong><a href=\"http:\/\/de.arxiv.org\/abs\/0906.3161\"> Episodic Formation of Cometary Material in the Outburst of a Solar-Like Young Star <\/a><\/strong><br \/>\n\u00c1brah\u00e1m, P., Juh\u00e1sz, A., Dullemond, C.P., K\u00f3sp\u00e1l, \u00c1, van Boekel, R.,<br \/>\nBouwman, J., Henning, Th., Mo\u00f3r, A., Mosoni, L., Sicilia-Aguilar, A., Sipos, N.<br \/>\n<strong>2009, Nature 459, 224<\/strong><\/p>\n<p><strong><a href=\"http:\/\/de.arxiv.org\/abs\/0904.4907\"> Protoplanetary Disk Evolution around the Triggered Star Forming Region Cepheus B <\/a><\/strong><br \/>\nGetman, K.V., Feigelson, E.D., Luhman, K.L., Sicilia-Aguilar, A., Wang, J., Garmire, G.P.<br \/>\n<strong> 2009, ApJ 669, 1454<\/strong><\/p>\n<p><strong><a href=\"http:\/\/esoads.eso.org\/abs\/2009AJ....138....7M\"> Chandra and Spitzer Observations Reveal New YSOs in the Heart of Trumpler 37<\/a><\/strong><br \/>\nMercer, E. P.; Miller, J. M.; Calvet, N.; Hartmann, L.; Hernandez, J.; Sicilia-Aguilar, A.; Gutermuth, R.<br \/>\n<strong> 2009, AJ 138, 7<\/strong><\/p>\n<p><strong><a href=\"http:\/\/de.arxiv.org\/abs\/0901.1668\"> MBM 12: Young Protoplanetary Discs at High Galactic Latitude <\/a><\/strong><br \/>\nMeeus, G.,Juh\u00e1sz, A., Henning, Th., Bouwman, J., Chen, C., Lawson, W., Apai, D.,<br \/>\nPascucci, I. Sicilia-Aguilar, A.<br \/>\n<strong> 2009, AA 497, 379<\/strong><\/p>\n<p><strong><a href=\"Coronet.pdf\"> Very Low-Mass Objects in the Coronet Cluster: The Realm of the Transition Disks <\/a><\/strong><br \/>\nSicilia-Aguilar, A., Henning, Th., Juh\u00e1sz, A., Bouwman, J.,<br \/>\nGarmire, G., Garmire, A.<br \/>\n<strong> 2008, ApJ 687, 1145<\/strong><\/p>\n<p><strong><a href=\"http:\/\/de.arxiv.org\/abs\/0810.0829\"> Optical Characterization of a New Young Stellar Population in the Serpens Molecular Cloud <\/a><\/strong><br \/>\nOliveira, I., Mer\u00edn, B., Pontoppidan, K., van Dishoeck, E., Overzier, R., Hern\u00e1ndez, J., Sicilia-Aguilar, A., Eiroa, C., Montesinos, B.<br \/>\n<strong> 2009, ApJ 691, 672<\/strong><\/p>\n<p><strong><a href=\"GMcep.pdf\"> The Rapid Outbursting Star GM Cep: An EX-or in Tr 37?<\/a><\/strong><br \/>\nSicilia-Aguilar, A., Mer\u00edn, B., Hormuth, F., Abraham, P.,<br \/>\nHenning, Th., Kun, M., Patel, N., Juh\u00e1sz, A., Brandner, W.,<br \/>\nHartmann, L., Csizmadia, S., Mo\u00f3r, A.<br \/>\n<strong> 2008, ApJ 673, 382<\/strong><\/p>\n<p><strong><a href=\"cepob2_silicate.pdf\"> Silicate Dust in Evolved Protoplanetary Disks: Growth, Sedimentation, and Accretion<\/a><\/strong><br \/>\nSicilia-Aguilar, A., Hartmann, L., Watson, D., Bohac, C., Henning, Th., Bouwman, J.<br \/>\n<strong> 2007, ApJ 659, 1637<\/strong><\/p>\n<p><strong><a href=\"cepob2_echelle.pdf\"> High-Resolution Spectroscopy in Tr 37: Gas Accretion Evolution in Evolved Dusty Disks<\/a><\/strong><br \/>\nSicilia-Aguilar, A., Hartmann, L., F\u00fcr\u00e9sz, G., Henning, Th., Dullemond, C., Brandner, W.<br \/>\n<strong> 2006, AJ 132, 2135<\/strong><\/p>\n<p><strong><a href=\"cepob2_iracmips.pdf\"> Disk Evolution in Cep OB2: Results from the Spitzer Space Telescope<\/a><\/strong><br \/>\nSicilia-Aguilar, A., Hartmann, L., Calvet, N., Megeath, S. T., Muzerolle, J., Allen, L., D&#8217;Alessio, P., Mer\u00edn, B., Stauffer, J., Young, E., Lada, C.<br \/>\n<strong> 2006, ApJ 638, 897<\/strong><\/p>\n<p><strong><a href=\"cepob2_acc.pdf\"> Cepheus OB2: Disk Evolution and Accretion at 3-10 Myr<\/a><\/strong><br \/>\nSicilia-Aguilar, A., Hartmann, L., Hern\u00e1ndez, J., Brice\u00f1o, C., Calvet, N.<br \/>\n<strong> 2005, AJ, 130, 188<\/strong><\/p>\n<p><strong><a href=\"onc_hectochelle.pdf\"> Accretion, Kinematics, and Rotation in the Orion Nebula Cluster: Initial Results from Hectochelle<\/a><\/strong><br \/>\nSicilia-Aguilar, A., Hartmann, L., Szentgyorgyi, A., Fabricant, D., F\u00fcr\u00e9sz, G., Roll, J., Conroy, M., Calvet, N., Tokarz, S., Hern\u00e1ndez, J.<br \/>\n<strong> 2005, AJ, 129, 363<\/strong><\/p>\n<p><strong><a href=\"http:\/\/esoads.eso.org\/abs\/2005AJ....129..935C\"> Disk Evolution in the Orion OB1 Association<\/a><\/strong><br \/>\nCalvet, N., Brice\u00f1o, C., Hern\u00e1ndez, J., Hoyer, S., Hartmann, L., Sicilia-Aguilar, A., Megeath, S. T., D&#8217;Alessio, P.<br \/>\n<strong> 2005, AJ 129, 935<\/strong><\/p>\n<p><strong><a href=\"http:\/\/esoads.eso.org\/abs\/2005AJ....129..856H\"> Herbig Ae\/Be Stars in nearby OB Associations<\/a><\/strong><br \/>\nHern\u00e1ndez, J., Calvet, N., Hartmann, L., Brice\u00f1o, C., Sicilia-Aguilar, A., Berlind, P.<br \/>\n<strong> 2005, AJ 129, 856<\/strong><\/p>\n<p><strong><a href=\"http:\/\/esoads.eso.org\/abs\/2004AJ....128..805S\"> Low-Mass Stars and Accretion at the Ages of Planet Formation in the Cepheus OB2 Region<\/a><\/strong><br \/>\nSicilia-Aguilar, A., Hartmann, L., Brice\u00f1o, C., Muzerolle, J., Calvet, N.<br \/>\n<strong> 2004, AJ 128, 805<\/strong><\/p>\n<p><strong><a href=\"http:\/\/esoads.eso.org\/abs\/2004ApJS..154..385R\">Protostars in the Elephant Trunk Nebula<\/a><\/strong><br \/>\nReach, W., Rho, J., Young, E., Muzerolle, J., Fajardo-Acosta, S., Hartmann, L., Sicilia-Aguilar, A., Allen, L., Carey, S., Cuillandre, J.C., Jarrett, Th., Lowrance, P., Marston, A., Noriega-Crespo, A., Hurt, R.<br \/>\n<strong> 2004, ApJS 154, 385<\/strong><\/p>\n<p><strong><a href=\"http:\/\/esoads.eso.org\/abs\/2002AJ....124.1585C\"> A Study of Intermediate-Mass Stars in Trumpler 37<\/a><\/strong><br \/>\nContreras, M. E., Sicilia-Aguilar, A., Muzerolle, J., Calvet, N., Berlind, P., Hartmann, L.<br \/>\n<strong> 2002, AJ 124,158<\/strong><\/p>\n<h2><span style=\"color: #008000\">Popular papers<\/span><\/h2>\n<p><strong><a href=\"https:\/\/www.uam.es\/ss\/Satellite\/es\/1242652961025\/1242669371963\/articulo\/articulo\/Erupciones_en_la_estrella_EX_Lupi:_experimentos_estelares_en_tiempo_real.htm\"> Erupciones en la estrella EX Lupi: Experimentos estelares en tiempo real<\/a><\/strong><\/p>\n<p><strong><a href=\"http:\/\/www.uam.es\/ss\/Satellite\/es\/1242652962164\/1242661952463\/notcientifica\/notCientific\/%3FComo_era_nuestro_Sistema_Solar_en_sus_comienzos%3F.htm\"> \u00bfC\u00f3mo era nuestro Sistema Solar en sus comienzos? <\/a><\/strong><\/p>\n<h2><span style=\"color: #008000\">Others<\/span><\/h2>\n<p><strong><a href=\"sicilia_st_andrews_proceedings.pdf\"> Evolution and Dispersal of Protoplanetary Disks <\/a><\/strong><br \/>\nSicilia-Aguilar, A., Henning, Th., Juh\u00e1sz, A., Bouwman, J., Hartmann, L., Watson, D.<br \/>\n<strong> Proceedings of the 15th Cambridge Workshop on Cool Stars, Stellar Systems and the Sun. AIP Conference Proceedings, Volume 1094, pp. 23-28 (2009). <\/strong><\/p>\n<p><strong><a href=\"http:\/\/proceedings.aip.org\/getpdf\/servlet\/GetPDFServlet?filetype=pdf&amp;id=APCPCS001094000001000225000001&amp;idtype=cvips\"> Gas Evolution in Protoplanetary disks <\/a><\/strong><br \/>\nWoitke, P.; Dent, B.; Thi, W.-F.; Sibthorpe, B.; Rice, K.; Williams, J.; Sicilia-Aguilar, A.; Brown, J.; Kamp, I.; Pascucci, I.; Alexander, R.; Roberge, A.<br \/>\n<strong> Proceedings of the 15th Cambridge Workshop on Cool Stars, Stellar Systems and the Sun. AIP Conference Proceedings, Volume 1094, pp. 225-233 (2009). <\/strong><\/p>\n<p><strong><a href=\"http:\/\/esoads.eso.org\/abs\/2004Ap&amp;SS.292..457S\"> Low-Mass Young Stars in Cep OB2: Ages, Distribution and Accretion Disks <\/a><\/strong><br \/>\nSicilia-Aguilar, A., Hartmann, L., Brice\u00f1o, C., Contreras, M. E., Muzerolle, J., Calvet, N.<br \/>\n<strong> Astrophysics and Space Science, v. 292, Issue 1, p. 457-463 (2004). <\/strong><\/p>\n","protected":false},"excerpt":{"rendered":"<p>Referred Journal Publications For a recent update, check\u00a0 ADS &nbsp; The 2014-2017 outburst of the young star ASASSN-13db: A time-resolved picture of a very low-mass star between EXors and FUors A. Sicilia-Aguilar, A. Oprandi, D. Froebrich, M. Fang, J.L. Prieto, K. Stanek, A. Scholz, and 9 more coauthors 2017, A&amp;A 607, 127 Millimeter observations of [&hellip;]<\/p>\n","protected":false},"author":1,"featured_media":0,"parent":0,"menu_order":0,"comment_status":"closed","ping_status":"closed","template":"","meta":{"footnotes":""},"class_list":["post-48","page","type-page","status-publish","hentry"],"blocksy_meta":[],"_links":{"self":[{"href":"https:\/\/sites.dundee.ac.uk\/asiciliaaguilar\/wp-json\/wp\/v2\/pages\/48","targetHints":{"allow":["GET"]}}],"collection":[{"href":"https:\/\/sites.dundee.ac.uk\/asiciliaaguilar\/wp-json\/wp\/v2\/pages"}],"about":[{"href":"https:\/\/sites.dundee.ac.uk\/asiciliaaguilar\/wp-json\/wp\/v2\/types\/page"}],"author":[{"embeddable":true,"href":"https:\/\/sites.dundee.ac.uk\/asiciliaaguilar\/wp-json\/wp\/v2\/users\/1"}],"replies":[{"embeddable":true,"href":"https:\/\/sites.dundee.ac.uk\/asiciliaaguilar\/wp-json\/wp\/v2\/comments?post=48"}],"version-history":[{"count":5,"href":"https:\/\/sites.dundee.ac.uk\/asiciliaaguilar\/wp-json\/wp\/v2\/pages\/48\/revisions"}],"predecessor-version":[{"id":247,"href":"https:\/\/sites.dundee.ac.uk\/asiciliaaguilar\/wp-json\/wp\/v2\/pages\/48\/revisions\/247"}],"wp:attachment":[{"href":"https:\/\/sites.dundee.ac.uk\/asiciliaaguilar\/wp-json\/wp\/v2\/media?parent=48"}],"curies":[{"name":"wp","href":"https:\/\/api.w.org\/{rel}","templated":true}]}}