{"id":98,"date":"2023-10-27T11:14:18","date_gmt":"2023-10-27T10:14:18","guid":{"rendered":"https:\/\/sites.dundee.ac.uk\/alessio-ciulli\/?page_id=98"},"modified":"2026-01-26T14:11:04","modified_gmt":"2026-01-26T14:11:04","slug":"protelysis-targeting-chimeric-molecules-protacs","status":"publish","type":"page","link":"https:\/\/sites.dundee.ac.uk\/alessio-ciulli\/research\/protelysis-targeting-chimeric-molecules-protacs\/","title":{"rendered":"PROTACs"},"content":{"rendered":"<div class=\"panel \">\n<h2>Background<\/h2>\n<p>Traditionally small molecules have been used to inhibit the action of a target protein by occupying and blocking a functional region of the protein. An alternative innovative approach is the development of proteolysis targeting chimeras (PROTACs), i.e. heterobifunctional compounds consisting of one moiety that binds a Cullin RING E3 ubiquitin ligase linked to another that binds a desired protein of interest (POI), bringing the ligase and the POI into close spatial proximity (Fig. 1). This hijacks the intrinsic catalytic activity of the E3 ligase from the natural and directs it toward the POI as a\u00a0<em>neo<\/em>-substrate, triggering its poly-ubiquitination and subsequent proteasome-dependent degradation (for a review of E3 ligase degron recognition, see Lucas &amp; Ciulli,\u00a0<em>Curr. Opin Struct. Biol.<\/em>\u00a02017).<\/p>\n<p>As a result, a PROTAC acts as a degrader of the target as opposed to just an inhibitor, enabling the effective post-translational elimination of a target gene product in living organisms. This approach presents many advantages compared to conventional target inhibition. One of the most attractive features of the approach is that a PROTAC molecule acts sub-stoichiometrically, i.e. it only needs to bind a molecule of target once to induce its degradation, and then is released and set free to bind another molecule of target and carry on, as in a catalytic cycle [1]. For this reason, the concentrations required for PROTACs to be active in cells tend to be much lower compared to those needed to be reached and maintained with inhibitors, which can lead to fewer off-target effects and a more selective chemical intervention on the desired target.<\/p>\n<h2>Research<\/h2>\n<p>After a decade of minor advances since its first conceptualization [2], recent discoveries from us and others [3,4] of low-molecular weight, high-affinity and selective ligands for E3 Cullin RING ligases with crystallographically defined binding modes have fully enabled the universal applicability of this approach [5]. In a recently published article [6], the Ciulli lab has shown that the Bromo- and Extra-terminal (BET) pan-selective inhibitor JQ1 could be transformed into a PROTAC compound that unexpectedly led to effective and preferential removal of a single member of the protein family, Brd4, leaving the homologous BET members Brd2 and Brd3 untouched. This was achieved by conjugating JQ1 to a potent ligand for the VHL E3 ligase that we had previously discovered [3], via a PEG linker, resulting in PROTAC compound MZ1 (Fig. 2). MZ1 is active at a sufficiently low concentration not to induce stabilization and transcriptional activation of HIF-\u03b1, the natural substrate of VHL. Brd4 selectivity was consistently observed in all the cell lines and with all the compounds tested [6]. In contrast, tethering the same pan-BET inhibitor to a ligand for a different E3 ligase, cereblon, led to pan-selective degradation of all BET proteins [7,8]. BET targeting PROTACs show pronounced and long-lasting anti-proliferative effect against leukemia cells.<\/p>\n<p>Our discovery of MZ1 enables Brd4-specific responses in cancer cells to be properly assessed, which will have a major impact in the field of epigenetic gene regulation and cancer. More generally, it shows for the first time that non-selective or promiscuous inhibitors can be turned in to exquisitely selective degraders, with negligible off-target effects and improved therapeutic potential. Building on from these observations, we have recently solved a breakthrough first crystal structure of MZ1 bound to both its target Brd4 and E3 ligase VHL [9]. Our structure shows how MZ1 folds into itself, allowing Brd4 and VHL to make extensive contact with each other. Further computational and biophysical studies in solution contributed to establish the mechanistic and structural basis for PROTAC selectivity, shining unprecedented new light into how PROTACs work. Guided by the crystal structure, new degrader AT1 showing improved selectivity for Brd4 degradation was discovered [9].<\/p>\n<p>The lab is interested in assessing broad applicabilities of selective target degradation being applied to other target classes. We are also actively engaged with pharmaceutical partners to explore the exciting therapeutic opportunities provided by PROTACs.<\/p>\n<ol>\n<li>Bondeson et al. <em>Nat Chem Biol<\/em>\u00a011, 611-617 (<strong>2015<\/strong>).<\/li>\n<li>Sakamoto, K. M. et al. <em>P Natl Acad Sci Usa<\/em>\u00a098, 8554\u20138559 (<strong>2001<\/strong>).<\/li>\n<li>Galdeano, C. et al. <em>J Med Chem<\/em>\u00a057, 8657\u20138663 (<strong>2014<\/strong>); Van Molle I. et al.,\u00a0<em>Chem Biol<\/em>\u00a019, 1300\u201312 (<strong>2012<\/strong>); Buckley D. L. et al.\u00a0<em>Angew Chem Intl Ed<\/em>\u00a051, 11463-11467 (<strong>2012<\/strong>);\u00a0Buckley D. L. et al.,\u00a0<em>J Am Chem Soc<\/em>\u00a0134, 4465\u201368 (<strong>2012<\/strong>).<\/li>\n<li>Fischer, E. S. et al. <em>Nature<\/em>\u00a0512, 49\u201353 (<strong>2014<\/strong>).; Chamberlain, P. P. et al.\u00a0<em>Nat Struct Mol Biol<\/em>\u00a021, 803\u2013809 (<strong>2014<\/strong>).<\/li>\n<li>Deshaies, R. J. <em>Nat Chem Biol<\/em>\u00a011, 634\u2013635 (<strong>2015<\/strong>).<\/li>\n<li>Zengerle, M., Chan, K.-H. &amp; Ciulli, A. <em>ACS Chem Biol<\/em>\u00a010, 1770\u20131777 (<strong>2015<\/strong>).<\/li>\n<li>Winter, G. E. et al. <em>Science<\/em>\u00a0348, 1376\u20131381 (<strong>2015<\/strong>).<\/li>\n<li>Lu, J. et al. <em>Chem Biol<\/em>\u00a022, 755\u2013763 (<strong>2015<\/strong>).<\/li>\n<li>Gadd, M.S. et al. <em>Nat Chem Biol<\/em>\u00a0(<strong>2017<\/strong>), Article ASAP<\/li>\n<\/ol>\n<figure class=\"wp-block-image size-large\"><source class=\"lazyload\" srcset=\"https:\/\/sites.dundee.ac.uk\/wp-content\/uploads\/sites\/233\/2023\/10\/fig1-schematic-protac.webp\" alt=\"Figure 1. Schematic of the PROTAC approach.\" type=\"image\/webp\"><source class=\"lazyload\" srcset=\"https:\/\/sites.dundee.ac.uk\/wp-content\/uploads\/sites\/233\/2023\/10\/fig1-schematic-protac.jpg\" alt=\"Figure 1. Schematic of the PROTAC approach.\" type=\"image\/jpeg\"><img decoding=\"async\" src=\"https:\/\/sites.dundee.ac.uk\/wp-content\/uploads\/sites\/233\/2023\/10\/fig1-schematic-protac.jpg\" alt=\"Figure 1. Schematic of the PROTAC approach.\"><br \/>\n  <\/source><\/source><\/figure>\n<p class=\"media__annotation \">Figure 1. Schematic of the PROTAC approach.  A PROTAC is a heterobifunctional molecule comprising of an E3 ligase ligand (red square) joined to a ligand for a protein of interest (POI, black triangle) via a linker unit (blue bar). PROTACs bring the E3 ligase (light blue) and the POI (orange circle) in close proximity with each other, triggering multiple transfer of ubiquitin (green circle) to the target, which ultimately leads to the proteasomal degradation of the POI inside a cell.<\/p>\n<figure class=\"wp-block-image size-large\"><source class=\"lazyload\" srcset=\"https:\/\/sites.dundee.ac.uk\/wp-content\/uploads\/sites\/233\/2023\/10\/fig2_protac-compound.webp\" alt=\"PROTAC compound MZ1 is a selective Brd4 degrader\" type=\"image\/webp\"><source class=\"lazyload\" srcset=\"https:\/\/sites.dundee.ac.uk\/wp-content\/uploads\/sites\/233\/2023\/10\/fig2_protac-compound.jpg\" alt=\"PROTAC compound MZ1 is a selective Brd4 degrader\" type=\"image\/jpeg\"><img decoding=\"async\" src=\"https:\/\/sites.dundee.ac.uk\/wp-content\/uploads\/sites\/233\/2023\/10\/fig2_protac-compound.jpg\" alt=\"PROTAC compound MZ1 is a selective Brd4 degrader\"><br \/>\n  <\/source><\/source><\/figure>\n<p class=\"media__annotation \">Figure 2. PROTAC compound MZ1 is a selective Brd4 degrader.  MZ1 is obtained by conjugating BET inhibitor JQ1 (black) to a potent VHL ligand (red) using a short PEG linker (blue). Although JQ1 is a pan-selective inhibitor of all BET proteins Brd2, Brd3 and Brd4, MZ1 preferentially induces degradation of Brd4 alone.<\/p>\n<h3>Selected references: Research Articles<\/h3>\n<p>14. Imaide, Satomi; Riching, Kristin M.; Vetma, Vesna; Whitworth, Claire; Hughes, Scott J.; Trainor, Nicole; Mahan, Sarah D.; Murphy, Nancy; Chan, Kwok-Ho; Testa, Andrea; Maniaci, Chiara; Urh, Marjeta; Daniels, Danette L.*; Ciulli, Alessio*<br \/>\nTrivalent PROTACs Enhance Protein Degradation Through Cooperativity and Avidity<br \/>\nChemRxiv. Preprint posted on 12 Nov 2020. DOI:\u00a0<a href=\"https:\/\/doi.org\/10.26434\/chemrxiv.13218695.v1\">10.26434\/chemrxiv.13218695.v1<\/a><\/p>\n<p>13. Klein, V.G., Townsend, C.E., Testa, A., Zengerle, M., Maniaci, C., Hughes, S.J., Chan, K.-H., Ciulli, A., Lokey, R.S.<br \/>\nUnderstanding and improving the membrane permeability of VH032-based PROTACs<br \/>\n<a href=\"https:\/\/doi.org\/10.1021\/acsmedchemlett.0c00265\"><em>ACS Med. Chem. Lett.<\/em>\u00a0<strong>2020<\/strong>,\u00a0<em>11 (9)<\/em>, 1732-1738<\/a><\/p>\n<p>12. Testa, A., Hughes, S.J.,\u00a0 Lucas, X., Wright, J.E., Ciulli, A.*<br \/>\nStructure-Based Design of a Macrocyclic PROTAC<br \/>\n<a href=\"https:\/\/doi.org\/10.1002\/anie.201914396\"><em>Angew. Chem. Int. Ed.<\/em>\u00a0<strong>2020<\/strong>,\u00a0<em>59 (4)<\/em>, 1727-1734<\/a><\/p>\n<p>11. Tovell, H., Testa, A., Zhou, H., Shpiro, N., Crafter, C., Ciulli, A.*, Alessi, D.R.*<br \/>\nDesign and characterization of SGK3-PROTAC1, an isoform specific SGK3 kinase PROTAC degrader<br \/>\n<a href=\"https:\/\/doi.org\/10.1021\/acschembio.9b00505\"><em>ACS Chem. Biol.<\/em>\u00a0<strong>2019<\/strong>,\u00a0<em>14 (9)<\/em>, 2024-2034<\/a><\/p>\n<p>10. Farnaby W, Koegl M, Roy MJ, Whitworth C, Diers E, Trainor N, Zollman D, Steurer S, Karolyi-Oezguer J, Riedmueller C, Gmaschitz T, Wachter J, Dank C, Galant M, Sharps B, Rumpel K, Traxler E, Gerstberger T, Schnitzer R, Petermann O, Greb P, Weinstabl H, Bader G, Zoephel A, Weiss-Puxbaum A, Ehrenh\u00f6fer-W\u00f6lfer K, W\u00f6hrle S, Boehmelt G, Rinnenthal J, Arnhof H, Wiechens N, Wu MY, Owen-Hughes T, Ettmayer P, Pearson M, McConnell DB*, Ciulli A.*<br \/>\nBAF complex vulnerabilities in cancer demonstrated via structure-based PROTAC design<br \/>\n<a href=\"http:\/\/dx.doi.org\/10.1038\/s41589-019-0294-6\"><em>Nat. Chem. Biol.<\/em>\u00a0<strong>2019<\/strong>,\u00a0<em>15 (7)<\/em>, 672-680<\/a><\/p>\n<p>9. Tovell, H., Testa, A., Maniaci, C., Zhou, H., Prescott, A.R., Macartney, T., Ciulli, A.*, Alessi, D.R.*<br \/>\nRapid and reversible knockdown of endogenously tagged endosomal proteins via an optimized HaloPROTAC degrader<br \/>\n<a href=\"https:\/\/doi.org\/10.1021\/acschembio.8b01016\"><em>ACS Chem. Biol.<\/em>\u00a0<strong>2019<\/strong>,\u00a0<em>14 (5)<\/em>, 882-892<\/a><\/p>\n<p>8. Girardini, M., Maniaci, C., Hughes, S.J., Testa, A., Ciulli, A.*<br \/>\nCereblon vs VHL: Hijacking E3 Ligases Against Each Other Using PROTACs<br \/>\n<a href=\"https:\/\/doi.org\/10.1016\/j.bmc.2019.02.048\"><em>Bioorg. Med. Chem.<\/em>\u00a0<strong>2019<\/strong>,\u00a0<em>27 (12)<\/em>, 2466-2479<\/a><\/p>\n<p>7. Roy, M.J., Winkler, S., Hughes, S.J., Whitworth, C., Galant, M., Farnaby, W., Rumpel, K., Ciulli, A.*<br \/>\nSPR-measured dissociation kinetics of PROTAC ternary complexes influence target degradation rate<br \/>\n<a href=\"http:\/\/dx.doi.org\/10.1021\/acschembio.9b00092\"><em>ACS Chem. Biol.<\/em>\u00a0<strong>2019<\/strong>,\u00a0<em>14 (3)<\/em>, 361-368<\/a><\/p>\n<p>6. Zoppi, V., Hughes, S.J., Maniaci, C., Testa, A., Gmaschitz, T., Wieshofer, C., Koegl, M., Riching, K., Daniels, D.L., Spallarossa, A., and Ciulli, A.*<br \/>\nIterative design and optimization of initially inactive Proteolysis Targeting Chimeras (PROTACs) identify VZ185 as a potent, fast and selective von Hippel-Lindau (VHL)-based dual degrader probe of BRD9 and BRD7<br \/>\n<a href=\"http:\/\/pubs.acs.org\/doi\/10.1021\/acs.jmedchem.8b01413\"><em>J. Med. Chem.<\/em>\u00a0<strong>2019<\/strong>,\u00a0<em>62 (2)<\/em>, 699-726<\/a><\/p>\n<p>5. Testa, A., Lucas, X., Castro, G.V., Chan, K.-H., Wright, J.E., Runcie, A.C., Gadd, M.S., Harrison, W.T.A., Ko, E.-J., Fletcher, D., Ciulli, A.*<br \/>\n3-Fluoro-4-hydroxyprolines: Synthesis, conformational analysis and stereoselective recognition by the VHL E3 ubiquitin ligase for targeted protein degradation<br \/>\n<a href=\"http:\/\/dx.doi.org\/10.1021\/jacs.8b05807\"><em>J. Am. Chem. Soc.<\/em>\u00a0<strong>2018<\/strong>,\u00a0<em>140 (29)<\/em>, 9299-9313<\/a><\/p>\n<p>4. Chan, K.-H., Zengerle, M., Testa, A., Ciulli, A.*<br \/>\nImpact of Target Warhead and Linkage Vector on Inducing Protein Degradation: Comparison of Bromodomain and Extra-Terminal (BET) Degraders Derived from Triazolodiazepine (JQ1) and Tetrahydroquinoline (I-BET726) BET Inhibitor Scaffolds<br \/>\n<a href=\"http:\/\/dx.doi.org\/10.1021\/acs.jmedchem.6b01912\"><em>J. Med. Chem.<\/em>\u00a0<strong>2018<\/strong>,\u00a0<em>61 (2)<\/em>, 504-513<\/a><\/p>\n<p>3. Maniaci, C., Hughes, S.J., Testa, A., Chen, W., Lamont, D.J., Rocha, S., Alessi, D.R., Romeo, R., Ciulli, A.*<br \/>\nHomo-PROTACs: bivalent small-molecule dimerizers of the VHL E3 ubiquitin ligase to induce self-degradation<br \/>\n<a href=\"http:\/\/dx.doi.org\/10.1038\/s41467-017-00954-1\"><em>Nat. Commun.<\/em>\u00a0<strong>2017<\/strong>,\u00a0<em>8<\/em>, 830<\/a><\/p>\n<p>2. Gadd M.S., Testa A., Lucas X., Chan K.-H., Chen W., Lamont D.J., Zengerle M., Ciulli A.*<br \/>\nStructural basis of PROTAC cooperative recognition for selective protein degradation<br \/>\n<a href=\"http:\/\/dx.doi.org\/10.1038\/nchembio.2329\"><em>Nat. Chem. Biol.<\/em>\u00a0<strong>2017<\/strong>,\u00a0<em>13 (5)<\/em>, 514-521<\/a><\/p>\n<p>1. Zengerle M., Chan K.-H., Ciulli A.*<br \/>\nSelective small molecules induced degradation of the BET bromodomain protein BRD4.<br \/>\n<a href=\"http:\/\/pubs.acs.org\/doi\/abs\/10.1021\/acschembio.5b00216\"><em>ACS Chem Biol.\u00a0<\/em><strong>2015<\/strong><em>, 10(8),\u00a0<\/em>1770-1777<\/a><\/p>\n<p>\u00a0<\/p>\n<h3>Selected references: Reviews<\/h3>\n<p>5. Ishida, T., Ciulli, A.*<br \/>\nE3 Ligase Ligands for PROTACs: How They Were Found and How to Discover New Ones<br \/>\n<em>SLAS Discovery<\/em>, First Published November 3,\u00a0<strong>2020<\/strong>\u00a0DOI:\u00a0<a href=\"http:\/\/https\/doi.org\/10.1177\/2472555220965528\">10.1177\/2472555220965528<\/a>\u00a0(Review Article)<\/p>\n<p>4. Zollman, D., Ciulli, A.*<br \/>\nStructural and Biophysical Principles of Degrader Ternary Complexes, in: \u2018Protein Degradation with New Chemical Modalities: Successful Strategies in Drug Discovery and Chemical Biology\u2019.<br \/>\nH. Weinmann and C. Crews, Ed., Royal Society of Chemistry, Cambridge, UK,\u00a0<strong>2020<\/strong>, pp. 14\u201354.<br \/>\nISBN: 978-1-78801-686-5. DOI:\u00a0<a href=\"http:\/\/dx.doi.org\/10.1039\/9781839160691-00014\">10.1039\/9781839160691-00014<\/a><\/p>\n<div>\n<p>3. Ciulli, A.*, Farnaby, W.*<br \/>\nProtein degradation for drug discovery. [Editorial]<br \/>\n<a href=\"http:\/\/dx.doi.org\/10.1016\/j.ddtec.2019.04.002\"><em>Drug Discov. Today Technol.<\/em>\u00a0<strong>2019<\/strong>\u00a0Apr 31: 1-3<\/a><\/p>\n<p>2. Maniaci, C., Ciulli, A.*<br \/>\nBifunctional chemical probes inducing protein-protein interactions<br \/>\n<a href=\"https:\/\/doi.org\/10.1016\/j.cbpa.2019.07.003\"><em>Curr. Opin. Chem. Biol.<\/em>\u00a0<strong>2019<\/strong>,\u00a0<em>52<\/em>, 145-156<\/a><\/p>\n<div>\n<p>1. Hughes, S.J., Ciulli, A.*<br \/>\nMolecular recognition of ternary complexes: a new dimension in the structure-guided design of chemical degraders<br \/>\n<a href=\"https:\/\/doi.org\/10.1042\/EBC20170041\"><em>Essays in Biochem.<\/em>\u00a0<strong>2017<\/strong>,\u00a0<em>61<\/em>, 505-516<\/a><\/p>\n<div>\n<p>\u00a0<\/p>\n<\/div>\n<\/div>\n<\/div><\/div>\n","protected":false},"excerpt":{"rendered":"<p>Background Traditionally small molecules have been used to inhibit the action of a target protein by occupying and blocking a functional region of the protein. An alternative innovative approach is the development of proteolysis targeting chimeras (PROTACs), i.e. heterobifunctional compounds consisting of one moiety that binds a Cullin RING E3 ubiquitin ligase linked to another [&hellip;]<\/p>\n","protected":false},"author":1,"featured_media":0,"parent":92,"menu_order":0,"comment_status":"closed","ping_status":"closed","template":"","meta":{"footnotes":""},"class_list":["post-98","page","type-page","status-publish","hentry"],"blocksy_meta":[],"_links":{"self":[{"href":"https:\/\/sites.dundee.ac.uk\/alessio-ciulli\/wp-json\/wp\/v2\/pages\/98","targetHints":{"allow":["GET"]}}],"collection":[{"href":"https:\/\/sites.dundee.ac.uk\/alessio-ciulli\/wp-json\/wp\/v2\/pages"}],"about":[{"href":"https:\/\/sites.dundee.ac.uk\/alessio-ciulli\/wp-json\/wp\/v2\/types\/page"}],"author":[{"embeddable":true,"href":"https:\/\/sites.dundee.ac.uk\/alessio-ciulli\/wp-json\/wp\/v2\/users\/1"}],"replies":[{"embeddable":true,"href":"https:\/\/sites.dundee.ac.uk\/alessio-ciulli\/wp-json\/wp\/v2\/comments?post=98"}],"version-history":[{"count":2,"href":"https:\/\/sites.dundee.ac.uk\/alessio-ciulli\/wp-json\/wp\/v2\/pages\/98\/revisions"}],"predecessor-version":[{"id":4400,"href":"https:\/\/sites.dundee.ac.uk\/alessio-ciulli\/wp-json\/wp\/v2\/pages\/98\/revisions\/4400"}],"up":[{"embeddable":true,"href":"https:\/\/sites.dundee.ac.uk\/alessio-ciulli\/wp-json\/wp\/v2\/pages\/92"}],"wp:attachment":[{"href":"https:\/\/sites.dundee.ac.uk\/alessio-ciulli\/wp-json\/wp\/v2\/media?parent=98"}],"curies":[{"name":"wp","href":"https:\/\/api.w.org\/{rel}","templated":true}]}}