{"id":5189,"date":"2026-04-29T16:47:34","date_gmt":"2026-04-29T15:47:34","guid":{"rendered":"https:\/\/sites.dundee.ac.uk\/alessio-ciulli\/?page_id=5189"},"modified":"2026-04-29T16:53:51","modified_gmt":"2026-04-29T15:53:51","slug":"miguel-torres-ramos","status":"publish","type":"page","link":"https:\/\/sites.dundee.ac.uk\/alessio-ciulli\/miguel-torres-ramos\/","title":{"rendered":"Miguel Torres Ramos"},"content":{"rendered":"\n<figure class=\"wp-block-image size-full is-resized\"><img loading=\"lazy\" decoding=\"async\" width=\"550\" height=\"734\" src=\"https:\/\/sites.dundee.ac.uk\/alessio-ciulli\/wp-content\/uploads\/sites\/233\/2026\/04\/Miguel-Torres-Ramos.png\" alt=\"\" class=\"wp-image-5190\" style=\"width:230px\" srcset=\"https:\/\/sites.dundee.ac.uk\/alessio-ciulli\/wp-content\/uploads\/sites\/233\/2026\/04\/Miguel-Torres-Ramos.png 550w, https:\/\/sites.dundee.ac.uk\/alessio-ciulli\/wp-content\/uploads\/sites\/233\/2026\/04\/Miguel-Torres-Ramos-225x300.png 225w\" sizes=\"auto, (max-width: 550px) 100vw, 550px\" \/><\/figure>\n\n\n<h2>Degree<\/h2>\n<p>BSc in Biochemistry (2021), University of C\u00f3rdoba<br \/>MSc in Translational Biomedical Research (2022), University of C\u00f3rdoba<br \/>Currently: 4th year PhD student, University of C\u00f3rdoba<\/p>\n<h2 class=\"wp-block-heading\">Staff email<\/h2>\n<p><!-- \/wp:post-content --><\/p>\n<p><!-- wp:paragraph --><\/p>\n<p><a href=\"mailto:2757132@dundee.ac.uk\">2757132@dundee.ac.uk<\/a><\/p>\n<p><!-- \/wp:paragraph --><\/p>\n<p><!-- wp:heading --><\/p>\n<h2 class=\"wp-block-heading\">Profile<\/h2>\n<p><!-- \/wp:heading --><\/p>\n<p><!-- wp:paragraph --><\/p>\n<p>April-June 2026, Visiting PhD student (University of C\u00f3rdoba, Spain)<\/p>\n<p>Miguel Torres Ramos is originally from C\u00f3rdoba, a city in southern Spain. He obtained his Bachelor\u2019s degree in Biochemistry from the University of C\u00f3rdoba (2021) and completed a Master\u2019s degree in Translational Biomedical Research at the same university (2022). He is currently pursuing his PhD in the Biomedicine program at the University of C\u00f3rdoba, supported by a competitive FPU fellowship from the Spanish Ministry of Science, Innovation and Universities. His research, carried out in the laboratory of Professor Marco Antonio Calzado, focuses on identifying new substrates of the protein kinase DYRK2 involved in the regulation of cell proliferation and the cell cycle. In his free time, he enjoys running, socializing with friends, and watching sports.<\/p>\n<p><!-- \/wp:paragraph --><\/p>\n<p><!-- wp:paragraph --><\/p>\n<p><!-- \/wp:paragraph --><\/p>","protected":false},"excerpt":{"rendered":"<p>Degree BSc in Biochemistry (2021), University of C\u00f3rdobaMSc in Translational Biomedical Research (2022), University of C\u00f3rdobaCurrently: 4th year PhD student, University of C\u00f3rdoba Staff email 2757132@dundee.ac.uk Profile April-June 2026, Visiting PhD student (University of C\u00f3rdoba, Spain) Miguel Torres Ramos is originally from C\u00f3rdoba, a city in southern Spain. He obtained his Bachelor\u2019s degree in Biochemistry [&hellip;]<\/p>\n","protected":false},"author":901,"featured_media":0,"parent":0,"menu_order":0,"comment_status":"closed","ping_status":"closed","template":"","meta":{"footnotes":""},"class_list":["post-5189","page","type-page","status-publish","hentry"],"blocksy_meta":[],"_links":{"self":[{"href":"https:\/\/sites.dundee.ac.uk\/alessio-ciulli\/wp-json\/wp\/v2\/pages\/5189","targetHints":{"allow":["GET"]}}],"collection":[{"href":"https:\/\/sites.dundee.ac.uk\/alessio-ciulli\/wp-json\/wp\/v2\/pages"}],"about":[{"href":"https:\/\/sites.dundee.ac.uk\/alessio-ciulli\/wp-json\/wp\/v2\/types\/page"}],"author":[{"embeddable":true,"href":"https:\/\/sites.dundee.ac.uk\/alessio-ciulli\/wp-json\/wp\/v2\/users\/901"}],"replies":[{"embeddable":true,"href":"https:\/\/sites.dundee.ac.uk\/alessio-ciulli\/wp-json\/wp\/v2\/comments?post=5189"}],"version-history":[{"count":4,"href":"https:\/\/sites.dundee.ac.uk\/alessio-ciulli\/wp-json\/wp\/v2\/pages\/5189\/revisions"}],"predecessor-version":[{"id":5198,"href":"https:\/\/sites.dundee.ac.uk\/alessio-ciulli\/wp-json\/wp\/v2\/pages\/5189\/revisions\/5198"}],"wp:attachment":[{"href":"https:\/\/sites.dundee.ac.uk\/alessio-ciulli\/wp-json\/wp\/v2\/media?parent=5189"}],"curies":[{"name":"wp","href":"https:\/\/api.w.org\/{rel}","templated":true}]}}