{"id":5178,"date":"2026-04-29T14:16:26","date_gmt":"2026-04-29T13:16:26","guid":{"rendered":"https:\/\/sites.dundee.ac.uk\/alessio-ciulli\/?page_id=5178"},"modified":"2026-04-29T14:16:26","modified_gmt":"2026-04-29T13:16:26","slug":"ivan-rodriguez-pampin","status":"publish","type":"page","link":"https:\/\/sites.dundee.ac.uk\/alessio-ciulli\/ivan-rodriguez-pampin\/","title":{"rendered":"Iv\u00e1n Rodr\u00edguez Pamp\u00edn"},"content":{"rendered":"\n<figure class=\"wp-block-image size-large is-resized\"><img loading=\"lazy\" decoding=\"async\" width=\"768\" height=\"1024\" src=\"https:\/\/sites.dundee.ac.uk\/alessio-ciulli\/wp-content\/uploads\/sites\/233\/2026\/04\/Ivan_Rodriguez_Pampin-768x1024.jpeg\" alt=\"\" class=\"wp-image-5180\" style=\"object-fit:cover;width:302px;height:400px\" srcset=\"https:\/\/sites.dundee.ac.uk\/alessio-ciulli\/wp-content\/uploads\/sites\/233\/2026\/04\/Ivan_Rodriguez_Pampin-768x1024.jpeg 768w, https:\/\/sites.dundee.ac.uk\/alessio-ciulli\/wp-content\/uploads\/sites\/233\/2026\/04\/Ivan_Rodriguez_Pampin-225x300.jpeg 225w, https:\/\/sites.dundee.ac.uk\/alessio-ciulli\/wp-content\/uploads\/sites\/233\/2026\/04\/Ivan_Rodriguez_Pampin-1152x1536.jpeg 1152w, https:\/\/sites.dundee.ac.uk\/alessio-ciulli\/wp-content\/uploads\/sites\/233\/2026\/04\/Ivan_Rodriguez_Pampin-1536x2048.jpeg 1536w, https:\/\/sites.dundee.ac.uk\/alessio-ciulli\/wp-content\/uploads\/sites\/233\/2026\/04\/Ivan_Rodriguez_Pampin-scaled.jpeg 1920w\" sizes=\"auto, (max-width: 768px) 100vw, 768px\" \/><\/figure>\n\n\n\n<h2 class=\"wp-block-heading\">Degree(s)<\/h2>\n\n\n\n<p>BSc in Pharmacy (2023), University of Santiago de Compostela \u00a0<\/p>\n\n\n\n<h2 class=\"wp-block-heading\">Staff email<\/h2>\n\n\n\n<p><a href=\"mailto:2751245@dundee.ac.uk\">2751245@dundee.ac.uk<\/a><\/p>\n\n\n\n<h2 class=\"wp-block-heading\">Profile<\/h2>\n\n\n\n<p>Iv\u00e1n graduated with a degree in Pharmacy from the University of Santiago de Compostela in 2023. He is currently a PhD student in the group of Prof. Eddy Sotelo, working on the development of small molecules for cancer immunotherapy. He is supported by a Xunta de Galicia fellowship (2024). As a visiting PhD student at the University of Dundee, he is expanding his expertise in targeted protein degradation, contributing to collaborative efforts in this area. Outside of the lab, he enjoys reading and running.<\/p>\n","protected":false},"excerpt":{"rendered":"<p>Degree(s) BSc in Pharmacy (2023), University of Santiago de Compostela \u00a0 Staff email 2751245@dundee.ac.uk Profile Iv\u00e1n graduated with a degree in Pharmacy from the University of Santiago de Compostela in 2023. He is currently a PhD student in the group of Prof. Eddy Sotelo, working on the development of small molecules for cancer immunotherapy. He [&hellip;]<\/p>\n","protected":false},"author":901,"featured_media":0,"parent":0,"menu_order":0,"comment_status":"closed","ping_status":"closed","template":"","meta":{"footnotes":""},"class_list":["post-5178","page","type-page","status-publish","hentry"],"blocksy_meta":[],"_links":{"self":[{"href":"https:\/\/sites.dundee.ac.uk\/alessio-ciulli\/wp-json\/wp\/v2\/pages\/5178","targetHints":{"allow":["GET"]}}],"collection":[{"href":"https:\/\/sites.dundee.ac.uk\/alessio-ciulli\/wp-json\/wp\/v2\/pages"}],"about":[{"href":"https:\/\/sites.dundee.ac.uk\/alessio-ciulli\/wp-json\/wp\/v2\/types\/page"}],"author":[{"embeddable":true,"href":"https:\/\/sites.dundee.ac.uk\/alessio-ciulli\/wp-json\/wp\/v2\/users\/901"}],"replies":[{"embeddable":true,"href":"https:\/\/sites.dundee.ac.uk\/alessio-ciulli\/wp-json\/wp\/v2\/comments?post=5178"}],"version-history":[{"count":1,"href":"https:\/\/sites.dundee.ac.uk\/alessio-ciulli\/wp-json\/wp\/v2\/pages\/5178\/revisions"}],"predecessor-version":[{"id":5181,"href":"https:\/\/sites.dundee.ac.uk\/alessio-ciulli\/wp-json\/wp\/v2\/pages\/5178\/revisions\/5181"}],"wp:attachment":[{"href":"https:\/\/sites.dundee.ac.uk\/alessio-ciulli\/wp-json\/wp\/v2\/media?parent=5178"}],"curies":[{"name":"wp","href":"https:\/\/api.w.org\/{rel}","templated":true}]}}