{"id":3626,"date":"2024-10-25T10:49:03","date_gmt":"2024-10-25T09:49:03","guid":{"rendered":"https:\/\/sites.dundee.ac.uk\/alessio-ciulli\/?page_id=3626"},"modified":"2026-01-26T14:33:47","modified_gmt":"2026-01-26T14:33:47","slug":"lianne-wieske","status":"publish","type":"page","link":"https:\/\/sites.dundee.ac.uk\/alessio-ciulli\/group\/lianne-wieske\/","title":{"rendered":"Lianne Wieske"},"content":{"rendered":"<div class=\"panel \">\n<figure class=\"wp-block-image size-large\"><source class=\"lazyload\" srcset=\"https:\/\/sites.dundee.ac.uk\/wp-content\/uploads\/sites\/233\/2024\/10\/Lianne_Wieske-e1729849259325.webp\" alt=\"\" type=\"image\/webp\"><source class=\"lazyload\" srcset=\"https:\/\/sites.dundee.ac.uk\/wp-content\/uploads\/sites\/233\/2024\/10\/Lianne_Wieske-e1729849259325.jpg\" alt=\"\" type=\"image\/jpeg\"><img decoding=\"async\" src=\"https:\/\/sites.dundee.ac.uk\/wp-content\/uploads\/sites\/233\/2024\/10\/Lianne_Wieske-e1729849259325.jpg\" alt=\"\"><br \/>\n  <\/source><\/source><\/figure>\n<h2>Degree<\/h2>\n<p>BSc in Chemistry, University of Groningen (2016)<br \/>\nMSc in Chemical Biology, Uppsala University (2018)<br \/>\nPhD in Organic Chemistry, Uppsala University (2023)<\/p>\n<h2>Staff email<\/h2>\n<p><a href=\"mailto:lwieske001@dundee.ac.uk\">lwieske001@dundee.ac.uk<\/a><\/p>\n<h2>Profile<\/h2>\n<p>Lianne is from the Netherlands, where she obtained a bachelor\u2019s degree in chemistry at the University of Groningen. After her time in Groningen, she moved to Sweden to study chemical biology at Uppsala University. In the summer of 2023, she obtained her PhD from Uppsala University under supervision of Professor M\u00e1t\u00e9 Erd\u00e9lyi where she employed liquid-state NMR spectroscopy to answer a diverse set of research questions. Throughout her master\u2019s and PhD, she has been involved in a collaboration with Professor Jan Kihlberg, studying the molecular chameleonicity of beyond rule of five drugs. Towards the end of her PhD, she visited the lab of Professor Tamir Gonen to further investigate macrocyclic drugs by microcrystal electron diffraction (MicroED). After obtaining her PhD she moved to M\u00fclheim an der Ruhr in the summer of 2023 for a postdoctoral training with Dr. Christophe Far\u00e8s at the Max-Planck-Institute. Here she further strengthened her small-molecule NMR skills focusing on anisotropic NMR. In October 2024 Lianne joined the Ciulli group as a postdoctoral scientist, for which she received financial support from the Swedish Research Council and the IF Foundation for Pharmaceutical Research. During her time at the Centre for Targeted Protein Degradation, she will be looking at weak intrinsic interactions using a combination of structural biology methods.<\/p>\n<\/p><\/div>\n","protected":false},"excerpt":{"rendered":"<p>Degree BSc in Chemistry, University of Groningen (2016) MSc in Chemical Biology, Uppsala University (2018) PhD in Organic Chemistry, Uppsala University (2023) Staff email lwieske001@dundee.ac.uk Profile Lianne is from the Netherlands, where she obtained a bachelor\u2019s degree in chemistry at the University of Groningen. After her time in Groningen, she moved to Sweden to study [&hellip;]<\/p>\n","protected":false},"author":789,"featured_media":0,"parent":188,"menu_order":0,"comment_status":"closed","ping_status":"closed","template":"","meta":{"footnotes":""},"class_list":["post-3626","page","type-page","status-publish","hentry"],"blocksy_meta":[],"_links":{"self":[{"href":"https:\/\/sites.dundee.ac.uk\/alessio-ciulli\/wp-json\/wp\/v2\/pages\/3626","targetHints":{"allow":["GET"]}}],"collection":[{"href":"https:\/\/sites.dundee.ac.uk\/alessio-ciulli\/wp-json\/wp\/v2\/pages"}],"about":[{"href":"https:\/\/sites.dundee.ac.uk\/alessio-ciulli\/wp-json\/wp\/v2\/types\/page"}],"author":[{"embeddable":true,"href":"https:\/\/sites.dundee.ac.uk\/alessio-ciulli\/wp-json\/wp\/v2\/users\/789"}],"replies":[{"embeddable":true,"href":"https:\/\/sites.dundee.ac.uk\/alessio-ciulli\/wp-json\/wp\/v2\/comments?post=3626"}],"version-history":[{"count":1,"href":"https:\/\/sites.dundee.ac.uk\/alessio-ciulli\/wp-json\/wp\/v2\/pages\/3626\/revisions"}],"predecessor-version":[{"id":4634,"href":"https:\/\/sites.dundee.ac.uk\/alessio-ciulli\/wp-json\/wp\/v2\/pages\/3626\/revisions\/4634"}],"up":[{"embeddable":true,"href":"https:\/\/sites.dundee.ac.uk\/alessio-ciulli\/wp-json\/wp\/v2\/pages\/188"}],"wp:attachment":[{"href":"https:\/\/sites.dundee.ac.uk\/alessio-ciulli\/wp-json\/wp\/v2\/media?parent=3626"}],"curies":[{"name":"wp","href":"https:\/\/api.w.org\/{rel}","templated":true}]}}