{"id":342,"date":"2023-10-31T13:45:54","date_gmt":"2023-10-31T13:45:54","guid":{"rendered":"https:\/\/sites.dundee.ac.uk\/alessio-ciulli\/?page_id=342"},"modified":"2026-01-26T14:13:48","modified_gmt":"2026-01-26T14:13:48","slug":"calum-mclaughlin","status":"publish","type":"page","link":"https:\/\/sites.dundee.ac.uk\/alessio-ciulli\/group\/calum-mclaughlin\/","title":{"rendered":"Calum McLaughlin"},"content":{"rendered":"<div class=\"panel \">\n<figure class=\"wp-block-image size-large\"><source class=\"lazyload\" srcset=\"https:\/\/sites.dundee.ac.uk\/wp-content\/uploads\/sites\/233\/2023\/10\/calum_mclaughlin.webp\" alt=\"Calum McLaughlin\" type=\"image\/webp\"><source class=\"lazyload\" srcset=\"https:\/\/sites.dundee.ac.uk\/wp-content\/uploads\/sites\/233\/2023\/10\/calum_mclaughlin.jpg\" alt=\"Calum McLaughlin\" type=\"image\/jpeg\"><img decoding=\"async\" src=\"https:\/\/sites.dundee.ac.uk\/wp-content\/uploads\/sites\/233\/2023\/10\/calum_mclaughlin.jpg\" alt=\"Calum McLaughlin\"><br \/>\n  <\/source><\/source><\/figure>\n<h2>Degree(s)<\/h2>\n<p>Master\u2019s in Chemistry (MChem, 1st Class honours), University of Strathclyde (2011-2016)<br \/>\nPhD in Chemistry, University of St Andrews (2016-2020)<\/p>\n<h2>Staff email<\/h2>\n<p><a href=\"mailto:CMclaughlin003@dundee.ac.uk\">CMclaughlin003@dundee.ac.uk<\/a><\/p>\n<h2>Profile<\/h2>\n<p>Calum is from Ayr (Scotland) and completed a Master\u2019s degree in Chemistry at the University of Strathclyde between 2011-2016, carrying out his Master\u2019s project with Dr Allan Watson. During this time, he undertook an industrial placement year in medicinal chemistry at GSK (Stevenage, UK) and summer research placements with Prof. Eva Hevia (Carnegie Trust scholarship, polar organometallic chemistry), Prof. William Kerr (Royal Society of Chemistry scholarship, total synthesis of natural products) and Dr Allan Watson (transition metal catalysis).<br \/>\nIn 2016, Calum moved to the University of St Andrews to pursue a PhD in the lab of Prof. Andrew D. Smith, researching enantioselective isothiourea organocatalysis (applications and mechanistic studies).<br \/>\nIn 2020, he was awarded an Alexander von Humboldt postdoctoral research fellowship to work in the group of Prof. Ryan Gilmour at the Westf\u00e4lische Wilhelms-Universit\u00e4t (WWU) M\u00fcnster in North Rhine Westphalia, Germany. His postdoctoral research primarily focused on the development of new synthetic methodologies in organic photochemistry (selective energy transfer catalysis, photoredox catalysis).<br \/>\nCalum moved to the University of Dundee in September 2022 to take up a postdoctoral research position in biological chemistry in the lab of Prof. Alessio Ciulli at the Centre for Targeted Protein Degradation. Outside of the lab, he enjoys playing sports (football, squash, golf), reading, and travelling.<\/p>\n<\/p><\/div>\n","protected":false},"excerpt":{"rendered":"<p>Degree(s) Master\u2019s in Chemistry (MChem, 1st Class honours), University of Strathclyde (2011-2016) PhD in Chemistry, University of St Andrews (2016-2020) Staff email CMclaughlin003@dundee.ac.uk Profile Calum is from Ayr (Scotland) and completed a Master\u2019s degree in Chemistry at the University of Strathclyde between 2011-2016, carrying out his Master\u2019s project with Dr Allan Watson. During this time, [&hellip;]<\/p>\n","protected":false},"author":1,"featured_media":0,"parent":188,"menu_order":0,"comment_status":"closed","ping_status":"closed","template":"","meta":{"footnotes":""},"class_list":["post-342","page","type-page","status-publish","hentry"],"blocksy_meta":[],"_links":{"self":[{"href":"https:\/\/sites.dundee.ac.uk\/alessio-ciulli\/wp-json\/wp\/v2\/pages\/342","targetHints":{"allow":["GET"]}}],"collection":[{"href":"https:\/\/sites.dundee.ac.uk\/alessio-ciulli\/wp-json\/wp\/v2\/pages"}],"about":[{"href":"https:\/\/sites.dundee.ac.uk\/alessio-ciulli\/wp-json\/wp\/v2\/types\/page"}],"author":[{"embeddable":true,"href":"https:\/\/sites.dundee.ac.uk\/alessio-ciulli\/wp-json\/wp\/v2\/users\/1"}],"replies":[{"embeddable":true,"href":"https:\/\/sites.dundee.ac.uk\/alessio-ciulli\/wp-json\/wp\/v2\/comments?post=342"}],"version-history":[{"count":1,"href":"https:\/\/sites.dundee.ac.uk\/alessio-ciulli\/wp-json\/wp\/v2\/pages\/342\/revisions"}],"predecessor-version":[{"id":4430,"href":"https:\/\/sites.dundee.ac.uk\/alessio-ciulli\/wp-json\/wp\/v2\/pages\/342\/revisions\/4430"}],"up":[{"embeddable":true,"href":"https:\/\/sites.dundee.ac.uk\/alessio-ciulli\/wp-json\/wp\/v2\/pages\/188"}],"wp:attachment":[{"href":"https:\/\/sites.dundee.ac.uk\/alessio-ciulli\/wp-json\/wp\/v2\/media?parent=342"}],"curies":[{"name":"wp","href":"https:\/\/api.w.org\/{rel}","templated":true}]}}